{"id":14923,"date":"2023-05-31T09:25:08","date_gmt":"2023-05-31T09:25:08","guid":{"rendered":"https:\/\/brevo.lt\/?post_type=product&#038;p=14923"},"modified":"2026-04-12T20:54:45","modified_gmt":"2026-04-12T20:54:45","slug":"balcony-awning-italia-balcony","status":"publish","type":"product","link":"https:\/\/brevo.lt\/en\/produktas\/balkonine-markize-italia-balcony\/","title":{"rendered":"Balcony awning Italia balcony"},"content":{"rendered":"<p>Italia Balcony is an awning designed especially for balconies, therefore this model is equipped with arms mounted to the railing. They are connected to the front bar of the awning with hooks and the tilt angle of the fabric is changed by adjusting the position of the arms. The tension of the fabric is set manually by regulating the amount of rolled fabric with a crank. Fabric fixed at an angle does not optically close the space. It provides protection from the sun not only on the balcony itself, but also of the adjacent room.<\/p>\n<p>The simple and light construction of the awning makes Italia Balcony a perfect solution for most balconies both in multi-family and single-family buildings. This awning is usually mounted in a balcony niche or to the ceiling so no additional cover in the form of a cassette is needed. As a result, the entire construction is lighter and it does not weight down the load- bearing structure.<\/p>","protected":false},"excerpt":{"rendered":"<p>&#8220;Italia Balcony&#8221; &#8211; tai markiz\u0117, specialiai sukurta balkonams, tod\u0117l \u0161iame modelyje yra prie tur\u0117kl\u0173 tvirtinami porankiai. Jos prie priekin\u0117s markiz\u0117s juostos jungiamos kabliukais, o audeklo pasvirimo kampas kei\u010diamas reguliuojant ranken\u0173 pad\u0117t\u012f. Audinio \u012ftempimas nustatomas rankiniu b\u016bdu, reguliuojant susukto audinio kiek\u012f ranken\u0117le. Kampu pritvirtintas audinys opti\u0161kai neu\u017edaro erdv\u0117s. Jis apsaugo nuo saul\u0117s ne tik pat\u012f balkon\u0105, [&hellip;]<\/p>\n","protected":false},"featured_media":20053,"comment_status":"open","ping_status":"closed","template":"","meta":{"_acf_changed":false,"_gspb_post_css":"","_kad_blocks_custom_css":"","_kad_blocks_head_custom_js":"","_kad_blocks_body_custom_js":"","_kad_blocks_footer_custom_js":""},"product_brand":[],"product_cat":[209,224,201],"product_tag":[],"class_list":{"0":"post-14923","1":"product","2":"type-product","3":"status-publish","4":"has-post-thumbnail","6":"product_cat-nekasetines-markizes-balkonui","7":"product_cat-balkonines","8":"product_cat-markizes","10":"first","11":"instock","12":"sale","13":"taxable","14":"shipping-taxable","15":"purchasable","16":"product-type-variable","17":"has-default-attributes"},"acf":[],"taxonomy_info":{"product_cat":[{"value":209,"label":"Nekasetin\u0117s markiz\u0117s balkonui"},{"value":224,"label":"Balkonin\u0117s markiz\u0117s"},{"value":201,"label":"Markiz\u0117s"}]},"featured_image_src_large":["https:\/\/brevo.lt\/wp-content\/uploads\/2023\/05\/balkonine_markize_italia_balcony.webp",800,600,false],"author_info":[],"comment_info":2,"_links":{"self":[{"href":"https:\/\/brevo.lt\/en\/wp-json\/wp\/v2\/product\/14923","targetHints":{"allow":["GET"]}}],"collection":[{"href":"https:\/\/brevo.lt\/en\/wp-json\/wp\/v2\/product"}],"about":[{"href":"https:\/\/brevo.lt\/en\/wp-json\/wp\/v2\/types\/product"}],"replies":[{"embeddable":true,"href":"https:\/\/brevo.lt\/en\/wp-json\/wp\/v2\/comments?post=14923"}],"wp:featuredmedia":[{"embeddable":true,"href":"https:\/\/brevo.lt\/en\/wp-json\/wp\/v2\/media\/20053"}],"wp:attachment":[{"href":"https:\/\/brevo.lt\/en\/wp-json\/wp\/v2\/media?parent=14923"}],"wp:term":[{"taxonomy":"product_brand","embeddable":true,"href":"https:\/\/brevo.lt\/en\/wp-json\/wp\/v2\/product_brand?post=14923"},{"taxonomy":"product_cat","embeddable":true,"href":"https:\/\/brevo.lt\/en\/wp-json\/wp\/v2\/product_cat?post=14923"},{"taxonomy":"product_tag","embeddable":true,"href":"https:\/\/brevo.lt\/en\/wp-json\/wp\/v2\/product_tag?post=14923"}],"curies":[{"name":"wp","href":"https:\/\/api.w.org\/{rel}","templated":true}]}}