{"id":15121,"date":"2023-05-31T16:51:59","date_gmt":"2023-05-31T16:51:59","guid":{"rendered":"https:\/\/brevo.lt\/?post_type=product&#038;p=15121"},"modified":"2026-05-06T14:00:42","modified_gmt":"2026-05-06T14:00:42","slug":"terrace-awning-dakar","status":"publish","type":"product","link":"https:\/\/brevo.lt\/en\/produktas\/terasine-markize-dakar\/","title":{"rendered":"Terrace awning Dakar"},"content":{"rendered":"<p>Dakar Awning is a great choice for those who are looking for a model with a full cassette that protects the material from external conditions. The cassette has additional gaskets that secure the rolled up fabric. The arms are equipped with Flyer\u2019s chains which guarantee their reliable and safe operation even with large awning dimensions. Models with bigger width are also equipped with roller tube support. The construction is made of extruded aluminium which ensures its high durability. Plastic side covers are painted in the same colour as the structure.<\/p>","protected":false},"excerpt":{"rendered":"<p>&#8220;Dakar&#8221; markiz\u0117 yra puikus pasirinkimas tiems, kurie ie\u0161ko modelio su pilna kasete, apsaugan\u010dia med\u017eiag\u0105 nuo i\u0161orini\u0173 s\u0105lyg\u0173. Kaset\u0117 turi papildomas tarpines, kurios apsaugo susukt\u0105 med\u017eiag\u0105. Ant ranken\u0173 sumontuotos &#8220;Flyer&#8221; grandin\u0117s, kurios u\u017etikrina patikim\u0105 ir saug\u0173 j\u0173 veikim\u0105 net ir esant dideliems markiz\u0117s matmenims. Didesnio plo\u010dio modeliuose taip pat \u012frengtos ritinini\u0173 vamzd\u017ei\u0173 atramos. Konstrukcija pagaminta i\u0161 [&hellip;]<\/p>\n","protected":false},"featured_media":19949,"comment_status":"open","ping_status":"closed","template":"","meta":{"_acf_changed":false,"_gspb_post_css":"","_kad_blocks_custom_css":"","_kad_blocks_head_custom_js":"","_kad_blocks_body_custom_js":"","_kad_blocks_footer_custom_js":""},"product_brand":[],"product_cat":[214,373,201,225],"product_tag":[],"class_list":{"0":"post-15121","1":"product","2":"type-product","3":"status-publish","4":"has-post-thumbnail","6":"product_cat-kasetines-markizes-terasai","7":"product_cat-kasetines","8":"product_cat-markizes","9":"product_cat-terasines","11":"first","12":"instock","13":"sale","14":"taxable","15":"shipping-taxable","16":"purchasable","17":"product-type-variable","18":"has-default-attributes"},"acf":[],"taxonomy_info":{"product_cat":[{"value":214,"label":"Kasetin\u0117s markiz\u0117s terasai"},{"value":373,"label":"Kasetin\u0117s markiz\u0117s"},{"value":201,"label":"Markiz\u0117s"},{"value":225,"label":"Terasin\u0117s markiz\u0117s"}]},"featured_image_src_large":["https:\/\/brevo.lt\/wp-content\/uploads\/2024\/07\/terasine_markize_dakar.webp",800,600,false],"author_info":[],"comment_info":0,"_links":{"self":[{"href":"https:\/\/brevo.lt\/en\/wp-json\/wp\/v2\/product\/15121","targetHints":{"allow":["GET"]}}],"collection":[{"href":"https:\/\/brevo.lt\/en\/wp-json\/wp\/v2\/product"}],"about":[{"href":"https:\/\/brevo.lt\/en\/wp-json\/wp\/v2\/types\/product"}],"replies":[{"embeddable":true,"href":"https:\/\/brevo.lt\/en\/wp-json\/wp\/v2\/comments?post=15121"}],"wp:featuredmedia":[{"embeddable":true,"href":"https:\/\/brevo.lt\/en\/wp-json\/wp\/v2\/media\/19949"}],"wp:attachment":[{"href":"https:\/\/brevo.lt\/en\/wp-json\/wp\/v2\/media?parent=15121"}],"wp:term":[{"taxonomy":"product_brand","embeddable":true,"href":"https:\/\/brevo.lt\/en\/wp-json\/wp\/v2\/product_brand?post=15121"},{"taxonomy":"product_cat","embeddable":true,"href":"https:\/\/brevo.lt\/en\/wp-json\/wp\/v2\/product_cat?post=15121"},{"taxonomy":"product_tag","embeddable":true,"href":"https:\/\/brevo.lt\/en\/wp-json\/wp\/v2\/product_tag?post=15121"}],"curies":[{"name":"wp","href":"https:\/\/api.w.org\/{rel}","templated":true}]}}