{"id":15243,"date":"2023-05-31T17:04:59","date_gmt":"2023-05-31T17:04:59","guid":{"rendered":"https:\/\/brevo.lt\/?post_type=product&#038;p=15243"},"modified":"2026-04-12T20:55:08","modified_gmt":"2026-04-12T20:55:08","slug":"terrace-awning-palladio","status":"publish","type":"product","link":"https:\/\/brevo.lt\/en\/produktas\/terasine-markize-palladio\/","title":{"rendered":"Terrace awning Palladio"},"content":{"rendered":"<p>Let\u2019s enjoy the sun but on our own terms. This is possible thanks to Palladio \u2013 the popular terrace awning. This model has a semi-cassette that protects the fabric against weather conditions and ensures an aesthetic appearance of the facade after the awning is closed. The construction of the awning is made of extruded aluminium, this material guarantees its stability and long-term durability. The client can choose between manual and electric drive \u2013 in both versions the operation is simple, full automatic means maximum comfort.<\/p>","protected":false},"excerpt":{"rendered":"<p>M\u0117gaukim\u0117s saule, bet savo s\u0105lygomis. Tai \u012fmanoma d\u0117l populiariosios terasos markiz\u0117s &#8220;Palladio&#8221;. \u0160is modelis turi pusiau kaset\u0119, kuri apsaugo audin\u012f nuo oro s\u0105lyg\u0173 ir u\u017etikrina esteti\u0161k\u0105 fasado i\u0161vaizd\u0105 u\u017edarius markiz\u0119. Markiz\u0117s konstrukcija pagaminta i\u0161 ekstruzinio aliuminio, \u0161i med\u017eiaga u\u017etikrina jos stabilum\u0105 ir ilgalaik\u012f patvarum\u0105. Klientas gali rinktis rankin\u0119 arba elektrin\u0119 pavar\u0105 &#8211; abiem variantais valdymas [&hellip;]<\/p>\n","protected":false},"featured_media":19952,"comment_status":"open","ping_status":"closed","template":"","meta":{"_acf_changed":false,"_gspb_post_css":"","_kad_blocks_custom_css":"","_kad_blocks_head_custom_js":"","_kad_blocks_body_custom_js":"","_kad_blocks_footer_custom_js":""},"product_brand":[],"product_cat":[214,373,201,225],"product_tag":[],"class_list":{"0":"post-15243","1":"product","2":"type-product","3":"status-publish","4":"has-post-thumbnail","6":"product_cat-kasetines-markizes-terasai","7":"product_cat-kasetines","8":"product_cat-markizes","9":"product_cat-terasines","11":"first","12":"instock","13":"sale","14":"taxable","15":"shipping-taxable","16":"purchasable","17":"product-type-variable","18":"has-default-attributes"},"acf":[],"taxonomy_info":{"product_cat":[{"value":214,"label":"Kasetin\u0117s markiz\u0117s terasai"},{"value":373,"label":"Kasetin\u0117s markiz\u0117s"},{"value":201,"label":"Markiz\u0117s"},{"value":225,"label":"Terasin\u0117s markiz\u0117s"}]},"featured_image_src_large":["https:\/\/brevo.lt\/wp-content\/uploads\/2024\/07\/terasine_markize_palldio.webp",800,600,false],"author_info":[],"comment_info":0,"_links":{"self":[{"href":"https:\/\/brevo.lt\/en\/wp-json\/wp\/v2\/product\/15243","targetHints":{"allow":["GET"]}}],"collection":[{"href":"https:\/\/brevo.lt\/en\/wp-json\/wp\/v2\/product"}],"about":[{"href":"https:\/\/brevo.lt\/en\/wp-json\/wp\/v2\/types\/product"}],"replies":[{"embeddable":true,"href":"https:\/\/brevo.lt\/en\/wp-json\/wp\/v2\/comments?post=15243"}],"wp:featuredmedia":[{"embeddable":true,"href":"https:\/\/brevo.lt\/en\/wp-json\/wp\/v2\/media\/19952"}],"wp:attachment":[{"href":"https:\/\/brevo.lt\/en\/wp-json\/wp\/v2\/media?parent=15243"}],"wp:term":[{"taxonomy":"product_brand","embeddable":true,"href":"https:\/\/brevo.lt\/en\/wp-json\/wp\/v2\/product_brand?post=15243"},{"taxonomy":"product_cat","embeddable":true,"href":"https:\/\/brevo.lt\/en\/wp-json\/wp\/v2\/product_cat?post=15243"},{"taxonomy":"product_tag","embeddable":true,"href":"https:\/\/brevo.lt\/en\/wp-json\/wp\/v2\/product_tag?post=15243"}],"curies":[{"name":"wp","href":"https:\/\/api.w.org\/{rel}","templated":true}]}}