{"id":15809,"date":"2023-05-31T23:10:07","date_gmt":"2023-05-31T23:10:07","guid":{"rendered":"https:\/\/brevo.lt\/?post_type=product&#038;p=15809"},"modified":"2026-04-12T20:55:44","modified_gmt":"2026-04-12T20:55:44","slug":"terrace-awnings-jamaica","status":"publish","type":"product","link":"https:\/\/brevo.lt\/en\/produktas\/terasine-markize-jamaica\/","title":{"rendered":"Terrace awning Jamaica"},"content":{"rendered":"<p>\"Jamaica is a non-cassette awning recommended for covering restaurant terraces or caf\u00e9 gardens. It is also perfect as part of a seating area in the home. Its durable construction ensures trouble-free use even under heavy use. It is often chosen for commercial use. The Jamaica awning can be complemented by a practical cover that aesthetically covers the rolled fabric. The aluminium folding arms are equipped with the Flyer chain system, which additionally reinforces the awning's joints, thus guaranteeing the awning's reliable operation for many years. Another advantage of the awning is the possibility to use the Rollo-Volant valance with a separate manual drive.<\/p>","protected":false},"excerpt":{"rendered":"<p>&#8220;Jamaica&#8221; &#8211; tai nekasetinis tentas, rekomenduojamas u\u017edengti restoran\u0173 terasas ar kavini\u0173 sodus. Ji taip pat puikiai tiks kaip poilsio zonos dalis namuose. Jos patvari konstrukcija u\u017etikrina net ir intensyv\u0173 naudojim\u0105 be r\u016bpes\u010di\u0173. Ji da\u017enai pasirenkama komerciniam naudojimui. Jamaikos markiz\u0119 galima papildyti prakti\u0161ku gaubtu, kuris esteti\u0161kai u\u017edengia susukt\u0105 audin\u012f. I\u0161 aliuminio pagamintose sulankstomose rankose \u012frengta &#8220;Flyer&#8221; [&hellip;]<\/p>\n","protected":false},"featured_media":19950,"comment_status":"open","ping_status":"closed","template":"","meta":{"_acf_changed":false,"_gspb_post_css":"","_kad_blocks_custom_css":"","_kad_blocks_head_custom_js":"","_kad_blocks_body_custom_js":"","_kad_blocks_footer_custom_js":""},"product_brand":[],"product_cat":[204,201,225],"product_tag":[],"class_list":{"0":"post-15809","1":"product","2":"type-product","3":"status-publish","4":"has-post-thumbnail","6":"product_cat-nekasetines-markizes-terasai","7":"product_cat-markizes","8":"product_cat-terasines","10":"first","11":"instock","12":"sale","13":"taxable","14":"shipping-taxable","15":"purchasable","16":"product-type-variable","17":"has-default-attributes"},"acf":[],"taxonomy_info":{"product_cat":[{"value":204,"label":"Nekasetin\u0117s markiz\u0117s terasai"},{"value":201,"label":"Markiz\u0117s"},{"value":225,"label":"Terasin\u0117s markiz\u0117s"}]},"featured_image_src_large":["https:\/\/brevo.lt\/wp-content\/uploads\/2024\/07\/terasine_markize_jamaica.webp",800,600,false],"author_info":[],"comment_info":7,"_links":{"self":[{"href":"https:\/\/brevo.lt\/en\/wp-json\/wp\/v2\/product\/15809","targetHints":{"allow":["GET"]}}],"collection":[{"href":"https:\/\/brevo.lt\/en\/wp-json\/wp\/v2\/product"}],"about":[{"href":"https:\/\/brevo.lt\/en\/wp-json\/wp\/v2\/types\/product"}],"replies":[{"embeddable":true,"href":"https:\/\/brevo.lt\/en\/wp-json\/wp\/v2\/comments?post=15809"}],"wp:featuredmedia":[{"embeddable":true,"href":"https:\/\/brevo.lt\/en\/wp-json\/wp\/v2\/media\/19950"}],"wp:attachment":[{"href":"https:\/\/brevo.lt\/en\/wp-json\/wp\/v2\/media?parent=15809"}],"wp:term":[{"taxonomy":"product_brand","embeddable":true,"href":"https:\/\/brevo.lt\/en\/wp-json\/wp\/v2\/product_brand?post=15809"},{"taxonomy":"product_cat","embeddable":true,"href":"https:\/\/brevo.lt\/en\/wp-json\/wp\/v2\/product_cat?post=15809"},{"taxonomy":"product_tag","embeddable":true,"href":"https:\/\/brevo.lt\/en\/wp-json\/wp\/v2\/product_tag?post=15809"}],"curies":[{"name":"wp","href":"https:\/\/api.w.org\/{rel}","templated":true}]}}