{"id":20546,"date":"2025-02-06T16:11:45","date_gmt":"2025-02-06T16:11:45","guid":{"rendered":"https:\/\/brevo.lt\/?post_type=product&#038;p=20546"},"modified":"2026-04-12T17:17:41","modified_gmt":"2026-04-12T17:17:41","slug":"glass-pergola-roof","status":"publish","type":"product","link":"https:\/\/brevo.lt\/en\/produktas\/stogine-pergola-glass\/","title":{"rendered":"Carport Pergola Glass"},"content":{"rendered":"<p>The Pergola Glass is a modern and exclusive solution for your outdoor space, offering elegant design and functionality. It features a cubic roof design and glass panels that allow plenty of natural light to flood in and allow you to enjoy your surroundings freely during the day and in the evening. The innovative design allows an extension of up to 7 metres with just two supports, giving the space a light and unobstructed effect. The integrated LED lighting creates a cosy atmosphere in the evening and the choice of colours - anthracite, black and white - allows the awning to be adapted to different exteriors. The awning can be either free-standing or wall-mounted, allowing it to be customised to suit individual needs. The strong 10 mm safety glass ensures durability and longevity, even in difficult weather conditions. Additional features such as zip roller blinds, louvre panels, glazing or heaters allow for maximum comfort. Pergola Glass not only protects from the sun and rain, but also becomes a stylish and practical outdoor space that can be used all year round. It is the ideal solution for those who want modern design, comfort and high quality in one product.<\/p>","protected":false},"excerpt":{"rendered":"<p>Stogin\u0117 Pergola Glass \u2013 tai modernus ir i\u0161skirtinis sprendimas j\u016bs\u0173 lauko erdvei, suteikiantis eleganti\u0161k\u0105 dizain\u0105 ir funkcionalum\u0105. \u0160i stogin\u0117 i\u0161siskiria kubiniu stogo dizainu ir stiklin\u0117mis plok\u0161t\u0117mis, kurios u\u017etikrina gaus\u0173 nat\u016bralios \u0161viesos patekim\u0105 bei leid\u017eia nevar\u017eomai m\u0117gautis aplinka tiek dien\u0105, tiek vakare. Inovatyvus dizainas leid\u017eia pasiekti net 7 metr\u0173 ilgio i\u0161sipl\u0117tim\u0105 vos su dviem atramomis, suteikiant [&hellip;]<\/p>\n","protected":false},"featured_media":20589,"comment_status":"open","ping_status":"closed","template":"","meta":{"_acf_changed":false,"_gspb_post_css":"","_kad_blocks_custom_css":"","_kad_blocks_head_custom_js":"","_kad_blocks_body_custom_js":"","_kad_blocks_footer_custom_js":""},"product_brand":[],"product_cat":[156],"product_tag":[],"class_list":{"0":"post-20546","1":"product","2":"type-product","3":"status-publish","4":"has-post-thumbnail","6":"product_cat-stogines","8":"first","9":"instock","10":"taxable","11":"shipping-taxable","12":"purchasable","13":"product-type-variable"},"acf":[],"taxonomy_info":{"product_cat":[{"value":156,"label":"Stogin\u0117s"}]},"featured_image_src_large":["https:\/\/brevo.lt\/wp-content\/uploads\/2025\/02\/6.jpg",800,800,false],"author_info":[],"comment_info":0,"_links":{"self":[{"href":"https:\/\/brevo.lt\/en\/wp-json\/wp\/v2\/product\/20546","targetHints":{"allow":["GET"]}}],"collection":[{"href":"https:\/\/brevo.lt\/en\/wp-json\/wp\/v2\/product"}],"about":[{"href":"https:\/\/brevo.lt\/en\/wp-json\/wp\/v2\/types\/product"}],"replies":[{"embeddable":true,"href":"https:\/\/brevo.lt\/en\/wp-json\/wp\/v2\/comments?post=20546"}],"wp:featuredmedia":[{"embeddable":true,"href":"https:\/\/brevo.lt\/en\/wp-json\/wp\/v2\/media\/20589"}],"wp:attachment":[{"href":"https:\/\/brevo.lt\/en\/wp-json\/wp\/v2\/media?parent=20546"}],"wp:term":[{"taxonomy":"product_brand","embeddable":true,"href":"https:\/\/brevo.lt\/en\/wp-json\/wp\/v2\/product_brand?post=20546"},{"taxonomy":"product_cat","embeddable":true,"href":"https:\/\/brevo.lt\/en\/wp-json\/wp\/v2\/product_cat?post=20546"},{"taxonomy":"product_tag","embeddable":true,"href":"https:\/\/brevo.lt\/en\/wp-json\/wp\/v2\/product_tag?post=20546"}],"curies":[{"name":"wp","href":"https:\/\/api.w.org\/{rel}","templated":true}]}}