{"id":2040,"date":"2022-06-27T09:12:54","date_gmt":"2022-06-27T09:12:54","guid":{"rendered":"https:\/\/demo.creativethemes.com\/elementor\/tasty\/?page_id=3"},"modified":"2022-07-20T20:35:21","modified_gmt":"2022-07-20T20:35:21","slug":"uldised-eeskirjad","status":"publish","type":"page","link":"https:\/\/brevo.lt\/et\/bendrosios-taisykles\/","title":{"rendered":"\u00dcldised eeskirjad"},"content":{"rendered":"<p><\/p>\n\n\n\n<p>PALUN LUGEGE HOOLIKALT K\u00c4ESOLEVAT TEENUSLEPINGUT, KUNA SEE SISALDAB OLULIST TEAVET TEIE SEADUSLIKE \u00d5IGUSTE JA \u00d5IGUSKAITSEVAHENDITE KOHTA.<\/p>\n\n\n\n<p>Viimati muudetud: 2022-07-17 09:08:55<\/p>\n\n\n\n<p><strong>1. \u00dcLEVAADE<\/strong><\/p>\n\n\n\n<p>K\u00e4esolev teenusetingimuste leping (\"leping\") on s\u00f5lmitud Brevo, registreeritud aadressil Vilnius, LT (\"ettev\u00f5te\") ja teie vahel ning j\u00f5ustub alates kuup\u00e4evast, mil te kasutate seda veebisaiti https:\/\/brevo.lt (\"sait\") v\u00f5i selle elektroonilise vastuv\u00f5tmise kuup\u00e4evast.<\/p>\n\n\n\n<p>K\u00e4esolevas lepingus on s\u00e4testatud \u00fcldised tingimused, mis k\u00e4sitlevad nii https:\/\/brevo.lt kasutamist kui ka tooteid ja\/v\u00f5i teenuseid, mida ostate v\u00f5i millele saate juurdep\u00e4\u00e4su selle veebilehe kaudu (\"Teenused\").Olenemata sellest, kas te lihtsalt sirvite v\u00f5i kasutate seda veebilehte v\u00f5i ostate teenuseid, t\u00e4hendab teie veebilehe kasutamine ja k\u00e4esoleva lepingu elektrooniline heakskiitmine, et olete lugenud, m\u00f5istnud, tunnistanud ja n\u00f5ustute, et k\u00e4esolev leping ja meie privaatsuspoliitika on teie jaoks siduvad. M\u00f5isted \"meie\", \"meid\" v\u00f5i \"meie\" viitavad ettev\u00f5ttele. M\u00f5isted \"teie\", \"teie\", \"kasutaja\" v\u00f5i \"klient\" viitavad igale f\u00fc\u00fcsilisele v\u00f5i juriidilisele isikule, kes n\u00f5ustub k\u00e4esoleva lepinguga, kasutab meie saiti, omab juurdep\u00e4\u00e4su teenustele v\u00f5i kasutab neid. Miski k\u00e4esolevas lepingus ei anna kolmandatele isikutele mingeid \u00f5igusi v\u00f5i eeliseid.<\/p>\n\n\n\n<p>Ettev\u00f5te v\u00f5ib oma ainu\u00f5igusliku ja t\u00e4ieliku \u00e4ran\u00e4gemise j\u00e4rgi igal ajal muuta v\u00f5i muuta k\u00e4esolevat lepingut ja k\u00f5iki selles sisalduvaid p\u00f5him\u00f5tteid v\u00f5i lepinguid ning sellised muudatused v\u00f5i muudatused j\u00f5ustuvad koheselt p\u00e4rast nende avaldamist sellel saidil. Kui te kasutate k\u00e4esolevat Saiti v\u00f5i Teenuseid p\u00e4rast selliste muudatuste v\u00f5i muudatuste tegemist, t\u00e4hendab see, et te n\u00f5ustute k\u00e4esoleva lepingu viimaste muudatustega.<\/p>\n\n\n\n<p>KUI TE EI N\u00d5USTU, ET K\u00c4ESOLEV LEPING ON VIIMATI MUUDETUD KUJUL SIDUV, \u00c4RGE KASUTAGE (V\u00d5I J\u00c4TKAKE SELLE SAIDI V\u00d5I TEENUSTE KASUTAMIST).<\/p>\n\n\n\n<p><strong>2. V\u00d5IMALUS<\/strong><\/p>\n\n\n\n<p>See Sait ja Teenused on k\u00e4ttesaadavad ainult kasutajatele, kes saavad kehtiva \u00f5iguse kohaselt s\u00f5lmida \u00f5iguslikult siduvaid lepinguid. Kasutades k\u00e4esolevat Saiti v\u00f5i Teenuseid, kinnitate ja garanteerite, et olete (i) v\u00e4hemalt kaheksateist (18) aastane, (ii) muul viisil tunnustatud, et olete v\u00f5imeline s\u00f5lmima \u00f5iguslikult siduvaid lepinguid vastavalt kohaldatavale seadusele, ja (iii) ei ole isik, kellel on Leedu v\u00f5i muu kohaldatava jurisdiktsiooni seaduste kohaselt keelatud osta v\u00f5i saada Teenuseid.<\/p>\n\n\n\n<p>Kui te s\u00f5lmite k\u00e4esoleva lepingu ettev\u00f5tte v\u00f5i juriidilise isiku nimel, kinnitate ja garanteerite, et teil on seaduslikud volitused siduda sellist juriidilist isikut k\u00e4esolevas lepingus sisalduvate tingimustega, mille puhul m\u00f5isted \"teie\", \"teie\", \"kasutaja\" v\u00f5i \"klient\" viitavad sellisele juriidilisele isikule. Kui ettev\u00f5te leiab p\u00e4rast k\u00e4esoleva lepingu elektroonilist heakskiitmist, et teil ei ole seaduslikke volitusi sellise juriidilise isiku sidumiseks, vastutate te isiklikult k\u00e4esolevas lepingus sisalduvate kohustuste eest.<\/p>\n\n\n\n<p><strong>3. KASUTAJATE K\u00c4ITUMISREEGLID<\/strong><\/p>\n\n\n\n<p>Seda saiti kasutades tunnistate ja n\u00f5ustute, et:<\/p>\n\n\n\n<p>Saidi kasutamine, sealhulgas teie poolt esitatud sisu, on koosk\u00f5las k\u00e4esoleva lepingu ning k\u00f5igi kohaldatavate kohalike, riiklike, riiklike ja rahvusvaheliste seaduste, eeskirjade ja m\u00e4\u00e4rustega.<\/p>\n\n\n\n<p>Te ei kasuta seda saiti viisil, mis:<\/p>\n\n\n\n<p>on ebaseaduslik v\u00f5i edendab v\u00f5i julgustab ebaseaduslikku tegevust;<br>propageerib, julgustab v\u00f5i osaleb lapspornograafias v\u00f5i laste ekspluateerimises; propageerib, julgustab v\u00f5i osaleb terrorismis, inimeste, loomade v\u00f5i vara vastu suunatud v\u00e4givallas; propageerib, julgustab v\u00f5i osaleb mis tahes r\u00e4mpsposti v\u00f5i muu soovimatu massilise e-posti v\u00f5i arvuti v\u00f5i v\u00f5rgu h\u00e4kkimise v\u00f5i kr\u00e4kkimise propageerimises, julgustab v\u00f5i osaleb selles;<\/p>\n\n\n\n<p>rikub teise kasutaja v\u00f5i mis tahes muu isiku v\u00f5i \u00fcksuse intellektuaalomandi \u00f5igusi; rikub teise kasutaja v\u00f5i mis tahes muu isiku v\u00f5i \u00fcksuse privaatsus- v\u00f5i avalikustamis\u00f5igusi v\u00f5i rikub mis tahes konfidentsiaalsuskohustust, mida olete kohustatud teise kasutaja v\u00f5i mis tahes muu isiku v\u00f5i \u00fcksuse ees;<\/p>\n\n\n\n<p>h\u00e4irib selle veebilehe toimimist;<br>Sisaldab v\u00f5i installeerib viiruseid, ussid, vigu, trooja hobuseid, kr\u00fcptoraha kaevandajaid v\u00f5i muud koodi, faile v\u00f5i programme, mis on loodud v\u00f5i v\u00f5imelised kasutama paljusid ressursse, h\u00e4irima, kahjustama v\u00f5i piirama mis tahes tarkvara v\u00f5i riistvara funktsionaalsust.<\/p>\n\n\n\n<p>Te ei tee seda:<\/p>\n\n\n\n<p>kopeerida v\u00f5i levitada mis tahes meediumis mis tahes osa sellest saidist, v\u00e4lja arvatud juhul, kui ettev\u00f5te on selleks selges\u00f5naliselt loa andnud,<br>kopeerida v\u00f5i dubleerida k\u00e4esolevat teenusetingimuste lepingut, mis on loodud TermsHub.io ja Terms &amp; Conditions Generator'i abil,<\/p>\n\n\n\n<p>muuta v\u00f5i muuta mis tahes osa sellest Saidist v\u00f5i sellega seotud tehnoloogiatest,<br>p\u00e4\u00e4seda ligi Ettev\u00f5tete Sisule (nagu on m\u00e4\u00e4ratletud allpool) v\u00f5i Kasutaja Sisule mis tahes tehnoloogia v\u00f5i vahendite kaudu, v\u00e4lja arvatud selle Saidi enda kaudu.<\/p>\n\n\n\n<p><strong>4. INTELLEKTUAALNE OMAND<\/strong><\/p>\n\n\n\n<p>Lisaks \u00fclaltoodud \u00fcldistele reeglitele kehtivad k\u00e4esoleva jaotise s\u00e4tted konkreetselt veebisaidile avaldatud Ettev\u00f5tete sisu kasutamise kohta. Ettev\u00f5tete sisu sellel saidil, sealhulgas, kuid mitte ainult, tekst, tarkvara, skriptid, l\u00e4htekood, API, graafika, fotod, helid, muusika, videod ja interaktiivsed funktsioonid ning neis sisalduvad kaubam\u00e4rgid, teenusem\u00e4rgid ja logod (\"Ettev\u00f5tete sisu\") kuuluvad Brevole v\u00f5i on Brevole t\u00e4htajatult litsentseeritud ning kuuluvad autori\u00f5iguse, kaubam\u00e4rgi ja\/v\u00f5i patendikaitse alla.<\/p>\n\n\n\n<p>Ettev\u00f5tete sisu antakse teile \"nagu on\", \"nagu saadaval\" ja \"koos k\u00f5igi vigadega\" ainult teie teavitamiseks ja isiklikuks, mitte\u00e4riliseks kasutamiseks ning seda ei tohi alla laadida, kopeerida, paljundada, levitada, edastada, edastada, n\u00e4idata, m\u00fc\u00fca, litsentseerida v\u00f5i muul viisil kasutada mis tahes eesm\u00e4rgil ilma ettev\u00f5tte eelneva kirjaliku n\u00f5usolekuta. K\u00e4esoleva lepinguga ei anta mingeid autori\u00f5iguse, kaubam\u00e4rgi, patendi v\u00f5i muu omandi\u00f5iguse v\u00f5i litsentsi alusel tekkivaid \u00f5igusi ega litsentse.<\/p>\n\n\n\n<p><strong>5. LOOBUMINE KINNITUSTEST JA GARANTIIDEST<\/strong><\/p>\n\n\n\n<p>TE TUNNISTATE JA N\u00d5USTUTE, ET TE KASUTATE SEDA SAITI OMAL VASTUTUSEL JA ET SEE SAIT ON ESITATUD \"NAGU ON\", \"NAGU SAADAVAL\" JA \"K\u00d5IGI VIGADEGA\". ETTEV\u00d5TE, SELLE AMETNIKUD, DIREKTORID, T\u00d6\u00d6TAJAD, ESINDAJAD, LOOBUVAD K\u00d5IKIDEST SEADUSJ\u00c4RGSETEST, SELGES\u00d5NALISTEST V\u00d5I KAUDSETEST GARANTIIDEST, SEALHULGAS, KUID MITTE AINULT, K\u00d5IKIDEST KAUDSETEST GARANTIIDEST OMANDI\u00d5IGUSE, KAUBELDAVUSE, SOBIVUSE KOHTA KONKREETSEKS OTSTARBEKS JA RIKKUMISE PUUDUMISE KOHTA. ETTEV\u00d5TE, SELLE AMETNIKUD, DIREKTORID, T\u00d6\u00d6TAJAD JA ESINDAJAD EI ANNA MINGEID KINNITUSI EGA GARANTIISID (I) SELLE SAIDI T\u00c4PSUSE, T\u00c4IELIKKUSE V\u00d5I SISU KOHTA, (II) SELLE SAIDIGA (H\u00dcPERLINKIDE, B\u00c4NNERREKLAAMI V\u00d5I MUUL VIISIL) SEOTUD SAITIDE T\u00c4PSUSE, T\u00c4IELIKKUSE V\u00d5I SISU KOHTA JA\/V\u00d5I (III) SELLEL SAIDIL V\u00d5I SELLEL SAIDIL (H\u00dcPERLINKIDE, B\u00c4NNERREKLAAMI V\u00d5I MUUL VIISIL) SEOTUD SAITIDEL LEIDUVATE TEENUSTE KOHTA NING ETTEV\u00d5TE EI V\u00d5TA NENDE EEST MINGIT VASTUTUST EGA KOHUSTUST.<\/p>\n\n\n\n<p>LISAKS TUNNISTATE JA N\u00d5USTUTE, ET \u00dcKSKI SUULINE V\u00d5I KIRJALIK TEAVE V\u00d5I N\u00d5UANNE, MIDA ETTEV\u00d5TE, SELLE AMETNIKUD, DIREKTORID, T\u00d6\u00d6TAJAD V\u00d5I ESINDAJAD JA KOLMANDATEST ISIKUTEST TEENUSEPAKKUJAD ANNAVAD, (I) EI KUJUTA ENDAST JURIIDILIST V\u00d5I FINANTSN\u00d5USTAMIST V\u00d5I (II) EI LOO MINGIT GARANTIID SEOSES SELLE SAIDI V\u00d5I SELLEL SAIDIL LEIDUVATE TEENUSTEGA, NING KASUTAJAD EI TOHIKS TUGINEDA SELLISELE TEABELE V\u00d5I N\u00d5UANNETELE.<\/p>\n\n\n\n<p>EELNE VASTAVUSE JA T\u00d5ENDUSTE T\u00d5ENDUSTE TUNNISTUS KOHALDATAKSE T\u00c4IELIKULT, mis on seadusega lubatud, ja j\u00e4\u00e4b kehtima ka p\u00e4rast mis tahes muudatuste tegemist.<\/p>\n\n\n\n<p>k\u00e4esoleva lepingu l\u00f5petamine v\u00f5i l\u00f5ppemine v\u00f5i selle veebilehe v\u00f5i sellel leiduva teenuse kasutamine.<\/p>\n\n\n\n<p><strong>6. VASTUTUSE PIIRAMINE<\/strong><\/p>\n\n\n\n<p>MITTE MINGIL JUHUL EI VASTUTA ETTEV\u00d5TE, SELLE AMETNIKUD, DIREKTORID, T\u00d6\u00d6TAJAD, AGENDID JA K\u00d5IK KOLMANDATEST ISIKUTEST TEENUSEPAKKUJAD TEIE V\u00d5I M\u00d5NE MUU ISIKU V\u00d5I \u00dcKSUSE EES OTSESTE, KAUDSETE, JUHUSLIKE, ERILISTE, KARISTUSLIKE V\u00d5I KAUDSETE KAHJUDE EEST, SEALHULGAS MIS TAHES KAHJUDE EEST, MIS V\u00d5IVAD TULENEDA (I) K\u00c4ESOLEVA SAIDI T\u00c4PSUSEST, T\u00c4IELIKKUSEST V\u00d5I SISUST, (II) T\u00c4PSUSEST, (III) T\u00c4PSUSEST, T\u00c4IELIKKUS V\u00d5I SISU MIS TAHES VEEBISAITIDEL, MIS ON LINGITUD (H\u00dcPERLINKIDE, B\u00c4NNERREKLAAMI V\u00d5I MUUL VIISIL) SELLELE VEEBISAIDILE, (III) SELLEL VEEBISAIDIL V\u00d5I MIS TAHES VEEBISAITIDEL, MIS ON LINGITUD (H\u00dcPERLINKIDE, B\u00c4NNERREKLAAMI V\u00d5I MUUL VIISIL) SELLELE VEEBISAIDILE, (IV) MIS TAHES LIIKI ISIKUKAHJUD V\u00d5I VARALINE KAHJU, (V) MIS TAHES LIIKI KOLMANDATE ISIKUTE K\u00c4ITUMINE, (VI) MIS TAHES KATKESTUSED V\u00d5I TEENUSTE OSUTAMISE L\u00d5PETAMINE SELLELE SAIDILE V\u00d5I MIS TAHES SAITIDELE, MIS ON SEOTUD (H\u00dcPERLINKIDE, B\u00c4NNERREKLAAMI V\u00d5I MUUL VIISIL) SELLE SAIDIGA, (VII) MIS TAHES VIIRUSED, USSID, VEAD, TROOJA HOBUSED VMS, MIS V\u00d5IDAKSE EDASTADA SELLELE SAIDILE V\u00d5I MIS TAHES SAITIDELE, MIS ON SEOTUD (H\u00dcPERLINKIDE, B\u00c4NNERREKLAAMI V\u00d5I MUUL VIISIL) SELLE SAIDIGA, (VIII) MIS TAHES KASUTAJA SISU V\u00d5I SISU, MIS ON LAIMAV, AHISTAV, SOLVAV, ALAEALISTELE V\u00d5I MIS TAHES KAITSTUD KLASSILE KAHJULIK, PORNOGRAAFILINE, \"X-RATED\", R\u00d5VE V\u00d5I MUUL VIISIL TAUNITAV JA\/V\u00d5I (IX) MIS TAHES KAHJU, MIS ON TEKKINUD SELLE SAIDI V\u00d5I SELLEL LEHEL LEIDUVATE TEENUSTE KASUTAMISE TULEMUSENA, OLENEMATA SELLEST, KAS SEE P\u00d5HINEB GARANTIIL, LEPINGUL, DELIKTIL V\u00d5I MUUL \u00d5IGUSP\u00c4RASEL TEOORIAL, NING OLENEMATA SELLEST, KAS ETTEV\u00d5TET ON TEAVITATUD SELLISTE KAHJUDE V\u00d5IMALIKKUSEST V\u00d5I MITTE, NING OLENEMATA SELLEST, KAS ETTEV\u00d5TET ON TEAVITATUD SELLISTE KAHJUDE V\u00d5IMALIKKUSEST.<\/p>\n\n\n\n<p>LISAKS TUNNISTAGE JA n\u00f5ustute, et mis tahes hagi, mis tuleneb v\u00f5i on seotud selle Saidi v\u00f5i sellel Saidil leiduva Teenusega, tuleb algatada \u00fche (1) aasta jooksul p\u00e4rast hagi p\u00f5hjuse tekkimist, vastasel juhul on selline hagi alus l\u00f5plikult aegunud.<\/p>\n\n\n\n<p>EELNEV VASTUTUSE PIIRAMINE KEHTIB SEADUSEGA LUBATUD ULATUSES JA KEHTIB KA P\u00c4RAST K\u00c4ESOLEVA LEPINGU L\u00d5PETAMIST V\u00d5I L\u00d5PPEMIST V\u00d5I SELLE SAIDI V\u00d5I SELLEL LEHEL LEIDUVATE TEENUSTE KASUTAMIST.<\/p>\n\n\n\n<p><strong>7. INDEMNITY<\/strong><\/p>\n\n\n\n<p>Te n\u00f5ustute kaitsma, kaitsma, h\u00fcvitama ja vabastama Ettev\u00f5tte ja selle ametnikud, direktorid, t\u00f6\u00f6tajad ja esindajad k\u00f5igist n\u00f5uetest, n\u00f5udmistest, kuludest, kulutustest, kaotustest, kohustustest ja igasugustest kahjudest (sealhulgas, kuid mitte ainult, m\u00f5istlikest advokaaditasudest), mis tulenevad otseselt v\u00f5i kaudselt (i) sellest, et te kasutate seda Saiti ja p\u00e4\u00e4sete sellele juurde; (ii) k\u00e4esoleva lepingu mis tahes s\u00e4tte v\u00f5i selles sisalduvate p\u00f5him\u00f5tete v\u00f5i lepingute rikkumisest ja\/v\u00f5i (iii) kolmandate isikute \u00f5iguste, sealhulgas, kuid mitte ainult, intellektuaalomandi v\u00f5i muude varaliste \u00f5iguste rikkumisest. K\u00e4esoleva jaotise kohased h\u00fcvitamiskohustused j\u00e4\u00e4vad kehtima ka p\u00e4rast k\u00e4esoleva lepingu l\u00f5petamist v\u00f5i l\u00f5ppemist v\u00f5i selle veebilehe v\u00f5i sellel leiduva teenuse kasutamist.<\/p>\n\n\n\n<p><strong>8. ANDMETE \u00dcLEANDMINE<\/strong><\/p>\n\n\n\n<p>Kui k\u00fclastate seda saiti muust riigist kui meie serverite asukohariik, v\u00f5ib teie suhtlus meiega kaasa tuua teabe edastamise \u00fcle rahvusvaheliste piiride. Seda saiti k\u00fclastades ja meiega elektrooniliselt suheldes annate n\u00f5usoleku selliseks edastamiseks.<\/p>\n\n\n\n<p><strong>9. VEEBILEHE K\u00c4TTESAADAVUS<\/strong><\/p>\n\n\n\n<p>Vastavalt k\u00e4esoleva lepingu tingimustele ja meie poliitikale p\u00fc\u00fcame teha majanduslikult m\u00f5istlikke j\u00f5upingutusi, et pakkuda seda saiti 24\/7. Te tunnistate ja n\u00f5ustute, et<\/p>\n\n\n\n<p>aeg-ajalt v\u00f5ib see sait olla k\u00e4ttesaamatu mis tahes p\u00f5hjusel, sealhulgas, kuid mitte ainult, perioodilise hoolduse, remondi v\u00f5i asendamise t\u00f5ttu, mida me aeg-ajalt teeme, v\u00f5i muudel p\u00f5hjustel, mis ei ole meie kontrolli all, sealhulgas, kuid mitte ainult, telekommunikatsiooni- v\u00f5i digitaalsete \u00fclekandeliinide katkestuse v\u00f5i rikke v\u00f5i muude rikete t\u00f5ttu.<\/p>\n\n\n\n<p>Te tunnistate ja n\u00f5ustute, et meil puudub kontroll selle veebilehe pideva v\u00f5i katkematu k\u00e4ttesaadavuse \u00fcle ning et me ei v\u00f5ta sellega seoses mingit vastutust teie ega \u00fchegi teise osapoole ees.<\/p>\n\n\n\n<p><strong>10. L\u00d5PETATUD TEENUSED<\/strong><\/p>\n\n\n\n<p>Ettev\u00f5te j\u00e4tab endale \u00f5iguse l\u00f5petada mis tahes teenuste pakkumine v\u00f5i osutamine igal ajal, mis tahes p\u00f5hjusel v\u00f5i ilma p\u00f5hjuseta ja ilma eelneva etteteatamiseta. Kuigi Ettev\u00f5te teeb suuri j\u00f5upingutusi, et maksimeerida k\u00f5igi oma Teenuste kasutusiga, on aeg-ajalt olukordi, kus m\u00f5ni pakutav Teenus l\u00f5petatakse. Sellisel juhul ei toeta Ettev\u00f5te seda toodet v\u00f5i teenust enam. Sellisel juhul pakub Ettev\u00f5te teile kas v\u00f5rreldavat Teenust, millele te saate \u00fcle minna, v\u00f5i tagastab teile raha. Ettev\u00f5te ei vastuta teie ega kolmandate isikute ees mis tahes muudatuste, peatamiste v\u00f5i l\u00f5petamiste eest, mis puudutavad meie poolt pakutavaid v\u00f5i juurdep\u00e4\u00e4su h\u00f5lbustavaid Teenuseid.<\/p>\n\n\n\n<p><strong>11. KOLMANDATEST ISIKUTEST ABISAAJAD PUUDUVAD<\/strong><\/p>\n\n\n\n<p>\u00dchtegi k\u00e4esoleva lepingu s\u00e4tet ei loeta kolmandate isikute \u00f5iguste v\u00f5i soodustuste andmiseks.<\/p>\n\n\n\n<p><strong>12. KOHALIKE \u00d5IGUSAKTIDE J\u00c4RGIMINE<\/strong><\/p>\n\n\n\n<p>Ettev\u00f5te ei kinnita ega garanteeri, et sellel saidil olev sisu on sobiv igas riigis v\u00f5i jurisdiktsioonis, ning juurdep\u00e4\u00e4s sellele saidile riikidest v\u00f5i jurisdiktsioonidest, kus selle sisu on ebaseaduslik, on keelatud. Kasutajad, kes otsustavad sellele saidile juurdep\u00e4\u00e4su valida, vastutavad k\u00f5igi kohalike seaduste, eeskirjade ja m\u00e4\u00e4ruste j\u00e4rgimise eest.<\/p>\n\n\n\n<p><strong>13. RIIKLINE \u00d5IGUS<\/strong><\/p>\n\n\n\n<p>K\u00e4esolevat lepingut ja k\u00f5iki sellest v\u00f5i sellega seotud vaidlusi v\u00f5i n\u00f5udeid, selle sisu v\u00f5i s\u00f5lmimist reguleeritakse ja t\u00f5lgendatakse vastavalt Leedu seadustele, v\u00e4listades kollisiooninormid.<\/p>\n\n\n\n<p><strong>14. VAIDLUSTE LAHENDAMINE<\/strong><\/p>\n\n\n\n<p>K\u00f5ik k\u00e4esolevatest Teenusetingimustest tulenevad v\u00f5i nendega seotud vaidlused v\u00f5i n\u00f5uded lahendatakse siduvate vahekohtumenetlustega. Iga selline vaidlus v\u00f5i n\u00f5ue tuleb lahendada individuaalselt ja seda ei tohi \u00fcheski vahekohtumenetluses \u00fchendada \u00fchegi teise osapoole n\u00f5ude v\u00f5i vaidlusega. Vahekohtumenetlus tuleb l\u00e4bi viia Leedus ja vahekohtu otsuse v\u00f5ib teha mis tahes p\u00e4devas kohtus.<\/p>\n\n\n\n<p><strong>15. PEALKIRJAD JA PEALKIRJAD<\/strong><\/p>\n\n\n\n<p>K\u00e4esoleva lepingu pealkirjad ja pealkirjad on esitatud \u00fcksnes mugavuse ja lihtsuse huvides ning neid ei kasutata mingil viisil lepinguosaliste kokkuleppe t\u00f5lgendamiseks v\u00f5i t\u00f5lgendamiseks, nagu k\u00e4esolevas lepingus on s\u00e4testatud teisiti.<\/p>\n\n\n\n<p><strong>16. SEERUMIV\u00d5IMALUS<\/strong><\/p>\n\n\n\n<p>Iga k\u00e4esolevas lepingus sisalduvat kohustust ja kokkulepet t\u00f5lgendatakse igal juhul eraldi ja iseseisva kohustusena v\u00f5i kokkuleppena. Kui p\u00e4dev kohus peab k\u00e4esoleva lepingu mis tahes s\u00e4tet (v\u00f5i s\u00e4tte osa) ebaseaduslikuks, kehtetuks v\u00f5i muul viisil j\u00f5ustamatuks, ei m\u00f5juta see k\u00e4esoleva lepingu \u00fclej\u00e4\u00e4nud s\u00e4tteid (v\u00f5i s\u00e4tete osi) ning need tunnistatakse kehtivaks ja j\u00f5ustatavaks seadusega lubatud ulatuses.<\/p>\n\n\n\n<p><strong>17. KONTAKTANDMED<\/strong><\/p>\n\n\n\n<p>Kui teil on k\u00e4esoleva lepingu kohta k\u00fcsimusi, v\u00f5tke meiega \u00fchendust e-posti v\u00f5i tavalise posti teel j\u00e4rgmisel aadressil:<\/p>\n\n\n\n<p>Brevo<br>Vilnius<br>ET robert.bartosevicz@gmail.com<\/p>","protected":false},"excerpt":{"rendered":"<p>PLEASE READ THIS TERMS OF SERVICE AGREEMENT CAREFULLY, AS IT CONTAINS IMPORTANT INFORMATION REGARDING YOUR LEGAL RIGHTS AND REMEDIES. Last Revised: 2022-07-17 09:08:55 1. OVERVIEW This Terms of Service Agreement (&#8220;Agreement&#8221;) is entered into by and between Brevo, registered address Vilnius, LT (&#8220;Company&#8221;) and you, and is made effective as of the date of your [&hellip;]<\/p>\n","protected":false},"author":2,"featured_media":0,"parent":0,"menu_order":0,"comment_status":"closed","ping_status":"closed","template":"","meta":{"_acf_changed":false,"_gspb_post_css":"","_kad_blocks_custom_css":"","_kad_blocks_head_custom_js":"","_kad_blocks_body_custom_js":"","_kad_blocks_footer_custom_js":"","footnotes":""},"class_list":["post-2040","page","type-page","status-publish","hentry"],"blocksy_meta":{"styles_descriptor":{"styles":{"desktop":"","tablet":"","mobile":""},"google_fonts":[],"version":6}},"acf":[],"taxonomy_info":[],"featured_image_src_large":false,"author_info":{"display_name":"internetini\u0173 k\u016brimas","author_link":"https:\/\/brevo.lt\/et\/author\/system\/"},"comment_info":0,"_links":{"self":[{"href":"https:\/\/brevo.lt\/et\/wp-json\/wp\/v2\/pages\/2040","targetHints":{"allow":["GET"]}}],"collection":[{"href":"https:\/\/brevo.lt\/et\/wp-json\/wp\/v2\/pages"}],"about":[{"href":"https:\/\/brevo.lt\/et\/wp-json\/wp\/v2\/types\/page"}],"author":[{"embeddable":true,"href":"https:\/\/brevo.lt\/et\/wp-json\/wp\/v2\/users\/2"}],"replies":[{"embeddable":true,"href":"https:\/\/brevo.lt\/et\/wp-json\/wp\/v2\/comments?post=2040"}],"version-history":[{"count":0,"href":"https:\/\/brevo.lt\/et\/wp-json\/wp\/v2\/pages\/2040\/revisions"}],"wp:attachment":[{"href":"https:\/\/brevo.lt\/et\/wp-json\/wp\/v2\/media?parent=2040"}],"curies":[{"name":"wp","href":"https:\/\/api.w.org\/{rel}","templated":true}]}}