{"id":3,"date":"2022-07-04T12:22:04","date_gmt":"2022-07-04T12:22:04","guid":{"rendered":"https:\/\/brevo.lt\/?page_id=3"},"modified":"2022-07-20T20:34:07","modified_gmt":"2022-07-20T20:34:07","slug":"privaatsuspoliitika","status":"publish","type":"page","link":"https:\/\/brevo.lt\/et\/privatumo-politika\/","title":{"rendered":"Privaatsuspoliitika"},"content":{"rendered":"<p><\/p>\n\n\n\n<p>Teie privaatsus on meile oluline, seega on Leedus asuv teenusepakkuja Brevo loonud j\u00e4rgmise privaatsuspoliitika (\"poliitika\"), et anda teile teada, millist teavet me kogume, kui k\u00fclastate meie veebilehte https:\/\/brevo.lt (\"veebileht\"), miks me seda kogume ja kuidas me seda kasutame.<\/p>\n\n\n\n<p>Terminid \"Sina\",\" \"Teie,\" \"Teie\" ja \"kasutaja\" viitavad meie veebilehte kasutavale \u00fcksusele\/isikule\/organisatsioonile.<\/p>\n\n\n\n<p>Kui k\u00e4esolevas eeskirjas on mainitud \"meie\", \"meid\" ja \"meie\", siis viitab see Brevole ja selle t\u00fctar- ja sidusettev\u00f5tetele.<\/p>\n\n\n\n<p>K\u00e4esolevat privaatsuspoliitikat reguleerivad meie teenusetingimused.<\/p>\n\n\n\n<p>Kui teil on k\u00fcsimusi k\u00e4esoleva poliitika kohta v\u00f5i kui teil on k\u00fcsimusi seoses isikuandmete t\u00f6\u00f6tlemisega, v\u00f5tke meiega \u00fchendust aadressil pergolabrevo@gmail.com.<\/p>\n\n\n\n<p><strong>1. TEAVE, MIDA ME SINULT KOGUME<\/strong><\/p>\n\n\n\n<p>Me kogume teie poolt meile esitatud teavet, mis on vajalik teie ja meie vahel s\u00f5lmitud lepingu n\u00f5uetekohaseks t\u00e4itmiseks ning v\u00f5imaldab meil t\u00e4ita oma seaduslikke kohustusi.<\/p>\n\n\n\n<p>Konto registreerimise andmed. Konto loomisel palume teil esitada registreerimisandmed, n\u00e4iteks e-posti aadress, nimi, telefon.<br>Kommunikatsioon, vestlused, s\u00f5numid. Kui te suhtlete meiega e-posti v\u00f5i m\u00f5ne muu<\/p>\n\n\n\n<p>muul viisil kogume teavet teie suhtluse ja mis tahes teabe kohta, mida te otsustate esitada v\u00f5i avalikustada. Teie p\u00e4ringule vastamiseks v\u00f5ime kasutada e-posti, vestluste, ostuajaloo jne kaudu esitatud teavet.<\/p>\n\n\n\n<p><strong>2. AUTOMAATSELT KOGUTUD TEAVE<\/strong><\/p>\n\n\n\n<p>Kui kasutate meie veebilehte v\u00f5i v\u00f5tate meiega otse \u00fchendust, v\u00f5ime koguda teavet, sealhulgas teie isikuandmeid, selle kohta, kuidas te meie veebilehel k\u00e4itute, milliseid teenuseid kasutate ja kuidas te neid kasutate.<\/p>\n\n\n\n<p>See teave on vajalik teie ja meie vahelise lepingu n\u00f5uetekohaseks t\u00e4itmiseks, et me saaksime t\u00e4ita \u00f5iguslikke kohustusi ning arvestades meie \u00f5igustatud huvi pakkuda ja parandada veebilehe funktsioone.<\/p>\n\n\n\n<p>Logiandmed ja seadmeandmed. Me kogume automaatselt logiandmeid ja seadmeandmeid, kui te kasutate veebilehte ja kasutate seda, isegi kui te ei ole kontot loonud ega sisse loginud. Need andmed h\u00f5lmavad muu hulgas j\u00e4rgmisi andmeid: Interneti-protokolli (IP) aadressid, brauseri t\u00fc\u00fcp, Interneti-teenuse pakkuja (ISP), viidatud\/v\u00e4ljumislehed, operatsioonis\u00fcsteem, kuup\u00e4ev\/kellaaeg, Clickstream andmed.<\/p>\n\n\n\n<p>J\u00e4litustehnoloogiad ja k\u00fcpsised. Me kasutame k\u00fcpsiseid, majakaid, m\u00e4rgiseid, CI-koode (kliki j\u00e4lgimine), ISC (allikate j\u00e4lgimine), ITC (esemete j\u00e4lgimiskoodid), telefoni mudelit, seadme ID-d, kliendi numbrit. Samuti kogume automaatselt teavet seadme operatsioonis\u00fcsteemi, .<\/p>\n\n\n\n<p><strong>3. KUIDAS ME TEIE ANDMEID KASUTAME<\/strong><\/p>\n\n\n\n<p>Me t\u00f6\u00f6tleme teie andmeid j\u00e4rgides \u00fcldisi andmet\u00f6\u00f6tlusp\u00f5him\u00f5tteid.<br>Me v\u00f5ime kasutada oma veebilehe kaudu kogutud teavet mitmel p\u00f5hjusel, sealhulgas selleks, et:<\/p>\n\n\n\n<p>tuvastada kasutaja, et luua konto, et luua usaldusv\u00e4\u00e4rne keskkond, et luua statistikat ja anal\u00fc\u00fcsida turgu, et p\u00fcsida \u00fchenduses.<\/p>\n\n\n\n<p>turunduse kohandamiseks arveldusteabe saatmiseks kasutaja tellimuste haldamiseks kasutajaga kontakteerumiseks teenuste parandamiseks<\/p>\n\n\n\n<p>andmete turvalisuse tagamiseks ja pettuste v\u00e4ltimiseks kohaldatavate seaduste t\u00e4itmiseks tagasiside taotlemiseks iseloomustuste avaldamiseks toetuse pakkumiseks<\/p>\n\n\n\n<p>Tavaliselt kogume teie isikuandmeid ainult siis, kui meil on selleks teie n\u00f5usolek, kui vajame isikuandmeid teiega s\u00f5lmitud lepingu t\u00e4itmiseks v\u00f5i kui t\u00f6\u00f6tlemine on meie \u00f5igustatud \u00e4rihuvide huvides.<\/p>\n\n\n\n<p><strong>4. OTSETURUNDUS<\/strong><\/p>\n\n\n\n<p>Me v\u00f5ime kasutada teie esitatud kontaktandmeid otseturunduseks. Need otseturunduspakkumised v\u00f5ivad s\u00f5ltuvalt teie eelistustest olla personaliseeritud, v\u00f5ttes arvesse muid andmeid, mida olete meile esitanud (nt asukoht, sotsiaalmeediaprofiili andmed jne) v\u00f5i mida oleme kogunud v\u00f5i genereerinud muudest allikatest, nagu allpool kirjeldatud.<\/p>\n\n\n\n<p>Kui soovite otseturunduse n\u00f5usoleku tagasi v\u00f5tta ja keelduda meilt teabe saamisest, v\u00f5ite seda v\u00f5imalust kasutada igal ajal, kui soovite, ajakohastades oma eelistusi oma kontol, j\u00e4rgides saadud e-kirjas toodud juhiseid tellimuse t\u00fchistamiseks, kl\u00f5psates selleks meie uudiskirjadega saadetud e-kirja allosas oleval lingil.<\/p>\n\n\n\n<p><strong>5. KOKKID<\/strong><\/p>\n\n\n\n<p>K\u00fcpsised on v\u00e4ikesed tekstifailid, mida teie veebilehitseja salvestab teie arvutisse, kui k\u00fclastate meie veebilehte. Me kasutame k\u00fcpsiseid, et parandada meie veebilehte ja muuta selle kasutamine lihtsamaks. K\u00fcpsised v\u00f5imaldavad meil kasutajaid \u00e4ra tunda ja v\u00e4ltida sama teabe korduvaid p\u00e4ringuid.<\/p>\n\n\n\n<p>Meie veebilehe k\u00fcpsiseid ei saa lugeda teised veebilehed. Enamik brausereid aktsepteerib k\u00fcpsiseid, kui te ei muuda oma brauseri seadeid nende keelamiseks.<\/p>\n\n\n\n<p>K\u00fcpsised, mida me kasutame meie saidil:<\/p>\n\n\n\n<p>Rangelt vajalikud k\u00fcpsised - Need k\u00fcpsised on vajalikud meie veebilehe toimimiseks. Need aitavad meil n\u00e4idata teile \u00f5iget teavet, kohandada teie kasutuskogemust ja v\u00f5imaldavad meil rakendada ja s\u00e4ilitada turvaelemente ning aidata meil tuvastada pahatahtlikku tegevust. Ilma nende k\u00fcpsisteta oleks veebilehe toimimine v\u00f5imatu v\u00f5i selle toimimine v\u00f5ib olla t\u00f5siselt h\u00e4iritud.<\/p>\n\n\n\n<p>Lisateavet k\u00fcpsiste kustutamise kohta ning muud kasulikku teavet k\u00fcpsiste kasutamise kohta leiate veebilehelt http:\/\/www.allaboutcookies.org\/.<\/p>\n\n\n\n<p><strong>6. MAKSMISEGA SEOTUD TEAVE<\/strong><\/p>\n\n\n\n<p>Meie teenuste tellimiseks ja kasutamiseks v\u00f5ime n\u00f5uda teilt teatud finantsteabe esitamist, et h\u00f5lbustada maksete t\u00f6\u00f6tlemist. V\u00f5ime koguda teie nime, krediit- v\u00f5i deebetkaardi t\u00fc\u00fcpi, kehtivusaega, arveldusaadressi, kaardinumbri teatud numbreid ja ostu \u00fcksikasju. T\u00e4psed kogutavad isikuandmed varieeruvad s\u00f5ltuvalt makseviisist.<\/p>\n\n\n\n<p><strong>7. KOLMANDATE ISIKUTE LINGID<\/strong><\/p>\n\n\n\n<p>Meie saidil v\u00f5ib olla linke teistele veebisaitidele. Palun tutvuge nende privaatsuspoliitikaga, et saada rohkem teavet selle kohta, kuidas nad teie isikuandmeid koguvad ja kasutavad, sest me ei kontrolli nende poliitikat ja isikuandmete t\u00f6\u00f6tlemise tavasid.<\/p>\n\n\n\n<p><strong>8. PIDAMINE<\/strong><\/p>\n\n\n\n<p>Me s\u00e4ilitame teie isikuandmeid, et pakkuda teile teenuseid ja kui see on muul viisil vajalik meie juriidiliste kohustuste t\u00e4itmiseks, vaidluste lahendamiseks ja meie lepingute j\u00f5ustamiseks.<\/p>\n\n\n\n<p>Me s\u00e4ilitame teie isikuandmeid nii kaua, kui meil on neid vaja teile teenuste osutamiseks, v\u00e4lja arvatud juhul, kui seadus v\u00f5i eeskirjad n\u00f5uavad, et me s\u00e4ilitaksime teie isikuandmeid kauem.<\/p>\n\n\n\n<p><strong>9. SINU \u00d5IGUSED<\/strong><\/p>\n\n\n\n<p>Teil on \u00f5igus mitmetele \u00f5igustele seoses teie isikuandmete kaitsega. Need \u00f5igused on j\u00e4rgmised:<\/p>\n\n\n\n<p>\u00d5igus tutvuda teie kohta k\u00e4iva teabega. Kui soovite juurdep\u00e4\u00e4su oma kogutud isikuandmetele, v\u00f5ite seda igal ajal teha, v\u00f5ttes meiega \u00fchendust, kasutades allpool esitatud kontaktandmeid.<\/p>\n\n\n\n<p>\u00d5igus parandada teie kohta k\u00e4ivaid ebat\u00e4pseid andmeid. Te saate oma isikuandmeid parandada, ajakohastada v\u00f5i n\u00f5uda nende kustutamist, v\u00f5ttes meiega \u00fchendust, kasutades allpool esitatud kontaktandmeid.<\/p>\n\n\n\n<p>\u00d5igus esitada vastuv\u00e4iteid t\u00f6\u00f6tlemise kohta. Kui me tugineme teie isikuandmete t\u00f6\u00f6tlemiseks teie n\u00f5usolekule, v\u00f5ite igal ajal n\u00f5usoleku tagasi v\u00f5tta, v\u00f5ttes meiega \u00fchendust, kasutades selleks allpool esitatud kontaktandmeid. See ei m\u00f5juta teie n\u00f5usoleku tagasiv\u00f5tmisele eelnenud t\u00f6\u00f6tlemise seaduslikkust.<\/p>\n\n\n\n<p>\u00d5igus esitada kaebus. Kui teie \u00f5igusi on rikutud, v\u00f5ite esitada k\u00fcsimusi v\u00f5i kaebusi oma elukohariigi riiklikule andmekaitseametile. Soovitame siiski p\u00fc\u00fcda j\u00f5uda v\u00f5imaliku vaidluse rahumeelse lahenduseni, v\u00f5ttes k\u00f5igepealt meiega \u00fchendust.<\/p>\n\n\n\n<p>\u00f5igus kustutada teid puudutavad andmed. Te v\u00f5ite n\u00f5uda andmete kustutamist p\u00f5hjendamatu viivituseta seaduslikel p\u00f5hjustel, nt kui andmed ei ole enam vajalikud nende kogumise eesm\u00e4rgil v\u00f5i kui andmeid on ebaseaduslikult t\u00f6\u00f6deldud.<\/p>\n\n\n\n<p><strong>10. POLIITIKA KOHALDAMINE<\/strong><\/p>\n\n\n\n<p>K\u00e4esolev poliitika on loodud TermsHubi privaatsusgeneraatori abil ja kehtib ainult meie ettev\u00f5tte pakutavate teenuste kohta. Meie poliitika ei kehti teiste ettev\u00f5tete v\u00f5i \u00fcksikisikute pakutavate teenuste suhtes, sealhulgas toodete v\u00f5i saitide suhtes, mida v\u00f5idakse teile kuvada otsingutulemustes, saitide suhtes, mis v\u00f5ivad sisaldada meie teenuseid v\u00f5i muid saite, mis on meie saidilt v\u00f5i teenustest lingitud.<\/p>\n\n\n\n<p><strong>11. MUUDATUSED<\/strong><\/p>\n\n\n\n<p>Meie poliitika v\u00f5ib aeg-ajalt muutuda. Me avaldame k\u00f5ik poliitika muudatused oma veebisaidil ja kui muudatused on olulised, v\u00f5ime kaaluda selgemate teadete edastamist (sealhulgas teatud teenuste puhul e-posti teel teavitamist poliitika muudatustest).<\/p>\n\n\n\n<p><strong>12. K\u00c4ESOLEVA POLIITIKA HEAKSKIITMINE<\/strong><\/p>\n\n\n\n<p>Eeldame, et k\u00f5ik selle veebilehe kasutajad on k\u00e4esoleva dokumendi hoolikalt l\u00e4bi lugenud ja n\u00f5ustuvad selle sisuga. Kui keegi ei n\u00f5ustu k\u00e4esoleva poliitikaga, peaks ta hoiduma meie veebilehe kasutamisest. Me j\u00e4tame endale \u00f5iguse muuta meie poliitikat igal ajal ja teavitada sellest punktis 11 osutatud viisil. Veebisaidi j\u00e4tkuv kasutamine t\u00e4hendab, et n\u00f5ustute muudetud poliitikaga.<\/p>\n\n\n\n<p><strong>13. T\u00c4IENDAV TEAVE<\/strong><\/p>\n\n\n\n<p>Kui teil on lisak\u00fcsimusi meie poolt kogutud andmete v\u00f5i nende kasutamise kohta, v\u00f5tke meiega \u00fchendust \u00fclaltoodud aadressil.<\/p>","protected":false},"excerpt":{"rendered":"<p>Your privacy is important to us, so Brevo, a service provider based in the Lithuania, has created the following Privacy Policy (&#8220;Policy&#8221;) to let you know what information we collect when you visit our Site https:\/\/brevo.lt (&#8220;Site&#8221;), why we collect it and how we use it. The terms &#8220;You,&#8221; &#8220;Your,&#8221; &#8220;Yours&#8221; and &#8220;User&#8221; refer to [&hellip;]<\/p>\n","protected":false},"author":1,"featured_media":0,"parent":0,"menu_order":0,"comment_status":"closed","ping_status":"closed","template":"","meta":{"_acf_changed":false,"_gspb_post_css":"","_kad_blocks_custom_css":"","_kad_blocks_head_custom_js":"","_kad_blocks_body_custom_js":"","_kad_blocks_footer_custom_js":"","footnotes":""},"class_list":["post-3","page","type-page","status-publish","hentry"],"blocksy_meta":{"styles_descriptor":{"styles":{"desktop":"","tablet":"","mobile":""},"google_fonts":[],"version":6}},"acf":[],"taxonomy_info":[],"featured_image_src_large":false,"author_info":{"display_name":"Pergolos Brevo","author_link":"https:\/\/brevo.lt\/et\/author\/pergolabrevogmail-com\/"},"comment_info":0,"_links":{"self":[{"href":"https:\/\/brevo.lt\/et\/wp-json\/wp\/v2\/pages\/3","targetHints":{"allow":["GET"]}}],"collection":[{"href":"https:\/\/brevo.lt\/et\/wp-json\/wp\/v2\/pages"}],"about":[{"href":"https:\/\/brevo.lt\/et\/wp-json\/wp\/v2\/types\/page"}],"author":[{"embeddable":true,"href":"https:\/\/brevo.lt\/et\/wp-json\/wp\/v2\/users\/1"}],"replies":[{"embeddable":true,"href":"https:\/\/brevo.lt\/et\/wp-json\/wp\/v2\/comments?post=3"}],"version-history":[{"count":0,"href":"https:\/\/brevo.lt\/et\/wp-json\/wp\/v2\/pages\/3\/revisions"}],"wp:attachment":[{"href":"https:\/\/brevo.lt\/et\/wp-json\/wp\/v2\/media?parent=3"}],"curies":[{"name":"wp","href":"https:\/\/api.w.org\/{rel}","templated":true}]}}