{"id":12173,"date":"2023-03-25T02:16:43","date_gmt":"2023-03-25T02:16:43","guid":{"rendered":"https:\/\/brevo.lt\/?post_type=product&#038;p=12173"},"modified":"2024-07-12T12:20:19","modified_gmt":"2024-07-12T12:20:19","slug":"markiisid-kalapuuk","status":"publish","type":"product","link":"https:\/\/brevo.lt\/et\/produktas\/stogine-ribollo\/","title":{"rendered":"Carport Ribollo"},"content":{"rendered":"<p>Selle markiisiga saate luua imelise koha oma kodu l\u00e4hedal. Ribolla Deponti esitleb autovarikatust, mida saab ehitada t\u00e4iesti iseseisvalt teie aeda. Selle katuse disain on t\u00e4iesti iseseisev. See t\u00e4hendab, et te ei s\u00f5ltu seina asukohast. Saate luua kaetud terrassi kuhu iganes soovite ja nautida \u00f5ues olemist t\u00e4iel m\u00e4\u00e4ral.Ribolla veranda sisaldab:<\/p>\n<p class=\"translation-block\">\u00dcks t\u00e4ielikult suletud tagasein, mis koosneb 14 Grillo taraosast 210 cm k\u00f5rgusest ja 250 cm k\u00f5rgustest esipostidest<br>\r\n\u00dcks t\u00e4ielikult suletud k\u00fclgsein, mis koosneb Grillo taraosadest ja on valikulise pol\u00fckarbonaadist v\u00f5tmeraamiga;<br>\r\n\u00dcks platvormi k\u00fclg, mis on valmistatud 6 grilli aia sektsioonist 90 cm k\u00f5rgusega;<br>\r\nTorustik ees 110\u00d7110;<br>\r\nBBQ aia sektsioonid ja postid tarnitakse suurtes m\u00f5\u00f5tudes ja need tuleb kohapeal m\u00f5\u00f5tu l\u00f5igata.<br>\r\nMaksimaalne laius kahe posti vahel on 4 meetrit. P\u00e4ritoluriik: Madalmaad.<\/p>","protected":false},"excerpt":{"rendered":"<p><img loading=\"lazy\" decoding=\"async\" class=\"alignnone wp-image-14645 size-full\" src=\"https:\/\/brevo.lt\/wp-content\/uploads\/2023\/03\/Screenshot-2023-04-16-at-12.50.16.png\" alt=\"\" width=\"1682\" height=\"468\" srcset=\"https:\/\/brevo.lt\/wp-content\/uploads\/2023\/03\/Screenshot-2023-04-16-at-12.50.16.png 1682w, https:\/\/brevo.lt\/wp-content\/uploads\/2023\/03\/Screenshot-2023-04-16-at-12.50.16-900x250.png 900w, https:\/\/brevo.lt\/wp-content\/uploads\/2023\/03\/Screenshot-2023-04-16-at-12.50.16-300x83.png 300w, https:\/\/brevo.lt\/wp-content\/uploads\/2023\/03\/Screenshot-2023-04-16-at-12.50.16-1024x285.png 1024w, https:\/\/brevo.lt\/wp-content\/uploads\/2023\/03\/Screenshot-2023-04-16-at-12.50.16-768x214.png 768w, https:\/\/brevo.lt\/wp-content\/uploads\/2023\/03\/Screenshot-2023-04-16-at-12.50.16-1536x427.png 1536w, https:\/\/brevo.lt\/wp-content\/uploads\/2023\/03\/Screenshot-2023-04-16-at-12.50.16-18x5.png 18w\" sizes=\"auto, (max-width: 1682px) 100vw, 1682px\" \/><\/p>","protected":false},"featured_media":19958,"comment_status":"open","ping_status":"closed","template":"","meta":{"_acf_changed":false,"_gspb_post_css":"","_kad_blocks_custom_css":"","_kad_blocks_head_custom_js":"","_kad_blocks_body_custom_js":"","_kad_blocks_footer_custom_js":""},"product_brand":[],"product_cat":[156],"product_tag":[],"class_list":{"0":"post-12173","1":"product","2":"type-product","3":"status-publish","4":"has-post-thumbnail","6":"product_cat-stogines","8":"first","9":"instock","10":"taxable","11":"shipping-taxable","12":"purchasable","13":"product-type-variable","14":"has-default-attributes"},"acf":[],"taxonomy_info":{"product_cat":[{"value":156,"label":"Stogin\u0117s"}]},"featured_image_src_large":["https:\/\/brevo.lt\/wp-content\/uploads\/2024\/07\/stogine_ribolla.webp",800,600,false],"author_info":[],"comment_info":0,"_links":{"self":[{"href":"https:\/\/brevo.lt\/et\/wp-json\/wp\/v2\/product\/12173","targetHints":{"allow":["GET"]}}],"collection":[{"href":"https:\/\/brevo.lt\/et\/wp-json\/wp\/v2\/product"}],"about":[{"href":"https:\/\/brevo.lt\/et\/wp-json\/wp\/v2\/types\/product"}],"replies":[{"embeddable":true,"href":"https:\/\/brevo.lt\/et\/wp-json\/wp\/v2\/comments?post=12173"}],"wp:featuredmedia":[{"embeddable":true,"href":"https:\/\/brevo.lt\/et\/wp-json\/wp\/v2\/media\/19958"}],"wp:attachment":[{"href":"https:\/\/brevo.lt\/et\/wp-json\/wp\/v2\/media?parent=12173"}],"wp:term":[{"taxonomy":"product_brand","embeddable":true,"href":"https:\/\/brevo.lt\/et\/wp-json\/wp\/v2\/product_brand?post=12173"},{"taxonomy":"product_cat","embeddable":true,"href":"https:\/\/brevo.lt\/et\/wp-json\/wp\/v2\/product_cat?post=12173"},{"taxonomy":"product_tag","embeddable":true,"href":"https:\/\/brevo.lt\/et\/wp-json\/wp\/v2\/product_tag?post=12173"}],"curies":[{"name":"wp","href":"https:\/\/api.w.org\/{rel}","templated":true}]}}