{"id":12853,"date":"2023-03-25T02:33:39","date_gmt":"2023-03-25T02:33:39","guid":{"rendered":"https:\/\/brevo.lt\/?post_type=product&#038;p=12853"},"modified":"2026-03-20T06:30:02","modified_gmt":"2026-03-20T06:30:02","slug":"pergola-bioklimaatiline-max","status":"publish","type":"product","link":"https:\/\/brevo.lt\/et\/produktas\/pergola-bioclimatic-max\/","title":{"rendered":"Pergola pergola Bioclimatic Max"},"content":{"rendered":"<p>Pergooli SB500 iseloomustab modernsus ja praktilisus. Kuumal suvep\u00e4eval v\u00f5ivad alumiiniumist latid kaitsta teid otsese p\u00e4ikesevalguse ja vihma eest. Kaugjuhitavaid lamelle saab h\u00f5lpsasti 90 kraadi v\u00f5rra p\u00f6\u00f6rata, mis v\u00f5imaldab teil reguleerida p\u00e4ikesevalguse hulka, mis teie pergolasse siseneb. Automaatne 24V mehhanism on varjatud ja vihma eest kaitstud. Pergolat saab kasutada aastaringselt nii puhkealana kui ka auto varjualusena. Alumiiniumkonstruktsioon on selle t\u00fc\u00fcpi pergola jaoks parim lahendus, kuna see ei vaja v\u00f5rreldes teiste materjalidega t\u00e4iendavat hooldust. Konstruktsiooni profiilid on valmistatud 5 mm alumiiniumprofiilidest, mis on pulberv\u00e4rvitud. S\u00fcsteem on varustatud integreeritud vee \u00e4ravoolus\u00fcsteemiga. Saadaolevad v\u00e4rvid: RAL9016 MATT, RAL 7016 \/ FSM71319, v\u00f5imalik tellida ka teisi mittestandardseid v\u00e4rve. Pergola v\u00f5ib olla vabalt seisev v\u00f5i seinale paigaldatav. S\u00fcsteemile saab paigaldada ka t\u00e4iendava LED-valgustuse. Maksimaalne lae k\u00f5rgus h max \u2264 2,8 m; konstruktsiooni k\u00f5rgus H max \u2264 3,09 m. P\u00e4ritoluriik: Poola.<\/p>","protected":false},"excerpt":{"rendered":"<p>Pergola SB500 pasi\u017eymi savo modernum\u0173 ir prakti\u0161kum\u0173. Kar\u0161ta vasaros diena varstomos aliuminin\u0117s lamel\u0117s gali i\u0161gelb\u0117ti Jus nuo tiesiogini\u0173 saul\u0117s spinduli\u0173 ir lietaus. Pulteliu valdomos lamel\u0117s lengvai pasisuka 90 laipsni\u0173 kamp\u0173, kuo pas\u0117koje galite reguliuoti patenkan\u010di\u0173 saul\u0117s spinduli\u0173 kiek\u012f J\u016bs\u0173 pav\u0117sin\u0117je. Automatinis 24V mechanizmas yra pasl\u0117ptas ir apsaugotas nuo lietaus. Pergolas galima naudoti i\u0161tiesus metus, tiek [&hellip;]<\/p>\n","protected":false},"featured_media":19987,"comment_status":"open","ping_status":"closed","template":"","meta":{"_acf_changed":false,"_gspb_post_css":"","_kad_blocks_custom_css":"","_kad_blocks_head_custom_js":"","_kad_blocks_body_custom_js":"","_kad_blocks_footer_custom_js":""},"product_brand":[],"product_cat":[155],"product_tag":[],"class_list":{"0":"post-12853","1":"product","2":"type-product","3":"status-publish","4":"has-post-thumbnail","6":"product_cat-pergola-pavesines","8":"first","9":"instock","10":"sale","11":"taxable","12":"shipping-taxable","13":"purchasable","14":"product-type-variable","15":"has-default-attributes"},"acf":[],"taxonomy_info":{"product_cat":[{"value":155,"label":"Pergola pav\u0117sin\u0117s"}]},"featured_image_src_large":["https:\/\/brevo.lt\/wp-content\/uploads\/2024\/08\/pergola_pavesine_bioclimatic_max.webp",800,600,false],"author_info":[],"comment_info":0,"_links":{"self":[{"href":"https:\/\/brevo.lt\/et\/wp-json\/wp\/v2\/product\/12853","targetHints":{"allow":["GET"]}}],"collection":[{"href":"https:\/\/brevo.lt\/et\/wp-json\/wp\/v2\/product"}],"about":[{"href":"https:\/\/brevo.lt\/et\/wp-json\/wp\/v2\/types\/product"}],"replies":[{"embeddable":true,"href":"https:\/\/brevo.lt\/et\/wp-json\/wp\/v2\/comments?post=12853"}],"wp:featuredmedia":[{"embeddable":true,"href":"https:\/\/brevo.lt\/et\/wp-json\/wp\/v2\/media\/19987"}],"wp:attachment":[{"href":"https:\/\/brevo.lt\/et\/wp-json\/wp\/v2\/media?parent=12853"}],"wp:term":[{"taxonomy":"product_brand","embeddable":true,"href":"https:\/\/brevo.lt\/et\/wp-json\/wp\/v2\/product_brand?post=12853"},{"taxonomy":"product_cat","embeddable":true,"href":"https:\/\/brevo.lt\/et\/wp-json\/wp\/v2\/product_cat?post=12853"},{"taxonomy":"product_tag","embeddable":true,"href":"https:\/\/brevo.lt\/et\/wp-json\/wp\/v2\/product_tag?post=12853"}],"curies":[{"name":"wp","href":"https:\/\/api.w.org\/{rel}","templated":true}]}}