{"id":14520,"date":"2023-04-16T10:19:07","date_gmt":"2023-04-16T10:19:07","guid":{"rendered":"https:\/\/brevo.lt\/?post_type=product&#038;p=14520"},"modified":"2025-08-26T06:00:03","modified_gmt":"2025-08-26T06:00:03","slug":"carport-pigato","status":"publish","type":"product","link":"https:\/\/brevo.lt\/et\/produktas\/stogine-pigato\/","title":{"rendered":"Carport Pigato"},"content":{"rendered":"<p class=\"translation-block\">\"Pigato on Brevo sarja luksuslik alumiiniumveranda. See veranda on tugevdatud terasliistuga katusekraaniprofiilis, nii et seda saab katta laminaatkattega. See annab teile suurep\u00e4rase valgustuse, mis v\u00f5imaldab nautida v\u00e4lisvaateid ilma valguse kaotamiseta majas, andes puhta luksuse tunde. 4 v\u00e4rvitoonis saadaval: RAL9001, RAL9016, RAL7024, RAL9005<br>\r\nSaadaval l\u00f5pmatu laius; vt tabelit allpool<br>\r\nValida saab nelja t\u00fc\u00fcpi balustrite vahel:<br>\r\nNelinurkne v\u00f5i poolringikujuline koos alusplaadiga (110x110x2500mm)<br>\r\nNelinurkne v\u00f5i poolringikujuline ilma alusplaadita (110x110x3000mm)<br>\r\nMaksimaalne kaugus kahe p\u00fcstiku vahel on 4 meetrit<br>\r\nPigato standardvarustuses on v\u00f5imalik valida \u00fcmmarguse v\u00f5i klassikalise karniisi vahel. Sirge karniis on saadaval lisatasu eest.<br>\r\nPigato on v\u00f5imalik tellida 44.2 klaasiga, pol\u00fckarbonaadist v\u00f5i ilma katusekatteta. Pigato koos klaasiga tarnitakse koos terasliitmikega. Pol\u00fckarbonaadiga Pigato tellimisel ei kuulu see terasvarustus komplekti. Sellisel juhul saab seda eraldi tellida.<br>\r\nPigato renni maksimaalne laius on 7060 mm. Laiemate Pigato verandade puhul tarnime veranda 2 osa koos \u00fchendusosaga.<br>\r\n7060 mm laiune Pigat ei ole saadaval RAL9001 v\u00e4rvuses.<br>\r\nPigat 6000 mm \u00fclekattega on saadaval ainult pol\u00fckarbonaadiga, opaal ja l\u00e4bipaistev. Meie 6m standardtalad ei ole tugevdatud. Te peate neid ise tugevdama, et need sobiksid korralikult. Me ei v\u00f5ta vastutust meie toodete v\u00e4\u00e4rkasutuse eest. P\u00e4ritoluriik.<\/p>","protected":false},"excerpt":{"rendered":"<p><img loading=\"lazy\" decoding=\"async\" class=\"alignnone wp-image-14642 size-full\" src=\"https:\/\/brevo.lt\/wp-content\/uploads\/2023\/04\/Screenshot-2023-04-16-at-12.48.45.png\" alt=\"\" width=\"1368\" height=\"324\" srcset=\"https:\/\/brevo.lt\/wp-content\/uploads\/2023\/04\/Screenshot-2023-04-16-at-12.48.45.png 1368w, https:\/\/brevo.lt\/wp-content\/uploads\/2023\/04\/Screenshot-2023-04-16-at-12.48.45-900x213.png 900w, https:\/\/brevo.lt\/wp-content\/uploads\/2023\/04\/Screenshot-2023-04-16-at-12.48.45-300x71.png 300w, https:\/\/brevo.lt\/wp-content\/uploads\/2023\/04\/Screenshot-2023-04-16-at-12.48.45-1024x243.png 1024w, https:\/\/brevo.lt\/wp-content\/uploads\/2023\/04\/Screenshot-2023-04-16-at-12.48.45-768x182.png 768w, https:\/\/brevo.lt\/wp-content\/uploads\/2023\/04\/Screenshot-2023-04-16-at-12.48.45-18x4.png 18w\" sizes=\"auto, (max-width: 1368px) 100vw, 1368px\" \/><\/p>","protected":false},"featured_media":19957,"comment_status":"open","ping_status":"closed","template":"","meta":{"_acf_changed":false,"_gspb_post_css":"","_kad_blocks_custom_css":"","_kad_blocks_head_custom_js":"","_kad_blocks_body_custom_js":"","_kad_blocks_footer_custom_js":""},"product_brand":[],"product_cat":[156],"product_tag":[],"class_list":{"0":"post-14520","1":"product","2":"type-product","3":"status-publish","4":"has-post-thumbnail","6":"product_cat-stogines","8":"first","9":"instock","10":"taxable","11":"shipping-taxable","12":"purchasable","13":"product-type-variable","14":"has-default-attributes"},"acf":[],"taxonomy_info":{"product_cat":[{"value":156,"label":"Stogin\u0117s"}]},"featured_image_src_large":["https:\/\/brevo.lt\/wp-content\/uploads\/2024\/07\/stogine_pigato.webp",800,600,false],"author_info":[],"comment_info":1,"_links":{"self":[{"href":"https:\/\/brevo.lt\/et\/wp-json\/wp\/v2\/product\/14520","targetHints":{"allow":["GET"]}}],"collection":[{"href":"https:\/\/brevo.lt\/et\/wp-json\/wp\/v2\/product"}],"about":[{"href":"https:\/\/brevo.lt\/et\/wp-json\/wp\/v2\/types\/product"}],"replies":[{"embeddable":true,"href":"https:\/\/brevo.lt\/et\/wp-json\/wp\/v2\/comments?post=14520"}],"wp:featuredmedia":[{"embeddable":true,"href":"https:\/\/brevo.lt\/et\/wp-json\/wp\/v2\/media\/19957"}],"wp:attachment":[{"href":"https:\/\/brevo.lt\/et\/wp-json\/wp\/v2\/media?parent=14520"}],"wp:term":[{"taxonomy":"product_brand","embeddable":true,"href":"https:\/\/brevo.lt\/et\/wp-json\/wp\/v2\/product_brand?post=14520"},{"taxonomy":"product_cat","embeddable":true,"href":"https:\/\/brevo.lt\/et\/wp-json\/wp\/v2\/product_cat?post=14520"},{"taxonomy":"product_tag","embeddable":true,"href":"https:\/\/brevo.lt\/et\/wp-json\/wp\/v2\/product_tag?post=14520"}],"curies":[{"name":"wp","href":"https:\/\/api.w.org\/{rel}","templated":true}]}}