{"id":14923,"date":"2023-05-31T09:25:08","date_gmt":"2023-05-31T09:25:08","guid":{"rendered":"https:\/\/brevo.lt\/?post_type=product&#038;p=14923"},"modified":"2025-03-03T08:59:25","modified_gmt":"2025-03-03T08:59:25","slug":"rodu-markiis-italia-rodu","status":"publish","type":"product","link":"https:\/\/brevo.lt\/et\/produktas\/balkonine-markize-italia-balcony\/","title":{"rendered":"R\u00f5du markiis Italia r\u00f5du"},"content":{"rendered":"<p>\"Italia Balcony\" on spetsiaalselt r\u00f5dudele m\u00f5eldud markiis, mist\u00f5ttu on sellel mudelil k\u00e4sipuu k\u00fclge kinnitatud k\u00e4etoed. Need kinnitatakse markiisi esiriba k\u00fclge konksude abil ja kangast saab reguleerida k\u00e4epidemete asendit reguleerides. Kanga pinget reguleeritakse k\u00e4sitsi, reguleerides keeratud kanga kogust nupu abil. Kangas ei ole optiliselt nurga all. See kaitseb mitte ainult r\u00f5du enda, vaid ka k\u00f5rvalasuvat ruumi p\u00e4ikese eest.<\/p>\n<p>T\u00e4nu oma lihtsale ja kergele konstruktsioonile sobib Italia Balcony ideaalselt enamikule r\u00f5dudele nii kortermajades kui ka \u00fchepereelamutes. Markiis paigaldatakse tavaliselt r\u00f5du s\u00fcvendisse v\u00f5i lakke, mist\u00f5ttu puudub vajadus t\u00e4iendava kardinakasseti j\u00e4rele. See muudab kogu konstruktsiooni kergemaks ja ei koorma kandekonstruktsiooni.<\/p>","protected":false},"excerpt":{"rendered":"<p>&#8220;Italia Balcony&#8221; &#8211; tai markiz\u0117, specialiai sukurta balkonams, tod\u0117l \u0161iame modelyje yra prie tur\u0117kl\u0173 tvirtinami porankiai. Jos prie priekin\u0117s markiz\u0117s juostos jungiamos kabliukais, o audeklo pasvirimo kampas kei\u010diamas reguliuojant ranken\u0173 pad\u0117t\u012f. Audinio \u012ftempimas nustatomas rankiniu b\u016bdu, reguliuojant susukto audinio kiek\u012f ranken\u0117le. Kampu pritvirtintas audinys opti\u0161kai neu\u017edaro erdv\u0117s. Jis apsaugo nuo saul\u0117s ne tik pat\u012f balkon\u0105, [&hellip;]<\/p>\n","protected":false},"featured_media":20053,"comment_status":"open","ping_status":"closed","template":"","meta":{"_acf_changed":false,"_gspb_post_css":"","_kad_blocks_custom_css":"","_kad_blocks_head_custom_js":"","_kad_blocks_body_custom_js":"","_kad_blocks_footer_custom_js":""},"product_brand":[],"product_cat":[209,224,201],"product_tag":[],"class_list":{"0":"post-14923","1":"product","2":"type-product","3":"status-publish","4":"has-post-thumbnail","6":"product_cat-nekasetines-markizes-balkonui","7":"product_cat-balkonines","8":"product_cat-markizes","10":"first","11":"instock","12":"sale","13":"taxable","14":"shipping-taxable","15":"purchasable","16":"product-type-variable","17":"has-default-attributes"},"acf":[],"taxonomy_info":{"product_cat":[{"value":209,"label":"Nekasetin\u0117s markiz\u0117s balkonui"},{"value":224,"label":"Balkonin\u0117s markiz\u0117s"},{"value":201,"label":"Markiz\u0117s"}]},"featured_image_src_large":["https:\/\/brevo.lt\/wp-content\/uploads\/2023\/05\/balkonine_markize_italia_balcony.webp",800,600,false],"author_info":[],"comment_info":2,"_links":{"self":[{"href":"https:\/\/brevo.lt\/et\/wp-json\/wp\/v2\/product\/14923","targetHints":{"allow":["GET"]}}],"collection":[{"href":"https:\/\/brevo.lt\/et\/wp-json\/wp\/v2\/product"}],"about":[{"href":"https:\/\/brevo.lt\/et\/wp-json\/wp\/v2\/types\/product"}],"replies":[{"embeddable":true,"href":"https:\/\/brevo.lt\/et\/wp-json\/wp\/v2\/comments?post=14923"}],"wp:featuredmedia":[{"embeddable":true,"href":"https:\/\/brevo.lt\/et\/wp-json\/wp\/v2\/media\/20053"}],"wp:attachment":[{"href":"https:\/\/brevo.lt\/et\/wp-json\/wp\/v2\/media?parent=14923"}],"wp:term":[{"taxonomy":"product_brand","embeddable":true,"href":"https:\/\/brevo.lt\/et\/wp-json\/wp\/v2\/product_brand?post=14923"},{"taxonomy":"product_cat","embeddable":true,"href":"https:\/\/brevo.lt\/et\/wp-json\/wp\/v2\/product_cat?post=14923"},{"taxonomy":"product_tag","embeddable":true,"href":"https:\/\/brevo.lt\/et\/wp-json\/wp\/v2\/product_tag?post=14923"}],"curies":[{"name":"wp","href":"https:\/\/api.w.org\/{rel}","templated":true}]}}