{"id":14958,"date":"2023-05-31T16:43:44","date_gmt":"2023-05-31T16:43:44","guid":{"rendered":"https:\/\/brevo.lt\/?post_type=product&#038;p=14958"},"modified":"2026-04-12T20:56:18","modified_gmt":"2026-04-12T20:56:18","slug":"terrassimarkiis-korsika","status":"publish","type":"product","link":"https:\/\/brevo.lt\/et\/produktas\/terasine-markize-corsica\/","title":{"rendered":"Terrassimarkiis Korsika"},"content":{"rendered":"<p>\"Corsica\" markiis v\u00f5imaldab nautida sooje suve\u00f5htuid - LED-riba on ehitatud markiisi alumise osa maskeerimisraami sisse. Markiisil on poolkassett, mis kaitseb kangast ja k\u00e4epidemeid ebasoodsate ilmastikuolude eest. Seina k\u00fclge paigaldatuna toimib s\u00fcsteem nagu t\u00e4is-kassettmarkiis. Konstruktsioon on valmistatud pressitud alumiiniumist, mis tagab selle suure vastupidavuse. Ka k\u00fclgkatted on valmistatud alumiiniumist. K\u00e4epidemed on varustatud Flyer-kettidega, mis tagavad usaldusv\u00e4\u00e4rse ja ohutu toimimise ka siis, kui markiis on suur.<\/p>","protected":false},"excerpt":{"rendered":"<p>&#8220;Corsica&#8221; markiz\u0117 leid\u017eia m\u0117gautis \u0161iltais vasaros vakarais &#8211; \u0161io modelio LED juostel\u0117 \u012fmontuota \u012f apatin\u0117je markiz\u0117s dalyje esant\u012f maskuojam\u0105j\u012f r\u0117mel\u012f. Markiz\u0117 turi pusiau kaset\u0119, kuri apsaugo audin\u012f ir rankenas nuo nepalanki\u0173 oro s\u0105lyg\u0173. Montuojant prie sienos, sistema veikia kaip markiz\u0117 su visa kasete. Konstrukcija pagaminta i\u0161 ekstruzinio aliuminio, kuris u\u017etikrina didel\u012f jos patvarum\u0105. \u0160oniniai dangteliai [&hellip;]<\/p>\n","protected":false},"featured_media":19948,"comment_status":"open","ping_status":"closed","template":"","meta":{"_acf_changed":false,"_gspb_post_css":"","_kad_blocks_custom_css":"","_kad_blocks_head_custom_js":"","_kad_blocks_body_custom_js":"","_kad_blocks_footer_custom_js":""},"product_brand":[],"product_cat":[214,201,225],"product_tag":[],"class_list":{"0":"post-14958","1":"product","2":"type-product","3":"status-publish","4":"has-post-thumbnail","6":"product_cat-kasetines-markizes-terasai","7":"product_cat-markizes","8":"product_cat-terasines","10":"first","11":"instock","12":"sale","13":"taxable","14":"shipping-taxable","15":"purchasable","16":"product-type-variable","17":"has-default-attributes"},"acf":[],"taxonomy_info":{"product_cat":[{"value":214,"label":"Kasetin\u0117s markiz\u0117s terasai"},{"value":201,"label":"Markiz\u0117s"},{"value":225,"label":"Terasin\u0117s markiz\u0117s"}]},"featured_image_src_large":["https:\/\/brevo.lt\/wp-content\/uploads\/2024\/07\/terasine_markize_corsica.webp",800,600,false],"author_info":[],"comment_info":1,"_links":{"self":[{"href":"https:\/\/brevo.lt\/et\/wp-json\/wp\/v2\/product\/14958","targetHints":{"allow":["GET"]}}],"collection":[{"href":"https:\/\/brevo.lt\/et\/wp-json\/wp\/v2\/product"}],"about":[{"href":"https:\/\/brevo.lt\/et\/wp-json\/wp\/v2\/types\/product"}],"replies":[{"embeddable":true,"href":"https:\/\/brevo.lt\/et\/wp-json\/wp\/v2\/comments?post=14958"}],"wp:featuredmedia":[{"embeddable":true,"href":"https:\/\/brevo.lt\/et\/wp-json\/wp\/v2\/media\/19948"}],"wp:attachment":[{"href":"https:\/\/brevo.lt\/et\/wp-json\/wp\/v2\/media?parent=14958"}],"wp:term":[{"taxonomy":"product_brand","embeddable":true,"href":"https:\/\/brevo.lt\/et\/wp-json\/wp\/v2\/product_brand?post=14958"},{"taxonomy":"product_cat","embeddable":true,"href":"https:\/\/brevo.lt\/et\/wp-json\/wp\/v2\/product_cat?post=14958"},{"taxonomy":"product_tag","embeddable":true,"href":"https:\/\/brevo.lt\/et\/wp-json\/wp\/v2\/product_tag?post=14958"}],"curies":[{"name":"wp","href":"https:\/\/api.w.org\/{rel}","templated":true}]}}