{"id":15647,"date":"2023-05-31T23:04:57","date_gmt":"2023-05-31T23:04:57","guid":{"rendered":"https:\/\/brevo.lt\/?post_type=product&#038;p=15647"},"modified":"2026-04-12T20:55:32","modified_gmt":"2026-04-12T20:55:32","slug":"terrassimarkiisid-austraalia","status":"publish","type":"product","link":"https:\/\/brevo.lt\/et\/produktas\/terasine-markize-australia\/","title":{"rendered":"Terrassimarkiisid Austraalia"},"content":{"rendered":"<p>Austraalia markiis on mittekassettide s\u00fcsteem, mis p\u00f5hineb ruudukujulisel tugiribal. Markiisi konstruktsioon v\u00f5imaldab seda paigaldada ka v\u00e4ikesele paigalduspinnale. Suuremate markiiside puhul kasutatakse rulltoru t\u00e4iendavat tugevdamist, et v\u00e4ltida kanga deformeerumist ja eba\u00fchtlast p\u00f6\u00f6rlemist.<br \/>\nSelles s\u00fcsteemis v\u00f5ib kasutada ka teleskooptoediseid. K\u00e4epidemed on varustatud Flyer-kettidega, mis tagavad usaldusv\u00e4\u00e4rse ja ohutu t\u00f6\u00f6 ka suurte markiisim\u00f5\u00f5tmete korral. Markiis on valmistatud pressitud alumiiniumist, mis tagab suure vastupidavuse ja pika eluea.<\/p>","protected":false},"excerpt":{"rendered":"<p>Australijos markiz\u0117 &#8211; tai nekasetin\u0117 sistema, kurios konstrukcijos pagrindas yra atraminis kvadratinis strypas. Markiz\u0117s konstrukcija leid\u017eia j\u0105 montuoti net ant ma\u017eo montavimo pavir\u0161iaus. Esant dideliam markiz\u0117s plo\u010diui, naudojamas papildomas ritininio vamzd\u017eio sutvirtinimas, kad jis nesideformuot\u0173 ir audinys netolygiai nesisukt\u0173. \u0160ioje sistemoje taip pat galima naudoti teleskopines atramas. Rankenos turi &#8220;Flyer&#8221; grandines, kurios u\u017etikrina patikim\u0105 ir [&hellip;]<\/p>\n","protected":false},"featured_media":19946,"comment_status":"open","ping_status":"closed","template":"","meta":{"_acf_changed":false,"_gspb_post_css":"","_kad_blocks_custom_css":"","_kad_blocks_head_custom_js":"","_kad_blocks_body_custom_js":"","_kad_blocks_footer_custom_js":""},"product_brand":[],"product_cat":[204,201,225],"product_tag":[],"class_list":{"0":"post-15647","1":"product","2":"type-product","3":"status-publish","4":"has-post-thumbnail","6":"product_cat-nekasetines-markizes-terasai","7":"product_cat-markizes","8":"product_cat-terasines","10":"first","11":"instock","12":"sale","13":"taxable","14":"shipping-taxable","15":"purchasable","16":"product-type-variable","17":"has-default-attributes"},"acf":[],"taxonomy_info":{"product_cat":[{"value":204,"label":"Nekasetin\u0117s markiz\u0117s terasai"},{"value":201,"label":"Markiz\u0117s"},{"value":225,"label":"Terasin\u0117s markiz\u0117s"}]},"featured_image_src_large":["https:\/\/brevo.lt\/wp-content\/uploads\/2023\/05\/terasine_markize_australia.webp.webp",800,600,false],"author_info":[],"comment_info":1,"_links":{"self":[{"href":"https:\/\/brevo.lt\/et\/wp-json\/wp\/v2\/product\/15647","targetHints":{"allow":["GET"]}}],"collection":[{"href":"https:\/\/brevo.lt\/et\/wp-json\/wp\/v2\/product"}],"about":[{"href":"https:\/\/brevo.lt\/et\/wp-json\/wp\/v2\/types\/product"}],"replies":[{"embeddable":true,"href":"https:\/\/brevo.lt\/et\/wp-json\/wp\/v2\/comments?post=15647"}],"wp:featuredmedia":[{"embeddable":true,"href":"https:\/\/brevo.lt\/et\/wp-json\/wp\/v2\/media\/19946"}],"wp:attachment":[{"href":"https:\/\/brevo.lt\/et\/wp-json\/wp\/v2\/media?parent=15647"}],"wp:term":[{"taxonomy":"product_brand","embeddable":true,"href":"https:\/\/brevo.lt\/et\/wp-json\/wp\/v2\/product_brand?post=15647"},{"taxonomy":"product_cat","embeddable":true,"href":"https:\/\/brevo.lt\/et\/wp-json\/wp\/v2\/product_cat?post=15647"},{"taxonomy":"product_tag","embeddable":true,"href":"https:\/\/brevo.lt\/et\/wp-json\/wp\/v2\/product_tag?post=15647"}],"curies":[{"name":"wp","href":"https:\/\/api.w.org\/{rel}","templated":true}]}}