{"id":15809,"date":"2023-05-31T23:10:07","date_gmt":"2023-05-31T23:10:07","guid":{"rendered":"https:\/\/brevo.lt\/?post_type=product&#038;p=15809"},"modified":"2025-03-03T09:00:46","modified_gmt":"2025-03-03T09:00:46","slug":"terrassimarkiisid-jamaica","status":"publish","type":"product","link":"https:\/\/brevo.lt\/et\/produktas\/terasine-markize-jamaica\/","title":{"rendered":"Terrassimarkiis Jamaica"},"content":{"rendered":"<p>\"Jamaica\" on mittekassetne markiis, mida soovitatakse restorani terrasside v\u00f5i kohvikute aedade katmiseks. Samuti sobib see suurep\u00e4raselt osana kodusest istumisalast. Selle vastupidav konstruktsioon tagab t\u00f5rgeteta kasutamise ka suure koormuse korral. Seda valitakse sageli kaubanduslikuks kasutamiseks. Jamaica markiisi saab t\u00e4iendada praktilise kattega, mis katab esteetiliselt rullitud kangast. Alumiiniumist kokkupandavad varred on varustatud Flyer-ketis\u00fcsteemiga, mis tugevdab t\u00e4iendavalt markiisi liigeseid, tagades seega markiisi usaldusv\u00e4\u00e4rse toimimise paljudeks aastateks. Markiisi teine eelis on v\u00f5imalus kasutada Rollo-Volant valangut eraldi manuaalse ajamiga.<\/p>","protected":false},"excerpt":{"rendered":"<p>&#8220;Jamaica&#8221; &#8211; tai nekasetinis tentas, rekomenduojamas u\u017edengti restoran\u0173 terasas ar kavini\u0173 sodus. Ji taip pat puikiai tiks kaip poilsio zonos dalis namuose. Jos patvari konstrukcija u\u017etikrina net ir intensyv\u0173 naudojim\u0105 be r\u016bpes\u010di\u0173. Ji da\u017enai pasirenkama komerciniam naudojimui. Jamaikos markiz\u0119 galima papildyti prakti\u0161ku gaubtu, kuris esteti\u0161kai u\u017edengia susukt\u0105 audin\u012f. I\u0161 aliuminio pagamintose sulankstomose rankose \u012frengta &#8220;Flyer&#8221; [&hellip;]<\/p>\n","protected":false},"featured_media":19950,"comment_status":"open","ping_status":"closed","template":"","meta":{"_acf_changed":false,"_gspb_post_css":"","_kad_blocks_custom_css":"","_kad_blocks_head_custom_js":"","_kad_blocks_body_custom_js":"","_kad_blocks_footer_custom_js":""},"product_brand":[],"product_cat":[204,201,225],"product_tag":[],"class_list":{"0":"post-15809","1":"product","2":"type-product","3":"status-publish","4":"has-post-thumbnail","6":"product_cat-nekasetines-markizes-terasai","7":"product_cat-markizes","8":"product_cat-terasines","10":"first","11":"instock","12":"sale","13":"taxable","14":"shipping-taxable","15":"purchasable","16":"product-type-variable","17":"has-default-attributes"},"acf":[],"taxonomy_info":{"product_cat":[{"value":204,"label":"Nekasetin\u0117s markiz\u0117s terasai"},{"value":201,"label":"Markiz\u0117s"},{"value":225,"label":"Terasin\u0117s markiz\u0117s"}]},"featured_image_src_large":["https:\/\/brevo.lt\/wp-content\/uploads\/2024\/07\/terasine_markize_jamaica.webp",800,600,false],"author_info":[],"comment_info":7,"_links":{"self":[{"href":"https:\/\/brevo.lt\/et\/wp-json\/wp\/v2\/product\/15809","targetHints":{"allow":["GET"]}}],"collection":[{"href":"https:\/\/brevo.lt\/et\/wp-json\/wp\/v2\/product"}],"about":[{"href":"https:\/\/brevo.lt\/et\/wp-json\/wp\/v2\/types\/product"}],"replies":[{"embeddable":true,"href":"https:\/\/brevo.lt\/et\/wp-json\/wp\/v2\/comments?post=15809"}],"wp:featuredmedia":[{"embeddable":true,"href":"https:\/\/brevo.lt\/et\/wp-json\/wp\/v2\/media\/19950"}],"wp:attachment":[{"href":"https:\/\/brevo.lt\/et\/wp-json\/wp\/v2\/media?parent=15809"}],"wp:term":[{"taxonomy":"product_brand","embeddable":true,"href":"https:\/\/brevo.lt\/et\/wp-json\/wp\/v2\/product_brand?post=15809"},{"taxonomy":"product_cat","embeddable":true,"href":"https:\/\/brevo.lt\/et\/wp-json\/wp\/v2\/product_cat?post=15809"},{"taxonomy":"product_tag","embeddable":true,"href":"https:\/\/brevo.lt\/et\/wp-json\/wp\/v2\/product_tag?post=15809"}],"curies":[{"name":"wp","href":"https:\/\/api.w.org\/{rel}","templated":true}]}}