{"id":16101,"date":"2023-05-31T23:21:39","date_gmt":"2023-05-31T23:21:39","guid":{"rendered":"https:\/\/brevo.lt\/?post_type=product&#038;p=16101"},"modified":"2026-04-12T20:56:02","modified_gmt":"2026-04-12T20:56:02","slug":"turmaliin-marquise-itaalia","status":"publish","type":"product","link":"https:\/\/brevo.lt\/et\/produktas\/turekline-markize-italia\/","title":{"rendered":"Italia piirdega markiis"},"content":{"rendered":"<p>T\u00e4nu oma lihtsale ja kergele disainile sobib Italia markiis ideaalselt traditsiooniliste akende ja v\u00e4ikeste r\u00f5dude jaoks elamutes, hotellides v\u00f5i k\u00fclalistemajades. Pakitud kangas on peidetud alumiiniumkassetti, mis kaitseb materjali mustuse ja kahjustuste eest.<br \/>\nAlumiiniumist k\u00e4epidemetel on spetsiaalne vedru, mis hoiab kanga pingul ja takistab soovimatut voltimist tuulesurve korral. Markiisi saab avada ja sulgeda k\u00e4sitsi v\u00f5i elektrilise ajamiga. Suur kangavalik ja v\u00f5imalus valida voldiku kuju v\u00f5imaldavad markiisi optimaalselt kohandada hoone arhitektuuriga.<\/p>","protected":false},"excerpt":{"rendered":"<p>D\u0117l savo paprastos ir lengvos konstrukcijos markiz\u0117 &#8220;Italia&#8221; puikiai tiks tradiciniams gyvenam\u0173j\u0173 nam\u0173, vie\u0161bu\u010di\u0173 ar sve\u010di\u0173 nam\u0173 langams ir nedideliems balkonams. Suvyniotas audinys paslepiamas aliuminio kaset\u0117je, kuri apsaugo med\u017eiag\u0105 nuo purvo ir pa\u017eeidim\u0173. Aliuminin\u0117s rankenos turi speciali\u0105 spyruokl\u0119, kuri u\u017etikrina audinio \u012ftempim\u0105 ir apsaugo nuo nepageidaujamo sulankstymo spaud\u017eiant v\u0117jui. Markiz\u0119 galima atidaryti ir u\u017edaryti rankiniu [&hellip;]<\/p>\n","protected":false},"featured_media":20054,"comment_status":"open","ping_status":"closed","template":"","meta":{"_acf_changed":false,"_gspb_post_css":"","_kad_blocks_custom_css":"","_kad_blocks_head_custom_js":"","_kad_blocks_body_custom_js":"","_kad_blocks_footer_custom_js":""},"product_brand":[],"product_cat":[202,224,373,201],"product_tag":[],"class_list":{"0":"post-16101","1":"product","2":"type-product","3":"status-publish","4":"has-post-thumbnail","6":"product_cat-kasetines-markizes-balkonui","7":"product_cat-balkonines","8":"product_cat-kasetines","9":"product_cat-markizes","11":"first","12":"instock","13":"sale","14":"taxable","15":"shipping-taxable","16":"purchasable","17":"product-type-variable","18":"has-default-attributes"},"acf":[],"taxonomy_info":{"product_cat":[{"value":202,"label":"Kasetin\u0117s markiz\u0117s balkonui"},{"value":224,"label":"Balkonin\u0117s markiz\u0117s"},{"value":373,"label":"Kasetin\u0117s markiz\u0117s"},{"value":201,"label":"Markiz\u0117s"}]},"featured_image_src_large":["https:\/\/brevo.lt\/wp-content\/uploads\/2023\/05\/turekline_markize_italia.webp",800,600,false],"author_info":[],"comment_info":0,"_links":{"self":[{"href":"https:\/\/brevo.lt\/et\/wp-json\/wp\/v2\/product\/16101","targetHints":{"allow":["GET"]}}],"collection":[{"href":"https:\/\/brevo.lt\/et\/wp-json\/wp\/v2\/product"}],"about":[{"href":"https:\/\/brevo.lt\/et\/wp-json\/wp\/v2\/types\/product"}],"replies":[{"embeddable":true,"href":"https:\/\/brevo.lt\/et\/wp-json\/wp\/v2\/comments?post=16101"}],"wp:featuredmedia":[{"embeddable":true,"href":"https:\/\/brevo.lt\/et\/wp-json\/wp\/v2\/media\/20054"}],"wp:attachment":[{"href":"https:\/\/brevo.lt\/et\/wp-json\/wp\/v2\/media?parent=16101"}],"wp:term":[{"taxonomy":"product_brand","embeddable":true,"href":"https:\/\/brevo.lt\/et\/wp-json\/wp\/v2\/product_brand?post=16101"},{"taxonomy":"product_cat","embeddable":true,"href":"https:\/\/brevo.lt\/et\/wp-json\/wp\/v2\/product_cat?post=16101"},{"taxonomy":"product_tag","embeddable":true,"href":"https:\/\/brevo.lt\/et\/wp-json\/wp\/v2\/product_tag?post=16101"}],"curies":[{"name":"wp","href":"https:\/\/api.w.org\/{rel}","templated":true}]}}