{"id":16154,"date":"2023-06-01T00:26:38","date_gmt":"2023-06-01T00:26:38","guid":{"rendered":"https:\/\/brevo.lt\/?post_type=product&#038;p=16154"},"modified":"2025-08-26T06:00:03","modified_gmt":"2025-08-26T06:00:03","slug":"casablanca-terrassimarkiisid","status":"publish","type":"product","link":"https:\/\/brevo.lt\/et\/produktas\/terasine-markize-casablanca\/","title":{"rendered":"Terrassimarkiis Casablanca"},"content":{"rendered":"<p>\"Casablanca\" markiis on varustatud t\u00e4ielikult suletud kassetiga, mis t\u00e4iendab markiisi moodsat kuju, kaitstes samal ajal kangast ja k\u00e4epidemeid ilmastiku eest. T\u00e4iendavad kaitsvad tihendid kaitsevad t\u00e4ielikult kangast kasseti sees.<br \/>\nKonstruktsioon on valmistatud pressitud alumiiniumist, mis tagab suure vastupidavuse. Ka k\u00fclgkatted on valmistatud alumiiniumist. K\u00e4epidemed on varustatud Flyer-kettidega, mis tagavad usaldusv\u00e4\u00e4rse ja ohutu toimimise ka siis, kui markiis on suur.<\/p>","protected":false},"excerpt":{"rendered":"<p>&#8220;Casablanca&#8221; markiz\u0117je \u012frengta pilna u\u017edara kaset\u0117, kuri i\u0161ry\u0161kina moderni\u0105 markiz\u0117s form\u0105 ir kartu apsaugo audin\u012f ir rankenas nuo nepalanki\u0173 oro s\u0105lyg\u0173. Kad audinys kaset\u0117s viduje b\u016bt\u0173 visi\u0161kai apsaugotas, naudojamos papildomos apsaugin\u0117s tarpin\u0117s. Konstrukcija pagaminta i\u0161 ekstruzinio aliuminio, kuris u\u017etikrina didel\u012f jos patvarum\u0105. \u0160oniniai dangteliai taip pat pagaminti i\u0161 aliuminio. Ant ranken\u0173 sumontuotos &#8220;Flyer&#8221; grandin\u0117s, kurios [&hellip;]<\/p>\n","protected":false},"featured_media":19947,"comment_status":"open","ping_status":"closed","template":"","meta":{"_acf_changed":false,"_gspb_post_css":"","_kad_blocks_custom_css":"","_kad_blocks_head_custom_js":"","_kad_blocks_body_custom_js":"","_kad_blocks_footer_custom_js":""},"product_brand":[],"product_cat":[214,373,201,225],"product_tag":[],"class_list":{"0":"post-16154","1":"product","2":"type-product","3":"status-publish","4":"has-post-thumbnail","6":"product_cat-kasetines-markizes-terasai","7":"product_cat-kasetines","8":"product_cat-markizes","9":"product_cat-terasines","11":"first","12":"instock","13":"sale","14":"taxable","15":"shipping-taxable","16":"purchasable","17":"product-type-variable","18":"has-default-attributes"},"acf":[],"taxonomy_info":{"product_cat":[{"value":214,"label":"Kasetin\u0117s markiz\u0117s terasai"},{"value":373,"label":"Kasetin\u0117s markiz\u0117s"},{"value":201,"label":"Markiz\u0117s"},{"value":225,"label":"Terasin\u0117s markiz\u0117s"}]},"featured_image_src_large":["https:\/\/brevo.lt\/wp-content\/uploads\/2024\/07\/terasine_markize_casablanca.webp",800,600,false],"author_info":[],"comment_info":15,"_links":{"self":[{"href":"https:\/\/brevo.lt\/et\/wp-json\/wp\/v2\/product\/16154","targetHints":{"allow":["GET"]}}],"collection":[{"href":"https:\/\/brevo.lt\/et\/wp-json\/wp\/v2\/product"}],"about":[{"href":"https:\/\/brevo.lt\/et\/wp-json\/wp\/v2\/types\/product"}],"replies":[{"embeddable":true,"href":"https:\/\/brevo.lt\/et\/wp-json\/wp\/v2\/comments?post=16154"}],"wp:featuredmedia":[{"embeddable":true,"href":"https:\/\/brevo.lt\/et\/wp-json\/wp\/v2\/media\/19947"}],"wp:attachment":[{"href":"https:\/\/brevo.lt\/et\/wp-json\/wp\/v2\/media?parent=16154"}],"wp:term":[{"taxonomy":"product_brand","embeddable":true,"href":"https:\/\/brevo.lt\/et\/wp-json\/wp\/v2\/product_brand?post=16154"},{"taxonomy":"product_cat","embeddable":true,"href":"https:\/\/brevo.lt\/et\/wp-json\/wp\/v2\/product_cat?post=16154"},{"taxonomy":"product_tag","embeddable":true,"href":"https:\/\/brevo.lt\/et\/wp-json\/wp\/v2\/product_tag?post=16154"}],"curies":[{"name":"wp","href":"https:\/\/api.w.org\/{rel}","templated":true}]}}