{"id":18512,"date":"2024-02-09T23:34:13","date_gmt":"2024-02-09T23:34:13","guid":{"rendered":"https:\/\/brevo.lt\/?post_type=product&#038;p=18512"},"modified":"2024-12-13T12:04:05","modified_gmt":"2024-12-13T12:04:05","slug":"pergola-bioklimaatiline-select","status":"publish","type":"product","link":"https:\/\/brevo.lt\/et\/produktas\/pergola-bioclimatic-select\/","title":{"rendered":"Pergola pergola Bioclimatic Select"},"content":{"rendered":"<p>Avage uks oma uude vabaajaruumi selle erilise Pergola Bioclimatic Selectiga! See ei ole mitte ainult mitmek\u00fclgne ja lihtne paigaldada, vaid ka t\u00f5eliselt t\u00e4iustatud ja vastupidav pergola, mis on valmistatud t\u00e4ielikult k\u00f5rgekvaliteedilisest alumiiniumist.<\/p>\n<p>Selle pergola laius on 3500 mm ja k\u00f5rgus 2500 mm ning me anname teile valida mitme erineva pikkuse vahel: 3400 mm, 3850 mm, 4300 mm v\u00f5i 4750 mm. See t\u00e4hendab, et saate seda kohandada vastavalt oma keskkonnale ja vajadustele. Veelgi suurema kohandamisvabaduse tagamiseks saate valida kahe elegantse v\u00e4rvi vahel - elegantne valge (RAL 9016 MAT) v\u00f5i trendikas antratsiit (RAL 7016 MAT).<\/p>\n<p>Meie pergola lamedad terad ei paku mitte ainult esteetilist v\u00e4limust, vaid tagavad ka t\u00f5husa vee \u00e4ravoolu, luues samal ajal sileda ja tugeva pinna. See on rohkem kui lihtsalt pergola, see on v\u00f5imalus kogeda iseseisvat aega \u00f5ues aastaringselt. Lisaks n\u00e4eb pergola disain ette kaks \u00e4ravoolukraani, millest iga\u00fches on kaks \u00e4ravooluava, mis v\u00f5imaldavad vett otse jalgadesse juhtida.<\/p>\n<p>Ja see pole veel k\u00f5ik! Meie pergola katuse labade avanemisnurka reguleeritakse elektrimootori abil, mis on samuti puldiga kaasas. See t\u00e4hendab, et saate seda pergooli h\u00f5lpsasti juhtida oma mugavast asukohast.<\/p>\n<p>Samuti tahame, et te teaksite, et see pergola vastab k\u00f5igile CE-sertifikaadi n\u00f5uetele, mis tagab teile mitte ainult stiili, vaid ka ohutuse. Las see pergola saab teie uueks vaba aja oaasiks, kus saate nautida iga p\u00e4ev aastas!<\/p>","protected":false},"excerpt":{"rendered":"<p>Atverkite duris \u012f savo nauj\u0105j\u0105 laisvalaikio erdv\u0119 su \u0161ia ypatinga Pergola Bioclimatic Select! Tai ne tik universalus ir lengvai montuojamas modelis, tai &#8211; tikra pa\u017eangi ir patvari pavesin\u0117, kuri pilnai pagaminta i\u0161 auk\u0161\u010diausios kokyb\u0117s aliuminio. \u0160i pergola yra 3500 mm plo\u010dio ir 2500 mm auk\u0161\u010dio, o suteikiame jums galimyb\u0119 pasirinkti i\u0161 keli\u0173 skirting\u0173 ilgi\u0173: 3400 [&hellip;]<\/p>\n","protected":false},"featured_media":19988,"comment_status":"open","ping_status":"closed","template":"","meta":{"_acf_changed":false,"_gspb_post_css":"","_kad_blocks_custom_css":"","_kad_blocks_head_custom_js":"","_kad_blocks_body_custom_js":"","_kad_blocks_footer_custom_js":""},"product_brand":[],"product_cat":[155],"product_tag":[],"class_list":{"0":"post-18512","1":"product","2":"type-product","3":"status-publish","4":"has-post-thumbnail","6":"product_cat-pergola-pavesines","8":"first","9":"instock","10":"taxable","11":"shipping-taxable","12":"purchasable","13":"product-type-variable","14":"has-default-attributes"},"acf":[],"taxonomy_info":{"product_cat":[{"value":155,"label":"Pergola pav\u0117sin\u0117s"}]},"featured_image_src_large":["https:\/\/brevo.lt\/wp-content\/uploads\/2024\/08\/pergola_pavesine_bioclimatic_select.webp",800,600,false],"author_info":[],"comment_info":2,"_links":{"self":[{"href":"https:\/\/brevo.lt\/et\/wp-json\/wp\/v2\/product\/18512","targetHints":{"allow":["GET"]}}],"collection":[{"href":"https:\/\/brevo.lt\/et\/wp-json\/wp\/v2\/product"}],"about":[{"href":"https:\/\/brevo.lt\/et\/wp-json\/wp\/v2\/types\/product"}],"replies":[{"embeddable":true,"href":"https:\/\/brevo.lt\/et\/wp-json\/wp\/v2\/comments?post=18512"}],"wp:featuredmedia":[{"embeddable":true,"href":"https:\/\/brevo.lt\/et\/wp-json\/wp\/v2\/media\/19988"}],"wp:attachment":[{"href":"https:\/\/brevo.lt\/et\/wp-json\/wp\/v2\/media?parent=18512"}],"wp:term":[{"taxonomy":"product_brand","embeddable":true,"href":"https:\/\/brevo.lt\/et\/wp-json\/wp\/v2\/product_brand?post=18512"},{"taxonomy":"product_cat","embeddable":true,"href":"https:\/\/brevo.lt\/et\/wp-json\/wp\/v2\/product_cat?post=18512"},{"taxonomy":"product_tag","embeddable":true,"href":"https:\/\/brevo.lt\/et\/wp-json\/wp\/v2\/product_tag?post=18512"}],"curies":[{"name":"wp","href":"https:\/\/api.w.org\/{rel}","templated":true}]}}