{"id":20546,"date":"2025-02-06T16:11:45","date_gmt":"2025-02-06T16:11:45","guid":{"rendered":"https:\/\/brevo.lt\/?post_type=product&#038;p=20546"},"modified":"2026-04-12T17:17:41","modified_gmt":"2026-04-12T17:17:41","slug":"klaasist-pergola-katus","status":"publish","type":"product","link":"https:\/\/brevo.lt\/et\/produktas\/stogine-pergola-glass\/","title":{"rendered":"Carport Pergola Klaas"},"content":{"rendered":"<p>Pergola Glass on kaasaegne ja eksklusiivne lahendus teie \u00f5uealale, mis pakub elegantset disaini ja funktsionaalsust. Sellel on kuubikujuline katusekonstruktsioon ja klaaspaneelid, mis lasevad sisse valguda rohkelt loomulikku valgust ja v\u00f5imaldavad teil vabalt nautida oma \u00fcmbrust nii p\u00e4eval kui ka \u00f5htul. Uuenduslik disain v\u00f5imaldab vaid kahe toe abil laiendada ruumi kuni 7 meetrile, mis annab ruumile kerge ja takistusteta efekti. Sisseehitatud LED-valgustus loob \u00f5htuti hubase atmosf\u00e4\u00e4ri ning v\u00e4rvivalik - antratsiit, must ja valge - v\u00f5imaldab markiisi kohandada erinevate v\u00e4lisilmetega. Varjualune v\u00f5ib olla kas vabalt seisev v\u00f5i seinale paigaldatav, mis v\u00f5imaldab seda kohandada vastavalt individuaalsetele vajadustele. Tugev 10 mm turvaklaas tagab vastupidavuse ja pikaealisuse ka rasketes ilmastikutingimustes. T\u00e4iendavad funktsioonid, nagu t\u00f5mblukuga rulood, ruloode paneelid, klaasid v\u00f5i k\u00fcttekehad, v\u00f5imaldavad maksimaalset mugavust. Pergola Glass ei kaitse mitte ainult p\u00e4ikese ja vihma eest, vaid loob ka stiilse ja praktilise \u00f5ueala, mida saab kasutada aastaringselt. See on ideaalne lahendus neile, kes soovivad kaasaegset disaini, mugavust ja k\u00f5rget kvaliteeti \u00fches tootes.<\/p>","protected":false},"excerpt":{"rendered":"<p>Stogin\u0117 Pergola Glass \u2013 tai modernus ir i\u0161skirtinis sprendimas j\u016bs\u0173 lauko erdvei, suteikiantis eleganti\u0161k\u0105 dizain\u0105 ir funkcionalum\u0105. \u0160i stogin\u0117 i\u0161siskiria kubiniu stogo dizainu ir stiklin\u0117mis plok\u0161t\u0117mis, kurios u\u017etikrina gaus\u0173 nat\u016bralios \u0161viesos patekim\u0105 bei leid\u017eia nevar\u017eomai m\u0117gautis aplinka tiek dien\u0105, tiek vakare. Inovatyvus dizainas leid\u017eia pasiekti net 7 metr\u0173 ilgio i\u0161sipl\u0117tim\u0105 vos su dviem atramomis, suteikiant [&hellip;]<\/p>\n","protected":false},"featured_media":20589,"comment_status":"open","ping_status":"closed","template":"","meta":{"_acf_changed":false,"_gspb_post_css":"","_kad_blocks_custom_css":"","_kad_blocks_head_custom_js":"","_kad_blocks_body_custom_js":"","_kad_blocks_footer_custom_js":""},"product_brand":[],"product_cat":[156],"product_tag":[],"class_list":{"0":"post-20546","1":"product","2":"type-product","3":"status-publish","4":"has-post-thumbnail","6":"product_cat-stogines","8":"first","9":"instock","10":"taxable","11":"shipping-taxable","12":"purchasable","13":"product-type-variable"},"acf":[],"taxonomy_info":{"product_cat":[{"value":156,"label":"Stogin\u0117s"}]},"featured_image_src_large":["https:\/\/brevo.lt\/wp-content\/uploads\/2025\/02\/6.jpg",800,800,false],"author_info":[],"comment_info":0,"_links":{"self":[{"href":"https:\/\/brevo.lt\/et\/wp-json\/wp\/v2\/product\/20546","targetHints":{"allow":["GET"]}}],"collection":[{"href":"https:\/\/brevo.lt\/et\/wp-json\/wp\/v2\/product"}],"about":[{"href":"https:\/\/brevo.lt\/et\/wp-json\/wp\/v2\/types\/product"}],"replies":[{"embeddable":true,"href":"https:\/\/brevo.lt\/et\/wp-json\/wp\/v2\/comments?post=20546"}],"wp:featuredmedia":[{"embeddable":true,"href":"https:\/\/brevo.lt\/et\/wp-json\/wp\/v2\/media\/20589"}],"wp:attachment":[{"href":"https:\/\/brevo.lt\/et\/wp-json\/wp\/v2\/media?parent=20546"}],"wp:term":[{"taxonomy":"product_brand","embeddable":true,"href":"https:\/\/brevo.lt\/et\/wp-json\/wp\/v2\/product_brand?post=20546"},{"taxonomy":"product_cat","embeddable":true,"href":"https:\/\/brevo.lt\/et\/wp-json\/wp\/v2\/product_cat?post=20546"},{"taxonomy":"product_tag","embeddable":true,"href":"https:\/\/brevo.lt\/et\/wp-json\/wp\/v2\/product_tag?post=20546"}],"curies":[{"name":"wp","href":"https:\/\/api.w.org\/{rel}","templated":true}]}}