{"id":21077,"date":"2025-02-20T10:32:07","date_gmt":"2025-02-20T10:32:07","guid":{"rendered":"https:\/\/brevo.lt\/?post_type=product&#038;p=21077"},"modified":"2025-06-20T06:17:02","modified_gmt":"2025-06-20T06:17:02","slug":"pergola-royal","status":"publish","type":"product","link":"https:\/\/brevo.lt\/et\/produktas\/pergola-royal\/","title":{"rendered":"Pergola lehtla Royal"},"content":{"rendered":"<p><strong>Pergola Royal<\/strong> - on stiilne ja funktsionaalne v\u00e4litingimustes kasutatav lahendus, mis on vastupidav, mitmek\u00fclgne ja lihtne kasutada. Vastupidav alumiiniumraam ja topeltprofiiliga lamellid pakuvad pikaajalist kaitset, samal ajal kui k\u00e4sitsi reguleeritav katus v\u00f5imaldab p\u00e4ikesekiirguse ja vihmakaitse t\u00e4pset reguleerimist (0\u00b0-135\u00b0). Integreeritud vee \u00e4rajuhtimiss\u00fcsteem juhib vihmavee peenelt \u00e4ra, s\u00e4ilitades samal ajal esteetilisuse. Pergola v\u00f5ib olla vabalt seisev v\u00f5i seina k\u00fclge kinnitatud, mida on lihtne kohandada erinevate ruumidega. Valikuliselt saab integreerida k\u00fclgseinad, rulood, klaasid v\u00f5i LED-valgustuse. <strong>Pergola Royal<\/strong> - usaldusv\u00e4\u00e4rne ja praktiline valik neile, kes otsivad k\u00e4sitsi juhitavat v\u00e4liskardina lahendust ilma keerulise automatiseerimiseta.<\/p>","protected":false},"excerpt":{"rendered":"<p>Pergola Royal \u2013 tai stilingas ir funkcionalus lauko sprendimas, pasi\u017eymintis tvirtumu, universalumu ir paprastu valdymu. Patvarus aliuminio r\u0117mas ir dvigubo profilio lamel\u0117s u\u017etikrina ilgalaik\u0119 apsaug\u0105, o rankiniu b\u016bdu reguliuojamas stogas leid\u017eia tiksliai kontroliuoti saul\u0117s \u0161vies\u0105 ir apsaug\u0105 nuo lietaus (0\u00b0\u2013135\u00b0). Integruota vandens nuvedimo sistema subtiliai nukreipia lietaus vanden\u012f, i\u0161laikydama estetik\u0105. Pergola gali b\u016bti laisvai pastatoma [&hellip;]<\/p>\n","protected":false},"featured_media":21483,"comment_status":"open","ping_status":"closed","template":"","meta":{"_acf_changed":false,"_gspb_post_css":"","_kad_blocks_custom_css":"","_kad_blocks_head_custom_js":"","_kad_blocks_body_custom_js":"","_kad_blocks_footer_custom_js":""},"product_brand":[],"product_cat":[155],"product_tag":[],"class_list":{"0":"post-21077","1":"product","2":"type-product","3":"status-publish","4":"has-post-thumbnail","6":"product_cat-pergola-pavesines","8":"first","9":"instock","10":"taxable","11":"shipping-taxable","12":"purchasable","13":"product-type-variable"},"acf":[],"taxonomy_info":{"product_cat":[{"value":155,"label":"Pergola pav\u0117sin\u0117s"}]},"featured_image_src_large":["https:\/\/brevo.lt\/wp-content\/uploads\/2025\/02\/pergola-royal-pro-13.webp",1000,1000,false],"author_info":[],"comment_info":0,"_links":{"self":[{"href":"https:\/\/brevo.lt\/et\/wp-json\/wp\/v2\/product\/21077","targetHints":{"allow":["GET"]}}],"collection":[{"href":"https:\/\/brevo.lt\/et\/wp-json\/wp\/v2\/product"}],"about":[{"href":"https:\/\/brevo.lt\/et\/wp-json\/wp\/v2\/types\/product"}],"replies":[{"embeddable":true,"href":"https:\/\/brevo.lt\/et\/wp-json\/wp\/v2\/comments?post=21077"}],"wp:featuredmedia":[{"embeddable":true,"href":"https:\/\/brevo.lt\/et\/wp-json\/wp\/v2\/media\/21483"}],"wp:attachment":[{"href":"https:\/\/brevo.lt\/et\/wp-json\/wp\/v2\/media?parent=21077"}],"wp:term":[{"taxonomy":"product_brand","embeddable":true,"href":"https:\/\/brevo.lt\/et\/wp-json\/wp\/v2\/product_brand?post=21077"},{"taxonomy":"product_cat","embeddable":true,"href":"https:\/\/brevo.lt\/et\/wp-json\/wp\/v2\/product_cat?post=21077"},{"taxonomy":"product_tag","embeddable":true,"href":"https:\/\/brevo.lt\/et\/wp-json\/wp\/v2\/product_tag?post=21077"}],"curies":[{"name":"wp","href":"https:\/\/api.w.org\/{rel}","templated":true}]}}