{"id":21258,"date":"2025-02-20T10:31:58","date_gmt":"2025-02-20T10:31:58","guid":{"rendered":"https:\/\/brevo.lt\/?post_type=product&#038;p=21258"},"modified":"2026-03-20T06:35:15","modified_gmt":"2026-03-20T06:35:15","slug":"pergola-royal-pro","status":"publish","type":"product","link":"https:\/\/brevo.lt\/et\/produktas\/pergola-royal-pro\/","title":{"rendered":"Pergoola vaatetorn Royal PRO"},"content":{"rendered":"<p><strong data-start=\"0\" data-end=\"21\" data-is-only-node=\"\">Pergola Royal PRO<\/strong> - on ainulaadne lahendus v\u00e4listingimustes, milles on \u00fchendatud kaasaegne disain, t\u00e4iustatud tehnoloogia ja k\u00f5rgeima kvaliteediga materjalid. Tugev alumiiniumkonstruktsioon ja topeltprofiiliga lamellid tagavad vastupidavuse, samas kui automaatselt juhitav katus v\u00f5imaldab h\u00f5lpsasti reguleerida valgustust ja ilmastikukaitset. Integreeritud vee \u00e4rajuhtimiss\u00fcsteem eemaldab t\u00f5husalt vihmavee, s\u00e4ilitades samal ajal pergola esteetilisuse. \u00d5htuse hubase atmosf\u00e4\u00e4ri loomiseks on standardvarustuses LED-valgustus. Pergola v\u00f5ib olla vabalt seisev v\u00f5i seinale paigaldatav ning lisavarustus, n\u00e4iteks k\u00fclgseinad v\u00f5i klaasistumine, v\u00f5imaldab t\u00e4iendavat kohandamist. <strong data-start=\"706\" data-end=\"727\">Pergola Royal PRO<\/strong> - uuenduslik ja stiilne lahendus teie v\u00e4lisruumi jaoks.<\/p>","protected":false},"excerpt":{"rendered":"<p>Pergola Royal PRO \u2013 tai i\u0161skirtinis lauko sprendimas, sujungiantis modern\u0173 dizain\u0105, pa\u017eangias technologijas ir auk\u0161\u010diausios kokyb\u0117s med\u017eiagas. Tvirta aliuminio konstrukcija ir dvigubo profilio lamel\u0117s u\u017etikrina ilgaam\u017ei\u0161kum\u0105, o automati\u0161kai valdomas stogas leid\u017eia lengvai reguliuoti ap\u0161vietim\u0105 ir apsaug\u0105 nuo oro s\u0105lyg\u0173. Integruota vandens nuvedimo sistema efektyviai pa\u0161alina lietaus vanden\u012f, i\u0161laikydama pergolos estetik\u0105. Standarti\u0161kai komplektuojamas LED ap\u0161vietimas sukuria [&hellip;]<\/p>\n","protected":false},"featured_media":21551,"comment_status":"open","ping_status":"closed","template":"","meta":{"_acf_changed":false,"_gspb_post_css":"","_kad_blocks_custom_css":"","_kad_blocks_head_custom_js":"","_kad_blocks_body_custom_js":"","_kad_blocks_footer_custom_js":""},"product_brand":[],"product_cat":[155],"product_tag":[],"class_list":{"0":"post-21258","1":"product","2":"type-product","3":"status-publish","4":"has-post-thumbnail","6":"product_cat-pergola-pavesines","8":"first","9":"instock","10":"taxable","11":"shipping-taxable","12":"purchasable","13":"product-type-variable"},"acf":[],"taxonomy_info":{"product_cat":[{"value":155,"label":"Pergola pav\u0117sin\u0117s"}]},"featured_image_src_large":["https:\/\/brevo.lt\/wp-content\/uploads\/2025\/02\/pergola-royal-15.webp",1000,1000,false],"author_info":[],"comment_info":1,"_links":{"self":[{"href":"https:\/\/brevo.lt\/et\/wp-json\/wp\/v2\/product\/21258","targetHints":{"allow":["GET"]}}],"collection":[{"href":"https:\/\/brevo.lt\/et\/wp-json\/wp\/v2\/product"}],"about":[{"href":"https:\/\/brevo.lt\/et\/wp-json\/wp\/v2\/types\/product"}],"replies":[{"embeddable":true,"href":"https:\/\/brevo.lt\/et\/wp-json\/wp\/v2\/comments?post=21258"}],"wp:featuredmedia":[{"embeddable":true,"href":"https:\/\/brevo.lt\/et\/wp-json\/wp\/v2\/media\/21551"}],"wp:attachment":[{"href":"https:\/\/brevo.lt\/et\/wp-json\/wp\/v2\/media?parent=21258"}],"wp:term":[{"taxonomy":"product_brand","embeddable":true,"href":"https:\/\/brevo.lt\/et\/wp-json\/wp\/v2\/product_brand?post=21258"},{"taxonomy":"product_cat","embeddable":true,"href":"https:\/\/brevo.lt\/et\/wp-json\/wp\/v2\/product_cat?post=21258"},{"taxonomy":"product_tag","embeddable":true,"href":"https:\/\/brevo.lt\/et\/wp-json\/wp\/v2\/product_tag?post=21258"}],"curies":[{"name":"wp","href":"https:\/\/api.w.org\/{rel}","templated":true}]}}