{"id":2817,"date":"2023-03-08T12:42:58","date_gmt":"2023-03-08T12:42:58","guid":{"rendered":"https:\/\/brevo.lt\/?post_type=product&#038;p=2817"},"modified":"2024-12-13T12:05:03","modified_gmt":"2024-12-13T12:05:03","slug":"pergola-slaid","status":"publish","type":"product","link":"https:\/\/brevo.lt\/et\/produktas\/pergola-slide\/","title":{"rendered":"Pergola Gazebo Slide"},"content":{"rendered":"<p class=\"translation-block\">Stiilne Deponti Pinela Deluxe tagab ainulaadse elamuse. Selle veranda paneele saab h\u00f5lpsasti \u00fche nupuvajutusega \u00fchele poole liigutada. See annab teile hetkega t\u00e4iesti avatud ruumi terrassi kohal. V\u00f5imaldades teil kogeda vaba\u00f5hu, olenemata ilmastikuoludest. Avatud asendis pakub pergola maksimaalset valgust. Samal ajal kaitseb Pinela Deluxe suletud asendis teid k\u00f5ikide ilmastikuolude eest ja pakub p\u00e4ikesepaistelistelistel p\u00e4evadel varjulist kohta. Vihma v\u00f5i p\u00e4ikese k\u00e4es, kogete erakordset \u00f5ues elamise tunnet.<br>\r\nPaneelid on sisset\u00f5mmatavad, et luua avatud ruum teie terrassi kohal. Pinela Deluxe paneele ja valikulist LED-valgustust saab juhtida kaasasoleva SOMFY puldiga. paneele saab l\u00fckata \u00fchele poole. Pinela Deluxe v\u00f5ib olla vabalt seisev v\u00f5i seinale paigaldatav.<\/p>\n<p class=\"translation-block\">Saadaval ainult RAL7024<br>\r\nStatiivi m\u00f5\u00f5tmed on 150x150x3695 mm, v\u00e4lja arvatud p\u00f5randakinnitus. Lae k\u00f5rgus on 3500 mm.<br>\r\nP\u00f5randakinnitus on valikuline.<br>\r\nPinela tarnitakse standardm\u00f5\u00f5dus ja seda ei ole v\u00f5imalik tellimusena valmistada.<br>\r\nPinela Deluxe'i paneeli laius on 315,4 mm.<br>\r\nPinela Deluxe on v\u00f5imalik varustada LED-valgusribadega.<br>\r\nPinela saab \u00fchendada, et katta suuremat ala. P\u00e4ritoluriik: Madalmaad.<\/p>","protected":false},"excerpt":{"rendered":"<p><img loading=\"lazy\" decoding=\"async\" class=\"alignnone wp-image-14634 size-full\" src=\"https:\/\/brevo.lt\/wp-content\/uploads\/2023\/03\/Screenshot-2023-04-16-at-12.42.23.png\" alt=\"\" width=\"1748\" height=\"566\" srcset=\"https:\/\/brevo.lt\/wp-content\/uploads\/2023\/03\/Screenshot-2023-04-16-at-12.42.23.png 1748w, https:\/\/brevo.lt\/wp-content\/uploads\/2023\/03\/Screenshot-2023-04-16-at-12.42.23-900x291.png 900w, https:\/\/brevo.lt\/wp-content\/uploads\/2023\/03\/Screenshot-2023-04-16-at-12.42.23-300x97.png 300w, https:\/\/brevo.lt\/wp-content\/uploads\/2023\/03\/Screenshot-2023-04-16-at-12.42.23-1024x332.png 1024w, https:\/\/brevo.lt\/wp-content\/uploads\/2023\/03\/Screenshot-2023-04-16-at-12.42.23-768x249.png 768w, https:\/\/brevo.lt\/wp-content\/uploads\/2023\/03\/Screenshot-2023-04-16-at-12.42.23-1536x497.png 1536w, https:\/\/brevo.lt\/wp-content\/uploads\/2023\/03\/Screenshot-2023-04-16-at-12.42.23-18x6.png 18w\" sizes=\"auto, (max-width: 1748px) 100vw, 1748px\" \/><\/p>","protected":false},"featured_media":19990,"comment_status":"open","ping_status":"closed","template":"","meta":{"_acf_changed":false,"_gspb_post_css":"","_kad_blocks_custom_css":"","_kad_blocks_head_custom_js":"","_kad_blocks_body_custom_js":"","_kad_blocks_footer_custom_js":""},"product_brand":[],"product_cat":[155],"product_tag":[],"class_list":{"0":"post-2817","1":"product","2":"type-product","3":"status-publish","4":"has-post-thumbnail","6":"product_cat-pergola-pavesines","8":"first","9":"instock","10":"taxable","11":"shipping-taxable","12":"purchasable","13":"product-type-variable","14":"has-default-attributes"},"acf":[],"taxonomy_info":{"product_cat":[{"value":155,"label":"Pergola pav\u0117sin\u0117s"}]},"featured_image_src_large":["https:\/\/brevo.lt\/wp-content\/uploads\/2024\/08\/pergola_pavesine_slide.webp",800,600,false],"author_info":[],"comment_info":0,"_links":{"self":[{"href":"https:\/\/brevo.lt\/et\/wp-json\/wp\/v2\/product\/2817","targetHints":{"allow":["GET"]}}],"collection":[{"href":"https:\/\/brevo.lt\/et\/wp-json\/wp\/v2\/product"}],"about":[{"href":"https:\/\/brevo.lt\/et\/wp-json\/wp\/v2\/types\/product"}],"replies":[{"embeddable":true,"href":"https:\/\/brevo.lt\/et\/wp-json\/wp\/v2\/comments?post=2817"}],"wp:featuredmedia":[{"embeddable":true,"href":"https:\/\/brevo.lt\/et\/wp-json\/wp\/v2\/media\/19990"}],"wp:attachment":[{"href":"https:\/\/brevo.lt\/et\/wp-json\/wp\/v2\/media?parent=2817"}],"wp:term":[{"taxonomy":"product_brand","embeddable":true,"href":"https:\/\/brevo.lt\/et\/wp-json\/wp\/v2\/product_brand?post=2817"},{"taxonomy":"product_cat","embeddable":true,"href":"https:\/\/brevo.lt\/et\/wp-json\/wp\/v2\/product_cat?post=2817"},{"taxonomy":"product_tag","embeddable":true,"href":"https:\/\/brevo.lt\/et\/wp-json\/wp\/v2\/product_tag?post=2817"}],"curies":[{"name":"wp","href":"https:\/\/api.w.org\/{rel}","templated":true}]}}