{"id":7035,"date":"2023-03-24T23:56:45","date_gmt":"2023-03-24T23:56:45","guid":{"rendered":"https:\/\/brevo.lt\/?post_type=product&#038;p=7035"},"modified":"2024-06-17T10:30:38","modified_gmt":"2024-06-17T10:30:38","slug":"bosco-katused","status":"publish","type":"product","link":"https:\/\/brevo.lt\/et\/produktas\/stogine-bosco\/","title":{"rendered":"Carport Bosco"},"content":{"rendered":"<p class=\"translation-block\">See on meie \"Bestseller\". \"Bosco markiis on suurep\u00e4rane ja mitmek\u00fclgne valik. See veranda pakub laias valikus v\u00f5imalusi. N\u00e4iteks saate valida \u00fcmmarguse v\u00f5i klassikalise dekoratiivse renni ja poolringikujulise v\u00f5i ruudukujulise samba vahel. Seega saate Bosco t\u00e4ielikult kohandada vastavalt oma stiilile, maitsele ja eelistustele. Tagate t\u00e4iusliku sobivuse oma kodu v\u00f5i aiaga. Saadaval 4 v\u00e4rvitoonis: RAL9001, RAL9016, RAL7024, RAL9005<br>\r\nValida saab nelja t\u00fc\u00fcpi balustrite vahel:<br>\r\nNelinurkne v\u00f5i poolkera kuju koos alusplaadiga (110x110x2500mm)<br>\r\nNelinurkne v\u00f5i poolkera ilma alusplaadita (110x110x3000mm)<br>\r\nMaksimaalne kaugus kahe posti vahel on 4 meetrit.<br>\r\nSaadaval \u00fcmmarguse v\u00f5i klassikalise karniisiga.<br>\r\n\"Bosco\" 6000 mm \u00fclekattega on saadaval ainult pol\u00fckarbonaadiga, mis on opaalne ja l\u00e4bipaistev.<br>\r\nBosco 7060 mm laiusega ei ole saadaval RAL9001.<br>\r\nKui valitakse see suurus klassikalise liistuga, tarnitakse liist kahes 4 meetri pikkuses osas ja selle eest tuleb maksta lisatasu.<br>\r\nBosco renni maksimaalne laius on 7060 mm. Laiemate Bosco r\u00e4\u00e4stade puhul tarnime 2 osa koos \u00fchendusosaga.<\/p>\n<p>P\u00e4ritoluriik: Madalmaad.<\/p>\n<p>&nbsp;<\/p>\n<p>&nbsp;<\/p>","protected":false},"excerpt":{"rendered":"<p><img loading=\"lazy\" decoding=\"async\" class=\"alignnone wp-image-14624 size-full\" src=\"https:\/\/brevo.lt\/wp-content\/uploads\/2023\/03\/Screenshot-2023-04-16-at-12.32.19.png\" alt=\"\" width=\"1682\" height=\"470\" srcset=\"https:\/\/brevo.lt\/wp-content\/uploads\/2023\/03\/Screenshot-2023-04-16-at-12.32.19.png 1682w, https:\/\/brevo.lt\/wp-content\/uploads\/2023\/03\/Screenshot-2023-04-16-at-12.32.19-900x251.png 900w, https:\/\/brevo.lt\/wp-content\/uploads\/2023\/03\/Screenshot-2023-04-16-at-12.32.19-300x84.png 300w, https:\/\/brevo.lt\/wp-content\/uploads\/2023\/03\/Screenshot-2023-04-16-at-12.32.19-1024x286.png 1024w, https:\/\/brevo.lt\/wp-content\/uploads\/2023\/03\/Screenshot-2023-04-16-at-12.32.19-768x215.png 768w, https:\/\/brevo.lt\/wp-content\/uploads\/2023\/03\/Screenshot-2023-04-16-at-12.32.19-1536x429.png 1536w, https:\/\/brevo.lt\/wp-content\/uploads\/2023\/03\/Screenshot-2023-04-16-at-12.32.19-18x5.png 18w\" sizes=\"auto, (max-width: 1682px) 100vw, 1682px\" \/><\/p>","protected":false},"featured_media":19954,"comment_status":"open","ping_status":"closed","template":"","meta":{"_acf_changed":false,"_gspb_post_css":"","_kad_blocks_custom_css":"","_kad_blocks_head_custom_js":"","_kad_blocks_body_custom_js":"","_kad_blocks_footer_custom_js":""},"product_brand":[],"product_cat":[156],"product_tag":[],"class_list":{"0":"post-7035","1":"product","2":"type-product","3":"status-publish","4":"has-post-thumbnail","6":"product_cat-stogines","8":"first","9":"instock","10":"taxable","11":"shipping-taxable","12":"purchasable","13":"product-type-variable","14":"has-default-attributes"},"acf":[],"taxonomy_info":{"product_cat":[{"value":156,"label":"Stogin\u0117s"}]},"featured_image_src_large":["https:\/\/brevo.lt\/wp-content\/uploads\/2024\/07\/stogine_bosco.webp",800,600,false],"author_info":[],"comment_info":0,"_links":{"self":[{"href":"https:\/\/brevo.lt\/et\/wp-json\/wp\/v2\/product\/7035","targetHints":{"allow":["GET"]}}],"collection":[{"href":"https:\/\/brevo.lt\/et\/wp-json\/wp\/v2\/product"}],"about":[{"href":"https:\/\/brevo.lt\/et\/wp-json\/wp\/v2\/types\/product"}],"replies":[{"embeddable":true,"href":"https:\/\/brevo.lt\/et\/wp-json\/wp\/v2\/comments?post=7035"}],"wp:featuredmedia":[{"embeddable":true,"href":"https:\/\/brevo.lt\/et\/wp-json\/wp\/v2\/media\/19954"}],"wp:attachment":[{"href":"https:\/\/brevo.lt\/et\/wp-json\/wp\/v2\/media?parent=7035"}],"wp:term":[{"taxonomy":"product_brand","embeddable":true,"href":"https:\/\/brevo.lt\/et\/wp-json\/wp\/v2\/product_brand?post=7035"},{"taxonomy":"product_cat","embeddable":true,"href":"https:\/\/brevo.lt\/et\/wp-json\/wp\/v2\/product_cat?post=7035"},{"taxonomy":"product_tag","embeddable":true,"href":"https:\/\/brevo.lt\/et\/wp-json\/wp\/v2\/product_tag?post=7035"}],"curies":[{"name":"wp","href":"https:\/\/api.w.org\/{rel}","templated":true}]}}