{"id":9246,"date":"2023-03-25T01:09:00","date_gmt":"2023-03-25T01:09:00","guid":{"rendered":"https:\/\/brevo.lt\/?post_type=product&#038;p=9246"},"modified":"2025-02-10T12:11:27","modified_gmt":"2025-02-10T12:11:27","slug":"markiis-pergola-verdeca","status":"publish","type":"product","link":"https:\/\/brevo.lt\/et\/produktas\/tentine-pergola-verdeca\/","title":{"rendered":"Markiis Pergola Verdeca"},"content":{"rendered":"<p>Verdeca markiis on valmistatud p\u00e4ikese- ja veekindlast kangast. Istute selle veranda all ja soovite nautida p\u00e4ikest? Siis t\u00f5stke katus \u00fche nupuvajutusega \u00fcles, et nautida kohe maksimaalset valgust ja ilusat ilma. Kui eelistate istuda varjus v\u00f5i olla kaitstud tuule, vihma v\u00f5i UV-kiirguse eest, saate katuse ka h\u00f5lpsasti sulgeda. Verdeca veranda on p\u00e4ikese- ja veekindlast kangast. Nupulevajutusega avaneb kangas. Nii saate kohe nautida maksimaalset valgust ja ilusat ilma. Kui soovite istuda varjus v\u00f5i otsite kaitset tuule, vihma v\u00f5i UV-kiirguse eest, saate kanga sama lihtsalt sulgeda. Samba k\u00f5rgus 250 cm; minimaalne katusek\u00f5rgus 25%.<\/p>\n<p class=\"translation-block\">Saadaval standardv\u00e4rvides RAL7024 valge kangaga<br>\r\nMaksimaalne laius 2 samba vahel on 4 meetrit<br>\r\nVerdeca on saadaval standardsetes suurustes ja seda ei ole v\u00f5imalik tellida eritellimusel<br>\r\n\"Verdeca\" v\u00f5ib olla varustatud integreeritud LED-valgustusega.<br>\r\nSomfy kontroll. P\u00e4ritoluriik: Madalmaad.<\/p>","protected":false},"excerpt":{"rendered":"<p><img loading=\"lazy\" decoding=\"async\" class=\"alignnone wp-image-14640 size-full\" src=\"https:\/\/brevo.lt\/wp-content\/uploads\/2023\/03\/Screenshot-2023-04-16-at-12.45.19.png\" alt=\"\" width=\"1952\" height=\"668\" srcset=\"https:\/\/brevo.lt\/wp-content\/uploads\/2023\/03\/Screenshot-2023-04-16-at-12.45.19.png 1952w, https:\/\/brevo.lt\/wp-content\/uploads\/2023\/03\/Screenshot-2023-04-16-at-12.45.19-900x308.png 900w, https:\/\/brevo.lt\/wp-content\/uploads\/2023\/03\/Screenshot-2023-04-16-at-12.45.19-300x103.png 300w, https:\/\/brevo.lt\/wp-content\/uploads\/2023\/03\/Screenshot-2023-04-16-at-12.45.19-1024x350.png 1024w, https:\/\/brevo.lt\/wp-content\/uploads\/2023\/03\/Screenshot-2023-04-16-at-12.45.19-768x263.png 768w, https:\/\/brevo.lt\/wp-content\/uploads\/2023\/03\/Screenshot-2023-04-16-at-12.45.19-1536x526.png 1536w, https:\/\/brevo.lt\/wp-content\/uploads\/2023\/03\/Screenshot-2023-04-16-at-12.45.19-18x6.png 18w\" sizes=\"auto, (max-width: 1952px) 100vw, 1952px\" \/><\/p>","protected":false},"featured_media":19959,"comment_status":"open","ping_status":"closed","template":"","meta":{"_acf_changed":false,"_gspb_post_css":"","_kad_blocks_custom_css":"","_kad_blocks_head_custom_js":"","_kad_blocks_body_custom_js":"","_kad_blocks_footer_custom_js":""},"product_brand":[],"product_cat":[155],"product_tag":[],"class_list":{"0":"post-9246","1":"product","2":"type-product","3":"status-publish","4":"has-post-thumbnail","6":"product_cat-pergola-pavesines","8":"first","9":"instock","10":"taxable","11":"shipping-taxable","12":"purchasable","13":"product-type-variable","14":"has-default-attributes"},"acf":[],"taxonomy_info":{"product_cat":[{"value":155,"label":"Pergola pav\u0117sin\u0117s"}]},"featured_image_src_large":["https:\/\/brevo.lt\/wp-content\/uploads\/2024\/07\/stogine_verdeca.webp",800,600,false],"author_info":[],"comment_info":0,"_links":{"self":[{"href":"https:\/\/brevo.lt\/et\/wp-json\/wp\/v2\/product\/9246","targetHints":{"allow":["GET"]}}],"collection":[{"href":"https:\/\/brevo.lt\/et\/wp-json\/wp\/v2\/product"}],"about":[{"href":"https:\/\/brevo.lt\/et\/wp-json\/wp\/v2\/types\/product"}],"replies":[{"embeddable":true,"href":"https:\/\/brevo.lt\/et\/wp-json\/wp\/v2\/comments?post=9246"}],"wp:featuredmedia":[{"embeddable":true,"href":"https:\/\/brevo.lt\/et\/wp-json\/wp\/v2\/media\/19959"}],"wp:attachment":[{"href":"https:\/\/brevo.lt\/et\/wp-json\/wp\/v2\/media?parent=9246"}],"wp:term":[{"taxonomy":"product_brand","embeddable":true,"href":"https:\/\/brevo.lt\/et\/wp-json\/wp\/v2\/product_brand?post=9246"},{"taxonomy":"product_cat","embeddable":true,"href":"https:\/\/brevo.lt\/et\/wp-json\/wp\/v2\/product_cat?post=9246"},{"taxonomy":"product_tag","embeddable":true,"href":"https:\/\/brevo.lt\/et\/wp-json\/wp\/v2\/product_tag?post=9246"}],"curies":[{"name":"wp","href":"https:\/\/api.w.org\/{rel}","templated":true}]}}