{"id":9269,"date":"2023-03-25T01:27:54","date_gmt":"2023-03-25T01:27:54","guid":{"rendered":"https:\/\/brevo.lt\/?post_type=product&#038;p=9269"},"modified":"2024-07-12T12:21:34","modified_gmt":"2024-07-12T12:21:34","slug":"giallo-markiis","status":"publish","type":"product","link":"https:\/\/brevo.lt\/et\/produktas\/stogine-giallo\/","title":{"rendered":"Carport Giallo"},"content":{"rendered":"<p class=\"translation-block\">Deponti Giallo veranda on tuntud oma sileda ja tugeva v\u00e4limuse poolest ning on varustatud tugevdatud katusekraaniprofiiliga. T\u00e4nu sellele t\u00e4iendavale tugevdusele saab Giallo paigaldada ainult kahe sammast, mis asuvad \u00fcksteisest 6 meetri kaugusel. Kahe posti maksimaalne vahekaugus on see, mis teeb Giallo ainulaadseks. Tulemuseks on maksimaalne nauditavus koos vaba ja avatud vaatega. 4 v\u00e4rvitoonis saadaval: RAL9001, RAL9016, RAL7024, RAL9005<br>\r\nSamba suurus 115x150x3000 mm. Laud tarnitakse 2-osalisena ja sellel puudub alusplaat.<br>\r\nMaksimaalne kaugus kahe p\u00fcstiku vahel on 6 meetrit.<br>\r\nGiallo tarnitakse standardselt sirge viimistlusega. Giallo saab lisatasu eest varustada \u00fcmmarguse v\u00f5i klassikalise liistuga.<br>\r\nGiallo 6000 mm \u00fcleulatusega on saadaval ainult pol\u00fckarbonaadiga, opaal ja l\u00e4bipaistev. Meie 6m standardtalad ei ole tugevdatud. Te peate neid ise tugevdama, et need sobiksid korralikult. Me ei v\u00f5ta vastutust meie toodete v\u00e4\u00e4rkasutuse eest.<br>\r\nGiallo on v\u00f5imalik tellida ka klaasist katusega katuse asemel pol\u00fckarbonaadist. Sellisel juhul arvestage, et maksimaalne vahemaa kahe p\u00fcstiku vahel on 4 meetrit. P\u00e4ritoluriik: Madalmaad.<\/p>","protected":false},"excerpt":{"rendered":"<p><img loading=\"lazy\" decoding=\"async\" class=\"alignnone wp-image-14629 size-full\" src=\"https:\/\/brevo.lt\/wp-content\/uploads\/2023\/03\/Screenshot-2023-04-16-at-12.38.28.png\" alt=\"\" width=\"1690\" height=\"474\" srcset=\"https:\/\/brevo.lt\/wp-content\/uploads\/2023\/03\/Screenshot-2023-04-16-at-12.38.28.png 1690w, https:\/\/brevo.lt\/wp-content\/uploads\/2023\/03\/Screenshot-2023-04-16-at-12.38.28-900x252.png 900w, https:\/\/brevo.lt\/wp-content\/uploads\/2023\/03\/Screenshot-2023-04-16-at-12.38.28-300x84.png 300w, https:\/\/brevo.lt\/wp-content\/uploads\/2023\/03\/Screenshot-2023-04-16-at-12.38.28-1024x287.png 1024w, https:\/\/brevo.lt\/wp-content\/uploads\/2023\/03\/Screenshot-2023-04-16-at-12.38.28-768x215.png 768w, https:\/\/brevo.lt\/wp-content\/uploads\/2023\/03\/Screenshot-2023-04-16-at-12.38.28-1536x431.png 1536w, https:\/\/brevo.lt\/wp-content\/uploads\/2023\/03\/Screenshot-2023-04-16-at-12.38.28-18x5.png 18w\" sizes=\"auto, (max-width: 1690px) 100vw, 1690px\" \/><\/p>","protected":false},"featured_media":19955,"comment_status":"open","ping_status":"closed","template":"","meta":{"_acf_changed":false,"_gspb_post_css":"","_kad_blocks_custom_css":"","_kad_blocks_head_custom_js":"","_kad_blocks_body_custom_js":"","_kad_blocks_footer_custom_js":""},"product_brand":[],"product_cat":[156],"product_tag":[],"class_list":{"0":"post-9269","1":"product","2":"type-product","3":"status-publish","4":"has-post-thumbnail","6":"product_cat-stogines","8":"first","9":"instock","10":"taxable","11":"shipping-taxable","12":"purchasable","13":"product-type-variable","14":"has-default-attributes"},"acf":[],"taxonomy_info":{"product_cat":[{"value":156,"label":"Stogin\u0117s"}]},"featured_image_src_large":["https:\/\/brevo.lt\/wp-content\/uploads\/2024\/07\/stogine_giallo.webp",800,600,false],"author_info":[],"comment_info":0,"_links":{"self":[{"href":"https:\/\/brevo.lt\/et\/wp-json\/wp\/v2\/product\/9269","targetHints":{"allow":["GET"]}}],"collection":[{"href":"https:\/\/brevo.lt\/et\/wp-json\/wp\/v2\/product"}],"about":[{"href":"https:\/\/brevo.lt\/et\/wp-json\/wp\/v2\/types\/product"}],"replies":[{"embeddable":true,"href":"https:\/\/brevo.lt\/et\/wp-json\/wp\/v2\/comments?post=9269"}],"wp:featuredmedia":[{"embeddable":true,"href":"https:\/\/brevo.lt\/et\/wp-json\/wp\/v2\/media\/19955"}],"wp:attachment":[{"href":"https:\/\/brevo.lt\/et\/wp-json\/wp\/v2\/media?parent=9269"}],"wp:term":[{"taxonomy":"product_brand","embeddable":true,"href":"https:\/\/brevo.lt\/et\/wp-json\/wp\/v2\/product_brand?post=9269"},{"taxonomy":"product_cat","embeddable":true,"href":"https:\/\/brevo.lt\/et\/wp-json\/wp\/v2\/product_cat?post=9269"},{"taxonomy":"product_tag","embeddable":true,"href":"https:\/\/brevo.lt\/et\/wp-json\/wp\/v2\/product_tag?post=9269"}],"curies":[{"name":"wp","href":"https:\/\/api.w.org\/{rel}","templated":true}]}}