{"id":2040,"date":"2022-06-27T09:12:54","date_gmt":"2022-06-27T09:12:54","guid":{"rendered":"https:\/\/demo.creativethemes.com\/elementor\/tasty\/?page_id=3"},"modified":"2022-07-20T20:35:21","modified_gmt":"2022-07-20T20:35:21","slug":"visparigie-noteikumi","status":"publish","type":"page","link":"https:\/\/brevo.lt\/lv\/bendrosios-taisykles\/","title":{"rendered":"Visp\u0101r\u012bgi noteikumi"},"content":{"rendered":"<p><\/p>\n\n\n\n<p>L\u016aDZU, UZMAN\u012aGI IZLASIET \u0160O PAKALPOJUMU SNIEG\u0160ANAS L\u012aGUMU, JO TAS SATUR SVAR\u012aGU INFORM\u0100CIJU PAR J\u016aSU JURIDISKAJ\u0100M TIES\u012aB\u0100M UN TIESISK\u0100S AIZSARDZ\u012aBAS L\u012aDZEK\u013bIEM.<\/p>\n\n\n\n<p>P\u0113d\u0113jo reizi p\u0101rskat\u012bts: 2022-07-17 09:08:55<\/p>\n\n\n\n<p><strong>1. P\u0100RSKATS<\/strong><\/p>\n\n\n\n<p>\u0160is Pakalpojumu snieg\u0161anas l\u012bgums (\"L\u012bgums\") ir nosl\u0113gts starp Brevo, re\u0123istr\u0113t\u0101 adrese Vi\u013c\u0146a, LT (\"Uz\u0146\u0113mums\"), un jums, un tas st\u0101jas sp\u0113k\u0101 no dienas, kad j\u016bs s\u0101kat izmantot \u0161o t\u012bmek\u013ca vietni https:\/\/brevo.lt (\"Vietne\"), vai no elektronisk\u0101s akcept\u0113\u0161anas dienas.<\/p>\n\n\n\n<p>\u0160aj\u0101 L\u012bgum\u0101 ir izkl\u0101st\u012bti visp\u0101r\u012bgie noteikumi un nosac\u012bjumi par to, k\u0101 j\u016bs izmantojat vietni https:\/\/brevo.lt, k\u0101 ar\u012b par produktiem un\/vai pakalpojumiem, kas ieg\u0101d\u0101ti vai kuriem piek\u013c\u016bstat, izmantojot \u0161o vietni (\"Pakalpojumi\").Neatkar\u012bgi no t\u0101, vai j\u016bs vienk\u0101r\u0161i p\u0101rl\u016bkojat vai izmantojat \u0161o vietni, vai ieg\u0101d\u0101jaties Pakalpojumus, \u0161\u012bs vietnes izmanto\u0161ana un elektroniska piekri\u0161ana \u0161im L\u012bgumam noz\u012bm\u0113, ka esat izlas\u012bjis, sapratis, atz\u012bstat un piekr\u012btat iev\u0113rot \u0161o L\u012bgumu un m\u016bsu konfidencialit\u0101tes politiku. Termini \"m\u0113s\", \"mums\" vai \"m\u016bsu\" attiecas uz Uz\u0146\u0113mumu. Termini \"j\u016bs\", \"j\u016bsu\", \"lietot\u0101js\" vai \"klients\" attiecas uz jebkuru fizisku vai juridisku personu, kas piekr\u012bt \u0161im L\u012bgumam, izmanto m\u016bsu Vietni, piek\u013c\u016bst Pakalpojumiem vai izmanto tos. Nekas \u0161aj\u0101 L\u012bgum\u0101 nav uzskat\u0101ms par t\u0101du, kas pie\u0161\u0137ir ties\u012bbas vai priek\u0161roc\u012bbas tre\u0161aj\u0101m person\u0101m.<\/p>\n\n\n\n<p>Sabiedr\u012bba p\u0113c saviem ieskatiem var jebkur\u0101 laik\u0101 main\u012bt vai groz\u012bt \u0161o L\u012bgumu, k\u0101 ar\u012b jebkuras taj\u0101 iek\u013caut\u0101s politikas vai vieno\u0161an\u0101s, un \u0161\u0101das izmai\u0146as vai modifik\u0101cijas st\u0101jas sp\u0113k\u0101 nekav\u0113joties p\u0113c to public\u0113\u0161anas \u0161aj\u0101 Vietn\u0113. \u0160\u012bs Vietnes vai Pakalpojumu izmanto\u0161ana p\u0113c \u0161\u0101du izmai\u0146u vai groz\u012bjumu veik\u0161anas noz\u012bm\u0113, ka j\u016bs piekr\u012btat \u0161im L\u012bgumam ar p\u0113d\u0113j\u0101m izmai\u0146\u0101m.<\/p>\n\n\n\n<p>JA J\u016aS NEPIEKR\u012aTAT IEV\u0112ROT \u0160O L\u012aGUMU AR T\u0100 P\u0112D\u0112J\u0100M IZMAI\u0145\u0100M, NEIZMANTOJIET (VAI NETURPINIET IZMANTOT) \u0160O VIETNI VAI PAKALPOJUMUS.<\/p>\n\n\n\n<p><strong>2. AT\u013bAUT\u012aBAS<\/strong><\/p>\n\n\n\n<p>\u0160\u012b Vietne un Pakalpojumi ir pieejami tikai Lietot\u0101jiem, kuri saska\u0146\u0101 ar piem\u0113rojamiem ties\u012bbu aktiem var nosl\u0113gt juridiski saisto\u0161us l\u012bgumus. Izmantojot \u0161o Vietni vai Pakalpojumus, j\u016bs apliecin\u0101t un garant\u0113jat, ka esat (i) vismaz asto\u0146padsmit (18) gadus vecs, (ii) cit\u0101di atz\u012bts par sp\u0113j\u012bgu sl\u0113gt juridiski saisto\u0161us l\u012bgumus saska\u0146\u0101 ar piem\u0113rojamiem ties\u012bbu aktiem un (iii) neesat persona, kurai saska\u0146\u0101 ar Lietuvas vai citas piem\u0113rojam\u0101s jurisdikcijas ties\u012bbu aktiem ir liegts ieg\u0101d\u0101ties vai sa\u0146emt Pakalpojumus.<\/p>\n\n\n\n<p>Ja j\u016bs nosl\u0113dzat \u0161o L\u012bgumu uz\u0146\u0113muma vai citas juridiskas personas v\u0101rd\u0101, j\u016bs apliecin\u0101t un garant\u0113jat, ka jums ir juridiskas pilnvaras saist\u012bt \u0161\u0101du juridisku personu ar \u0161aj\u0101 L\u012bgum\u0101 ietvertajiem noteikumiem un nosac\u012bjumiem, un t\u0101d\u0101 gad\u012bjum\u0101 termini \"j\u016bs\", \"j\u016bsu\", \"Lietot\u0101js\" vai \"klients\" attiecas uz \u0161\u0101du juridisku personu. Ja p\u0113c tam, kad j\u016bs elektroniski apstiprin\u0101j\u0101t \u0161o L\u012bgumu, Sabiedr\u012bba konstat\u0113, ka jums nav juridisku pilnvaru, lai uzliktu saist\u012bbas \u0161\u0101dai juridiskai personai, j\u016bs person\u012bgi b\u016bsiet atbild\u012bgs par \u0161aj\u0101 L\u012bgum\u0101 ietvertaj\u0101m saist\u012bb\u0101m.<\/p>\n\n\n\n<p><strong>3. LIETOT\u0100JA UZVED\u012aBAS NOTEIKUMI<\/strong><\/p>\n\n\n\n<p>Izmantojot \u0161o Vietni, J\u016bs atz\u012bstat un piekr\u012btat, ka:<\/p>\n\n\n\n<p>\u0160\u012b vietne, tostarp jebkur\u0161 j\u016bsu iesniegtais saturs, tiks izmantots saska\u0146\u0101 ar \u0161o L\u012bgumu un visiem piem\u0113rojamiem viet\u0113jiem, \u0161tata, valsts un starptautiskajiem likumiem, noteikumiem un regul\u0101m.<\/p>\n\n\n\n<p>J\u016bs neizmantosiet \u0161o Vietni t\u0101d\u0101 veid\u0101, kas:<\/p>\n\n\n\n<p>ir nelikum\u012bga vai veicina vai mudina veikt nelikum\u012bgas darb\u012bbas;<br>Veicina, mudina vai iesaist\u0101s b\u0113rnu pornogr\u0101fij\u0101 vai b\u0113rnu ekspluat\u0101cij\u0101; Veicina, mudina vai iesaist\u0101s terorism\u0101, vardarb\u012bb\u0101 pret cilv\u0113kiem, dz\u012bvniekiem vai \u012bpa\u0161umu; Veicina, mudina vai iesaist\u0101s surog\u0101tpasta vai cita veida nev\u0113lamu masveida e-pastu s\u016bt\u012b\u0161an\u0101, k\u0101 ar\u012b datoru vai t\u012bklu uzlau\u0161an\u0101 vai uzlau\u0161an\u0101;<\/p>\n\n\n\n<p>p\u0101rk\u0101pj cita Lietot\u0101ja vai jebkuras citas fiziskas vai juridiskas personas intelektu\u0101l\u0101 \u012bpa\u0161uma ties\u012bbas; p\u0101rk\u0101pj cita Lietot\u0101ja vai jebkuras citas fiziskas vai juridiskas personas priv\u0101tuma vai publicit\u0101tes ties\u012bbas vai p\u0101rk\u0101pj konfidencialit\u0101tes pien\u0101kumus, kas jums ir j\u0101izpilda pret citu Lietot\u0101ju vai jebkuru citu fizisku vai juridisku personu;<\/p>\n\n\n\n<p>trauc\u0113 \u0161\u012bs Vietnes darb\u012bbu;<br>satur vai instal\u0113 jebk\u0101dus v\u012brusus, t\u0101rpus, blusas, Trojas zirgus, kriptoval\u016btu kalnra\u010dus vai citus kodus, failus vai programmas, kas paredz\u0113tas vai sp\u0113j izmantot daudzus resursus, trauc\u0113t, boj\u0101t vai ierobe\u017eot jebkuras programmat\u016bras vai aparat\u016bras funkcionalit\u0101ti.<\/p>\n\n\n\n<p>J\u016bs to nedar\u012bsiet:<\/p>\n\n\n\n<p>kop\u0113t vai izplat\u012bt jebkur\u0101 inform\u0101cijas nes\u0113j\u0101 jebkuru \u0161\u012bs Vietnes da\u013cu, iz\u0146emot gad\u012bjumus, kad Sabiedr\u012bba to ir skaidri at\u013c\u0101vusi,<br>kop\u0113t vai pavairot \u0161o Pakalpojumu snieg\u0161anas noteikumu l\u012bgumu, kas tika izveidots, izmantojot TermsHub.io un Noteikumu un nosac\u012bjumu \u0123eneratoru,<\/p>\n\n\n\n<p>main\u012bt vai p\u0101rveidot jebkuru \u0161\u012bs Vietnes vai jebkuras ar to saist\u012bt\u0101s tehnolo\u0123ijas da\u013cu,<br>piek\u013c\u016bt Uz\u0146\u0113mumu saturam (k\u0101 defin\u0113ts turpm\u0101k) vai Lietot\u0101ja saturam, izmantojot jebk\u0101das tehnolo\u0123ijas vai l\u012bdzek\u013cus, iz\u0146emot \u0161o Vietni.<\/p>\n\n\n\n<p><strong>4. INTELEKTU\u0100LAIS \u012aPA\u0160UMS<\/strong><\/p>\n\n\n\n<p>Papildus iepriek\u0161 min\u0113tajiem visp\u0101r\u012bgajiem noteikumiem \u0161\u012bs sada\u013cas noteikumi \u012bpa\u0161i attiecas uz j\u016bsu Vietn\u0113 public\u0113t\u0101 Uz\u0146\u0113mumu satura izmanto\u0161anu. Uz\u0146\u0113mumu saturs \u0161aj\u0101 Vietn\u0113, tostarp, bet ne tikai, teksts, programmat\u016bra, skripti, pirmkods, API, grafikas, fotoatt\u0113li, ska\u0146as, m\u016bzika, video un interakt\u012bv\u0101s funkcijas, k\u0101 ar\u012b taj\u0101 ietvert\u0101s pre\u010du z\u012bmes, pakalpojumu z\u012bmes un logotipi (\"Uz\u0146\u0113mumu saturs\"), ir Brevo \u012bpa\u0161ums vai licence uz nenoteiktu laiku, un uz tiem attiecas autorties\u012bbu, pre\u010du z\u012bmju un\/vai patentu aizsardz\u012bba.<\/p>\n\n\n\n<p>Uz\u0146\u0113mumu Saturs jums tiek sniegts \"t\u0101ds, k\u0101ds ir\", \"k\u0101ds pieejams\" un \"ar visiem tr\u016bkumiem\" tikai j\u016bsu inform\u0101cijai un person\u012bgai, nekomerci\u0101lai lieto\u0161anai, un to nedr\u012bkst lejupiel\u0101d\u0113t, kop\u0113t, pavairot, izplat\u012bt, p\u0101rraid\u012bt, p\u0101rraid\u012bt, r\u0101d\u012bt, p\u0101rdot, licenc\u0113t vai cit\u0101di izmantot jebk\u0101diem m\u0113r\u0137iem bez iepriek\u0161\u0113jas rakstiskas Uz\u0146\u0113muma piekri\u0161anas. Ar \u0161o L\u012bgumu netiek pie\u0161\u0137irtas nek\u0101das ties\u012bbas vai licences saska\u0146\u0101 ar autorties\u012bb\u0101m, pre\u010du z\u012bmi, patentu vai cit\u0101m \u012bpa\u0161umties\u012bb\u0101m vai licenc\u0113m.<\/p>\n\n\n\n<p><strong>5. ATTEIK\u0160AN\u0100S NO APLIECIN\u0100JUMIEM UN GARANTIJ\u0100M<\/strong><\/p>\n\n\n\n<p>J\u016aS \u012aPA\u0160I ATZ\u012aSTAT UN PIEKR\u012aTAT, KA \u0160O VIETNI IZMANTOJAT UZ SAVU RISKU UN KA \u0160\u012a VIETNE TIEK NODRO\u0160IN\u0100TA \"T\u0100DA, K\u0100DA IR\", \"T\u0100DA, K\u0100DA IR PIEEJAMA\" UN \"AR VISIEM TR\u016aKUMIEM\". UZ\u0145\u0112MUMS, T\u0100 VAD\u012aT\u0100JI, DIREKTORI, DARBINIEKI UN A\u0122ENTI ATSAK\u0100S NO VIS\u0100M LIKUM\u0100 NOTEIKTAJ\u0100M, SKAIDRI IZTEIKTAJ\u0100M VAI NETIE\u0160\u0100M GARANTIJ\u0100M, TOSTARP, BET NE TIKAI, NO JEBK\u0100D\u0100M NETIE\u0160\u0100M GARANTIJ\u0100M PAR \u012aPA\u0160UMTIES\u012aB\u0100M, P\u0100RDO\u0160ANAS IESP\u0112J\u0100M, PIEM\u0112ROT\u012aBU KONKR\u0112TAM M\u0112R\u0136IM UN NEP\u0100RK\u0100P\u0160ANU. UZ\u0145\u0112MUMS, T\u0100 VAD\u012aT\u0100JI, DIREKTORI, DARBINIEKI UN A\u0122ENTI NESNIEDZ NEK\u0100DUS APGALVOJUMUS VAI GARANTIJAS PAR (I) \u0160\u012aS VIETNES PRECIZIT\u0100TI, PILN\u012aGUMU VAI SATURU, (II) JEBKURAS VIETNES, KAS IR SAIST\u012aTA AR \u0160O VIETNI (IZMANTOJOT HIPERSAITES, REKL\u0100MAS BANERUS VAI CIT\u0100DI), PRECIZIT\u0100TI, PILN\u012aGUMU VAI SATURU UN\/VAI (III) PAKALPOJUMIEM, KAS ATRODAMI \u0160AJ\u0100 VIETN\u0112 VAI JEBKUR\u0100 VIETN\u0112, KAS IR SAIST\u012aTA AR \u0160O VIETNI (IZMANTOJOT HIPERSAITES, REKL\u0100MAS BANERUS VAI CIT\u0100DI), UN UZ\u0145\u0112MUMS NEUZ\u0145EMAS NEK\u0100DU ATBILD\u012aBU PAR TO.<\/p>\n\n\n\n<p>TURKL\u0100T J\u016aS \u012aPA\u0160I ATZ\u012aSTAT UN PIEKR\u012aTAT, KA NEK\u0100DA MUTISKA VAI RAKSTISKA INFORM\u0100CIJA VAI PADOMS, KO SNIEDZ UZ\u0145\u0112MUMS, T\u0100 VAD\u012aT\u0100JI, DIREKTORI, DARBINIEKI VAI A\u0122ENTI UN TRE\u0160O PU\u0160U PAKALPOJUMU SNIEDZ\u0112JI, (I) NAV JURIDISKS VAI FINANSI\u0100LS PADOMS VAI (II) NERADA JEBK\u0100DA VEIDA GARANTIJU ATTIEC\u012aB\u0100 UZ \u0160O VIETNI VAI \u0160AJ\u0100 VIETN\u0112 ATRODAMAJIEM PAKALPOJUMIEM, UN LIETOT\u0100JIEM NEVAJADZ\u0112TU PA\u013bAUTIES UZ \u0160\u0100DU INFORM\u0100CIJU VAI PADOMU.<\/p>\n\n\n\n<p>\u0160\u012aD\u0112JO\u0160\u0100 ATBILST\u012aBA NO P\u0100RSKAT\u012aJUMIEM UN GARANTIJ\u0100M J\u0100PIEM\u0112RO PILN\u012aB\u0100, K\u0100 TO PILN\u012aBU PIEM\u0112RO LIKUMDO\u0160ANA, un t\u0101 ir sp\u0113k\u0101 ar\u012b p\u0113c jebkura<\/p>\n\n\n\n<p>\u0161\u012b L\u012bguma vai j\u016bsu Vietnes vai \u0161aj\u0101 Vietn\u0113 atrodamo Pakalpojumu lieto\u0161anas izbeig\u0161ana vai termi\u0146a beig\u0161an\u0101s.<\/p>\n\n\n\n<p><strong>6. ATBILD\u012aBAS IEROBE\u017dOJUMI<\/strong><\/p>\n\n\n\n<p>NEK\u0100D\u0100 GAD\u012aJUM\u0100 SABIEDR\u012aBA, T\u0100S VAD\u012aT\u0100JI, DIREKTORI, DARBINIEKI, A\u0122ENTI UN VISI TRE\u0160O PERSONU PAKALPOJUMU SNIEDZ\u0112JI NAV ATBILD\u012aGI JUMS VAI JEBKURAI CITAI PERSONAI VAI ORGANIZ\u0100CIJAI PAR JEBK\u0100DIEM TIE\u0160IEM, NETIE\u0160IEM, NEJAU\u0160IEM, \u012aPA\u0160IEM, SODA VAI IZRIETO\u0160IEM ZAUD\u0112JUMIEM, TOSTARP JEBK\u0100DIEM ZAUD\u0112JUMIEM, KAS VAR RASTIES (I) \u0160\u012aS VIETNES PRECIZIT\u0100TES, PILN\u012aGUMA VAI SATURA, (II) PRECIZIT\u0100TES D\u0112\u013b, AR \u0160O VIETNI SAIST\u012aTO VIET\u0145U (IZMANTOJOT HIPERSAITES, REKL\u0100MAS BANERUS VAI CIT\u0100DI) PRECIZIT\u0100TI, PILN\u012aGUMU VAI SATURU, (III) \u0160AJ\u0100 VIETN\u0112 VAI AR \u0160O VIETNI SAIST\u012aT\u0100S VIETN\u0112S (IZMANTOJOT HIPERSAITES, REKL\u0100MAS BANERUS VAI CIT\u0100DI) PIEEJAMAJIEM PAKALPOJUMIEM, (IV) JEBK\u0100DA VEIDA MIESAS BOJ\u0100JUMIEM VAI \u012aPA\u0160UMA BOJ\u0100JUMIEM, (V) JEBK\u0100DA VEIDA TRE\u0160O PERSONU R\u012aC\u012aBU, (VI) JEBK\u0100DUS P\u0100RTRAUKUMUS VAI PAKALPOJUMU SNIEG\u0160ANAS P\u0100RTRAUKUMUS UZ \u0160O VIETNI VAI NO \u0160\u012aS VIETNES VAI JEBKUR\u0100M VIETN\u0112M, KAS SAIST\u012aTAS (IZMANTOJOT HIPERSAITES, REKL\u0100MAS BANERUS VAI CIT\u0100DI) AR \u0160O VIETNI, (VII) JEBK\u0100DUS V\u012aRUSUS, T\u0100RPUS, BLUSAS, TROJAS ZIRGUS VAI TAML\u012aDZ\u012aGI, KAS VAR TIKT P\u0100RRAID\u012aTI UZ \u0160O VIETNI VAI NO \u0160\u012aS VIETNES VAI JEBKUR\u0100M VIETN\u0112M, KAS SAIST\u012aTAS (IZMANTOJOT HIPERSAITES, REKL\u0100MAS BANERUS VAI CIT\u0100DI) AR \u0160O VIETNI, (VIII) JEBKURU LIETOT\u0100JU SATURU VAI SATURU, KAS IR APMELOJO\u0160S, UZM\u0100C\u012aGS, AIZSKARO\u0160S, AIZSKARO\u0160S, KAIT\u012aGS NEPILNGAD\u012aGAJIEM VAI JEBKURAI CITAI AIZSARG\u0100TAI GRUPAI, PORNOGR\u0100FISKS, \"X-RATED\", NEPIEKL\u0100J\u012aGS VAI CIT\u0100DI NEPIE\u0145EMAMS, UN\/VAI (IX) JEBK\u0100DI ZAUD\u0112JUMI VAI JEBK\u0100DA VEIDA KAIT\u0112JUMS, KAS RADU\u0160IES \u0160\u012aS VIETNES VAI \u0160AJ\u0100 VIETN\u0112 ATRODAMO PAKALPOJUMU IZMANTO\u0160ANAS REZULT\u0100T\u0100, NEATKAR\u012aGI NO T\u0100, VAI TAS PAMATOTS AR GARANTIJU, L\u012aGUMU, DELIKTU VAI CITU JURIDISKU VAI TAISN\u012aGU TEORIJU, UN NEATKAR\u012aGI NO T\u0100, VAI UZ\u0145\u0112MUMS IR VAI NAV INFORM\u0112TS PAR \u0160\u0100DU ZAUD\u0112JUMU IESP\u0112JU.<\/p>\n\n\n\n<p>PIE\u0160\u0136IRT\u012aB\u0100 J\u016bs VIEN\u012aGI ATZ\u012aSTAT UN piekr\u012btat, ka jebkuras pras\u012bbas, kas izriet no vai ir saist\u012btas ar \u0161o Vietni vai Pakalpojumiem, kas atrodami \u0161aj\u0101 Vietn\u0113, ir j\u0101uzs\u0101k viena (1) gada laik\u0101 p\u0113c pras\u012bbas ra\u0161an\u0101s, pret\u0113j\u0101 gad\u012bjum\u0101 \u0161\u0101dai pras\u012bbai iest\u0101jas m\u016b\u017e\u012bgs noilgums.<\/p>\n\n\n\n<p>IEPRIEK\u0160 MIN\u0112TAIS ATBILD\u012aBAS IEROBE\u017dOJUMS IR PIEM\u0112ROJAMS LIKUM\u0100 AT\u013bAUTAJ\u0100 APJOM\u0100, UN TAS IR SP\u0112K\u0100 AR\u012a P\u0112C \u0160\u012a L\u012aGUMA IZBEIG\u0160ANAS VAI TERMI\u0145A BEIG\u0100M VAI P\u0112C TAM, KAD J\u016aS IZMANTOJAT \u0160O VIETNI VAI PAKALPOJUMUS, KAS ATRODAMI \u0160AJ\u0100 VIETN\u0112.<\/p>\n\n\n\n<p><strong>7. INDEMNITY<\/strong><\/p>\n\n\n\n<p>J\u016bs piekr\u012btat aizsarg\u0101t, aizst\u0101v\u0113t, atl\u012bdzin\u0101t un pasarg\u0101t Sabiedr\u012bbu un t\u0101s vad\u012bt\u0101jus, direktorus, darbiniekus, a\u0123entus no jebk\u0101d\u0101m un vis\u0101m pras\u012bb\u0101m, piepras\u012bjumiem, izmaks\u0101m, izdevumiem, zaud\u0113jumiem, saist\u012bb\u0101m un jebk\u0101da veida un rakstura zaud\u0113jumiem (tostarp, bet ne tikai, pamatot\u0101m advok\u0101tu atl\u012bdz\u012bbas izmaks\u0101m), kas uzlikti vai radu\u0161ies Sabiedr\u012bbai tie\u0161i vai netie\u0161i no (i) j\u016bsu \u0161\u012bs Vietnes lieto\u0161anas un piek\u013cuves tai; (ii) jebkura \u0161\u012b L\u012bguma noteikuma vai \u0161eit iek\u013cauto politiku vai l\u012bgumu p\u0101rk\u0101puma; un\/vai (iii) jebk\u0101du tre\u0161o personu ties\u012bbu, tostarp, bet ne tikai, intelektu\u0101l\u0101 \u012bpa\u0161uma vai citu \u012bpa\u0161umties\u012bbu, p\u0101rk\u0101puma. \u0160aj\u0101 ieda\u013c\u0101 noteikt\u0101s saist\u012bbas atl\u012bdzin\u0101t zaud\u0113jumus paliek sp\u0113k\u0101 ar\u012b p\u0113c \u0161\u012b L\u012bguma vai \u0161\u012bs Vietnes vai Pakalpojumu, kas atrodami \u0161aj\u0101 Vietn\u0113, izbeig\u0161an\u0101s vai termi\u0146a beig\u0101m.<\/p>\n\n\n\n<p><strong>8. DATU P\u0100RNESE<\/strong><\/p>\n\n\n\n<p>Ja \u0161o vietni apmekl\u0113jat no citas valsts, nevis t\u0101s, kur\u0101 atrodas m\u016bsu serveri, j\u016bsu sazi\u0146a ar mums var izrais\u012bt inform\u0101cijas p\u0101rs\u016bt\u012b\u0161anu p\u0101ri starptautiskaj\u0101m robe\u017e\u0101m. Apmekl\u0113jot \u0161o Vietni un sazinoties ar mums elektroniski, j\u016bs piekr\u012btat \u0161\u0101dai p\u0101rs\u016bt\u012b\u0161anai.<\/p>\n\n\n\n<p><strong>9. T\u012aMEK\u013bA VIETNES PIEEJAM\u012aBA<\/strong><\/p>\n\n\n\n<p>Iev\u0113rojot \u0161\u012b L\u012bguma noteikumus un nosac\u012bjumus un m\u016bsu politiku, m\u0113s pieliekam komerci\u0101li pamatotas p\u016bles, lai m\u0113\u0123in\u0101tu nodro\u0161in\u0101t \u0161o Vietni 24\/7 re\u017e\u012bm\u0101. J\u016bs atz\u012bstat un piekr\u012btat, ka<\/p>\n\n\n\n<p>laiku pa laikam \u0161\u012b Vietne var b\u016bt nepieejama jebk\u0101du iemeslu d\u0113\u013c, tostarp, bet ne tikai, periodiskas apkopes, remonta vai nomai\u0146as d\u0113\u013c, ko m\u0113s laiku pa laikam veicam, vai citu no mums neatkar\u012bgu iemeslu d\u0113\u013c, tostarp, bet ne tikai, telekomunik\u0101ciju vai ciparu p\u0101rraides savienojumu p\u0101rtraukuma vai k\u013c\u016bmes vai citu k\u013c\u016bmju d\u0113\u013c.<\/p>\n\n\n\n<p>J\u016bs atz\u012bstat un piekr\u012btat, ka m\u0113s nevaram kontrol\u0113t \u0161\u012bs Vietnes nep\u0101rtrauktu vai nep\u0101rtrauktu pieejam\u012bbu un ka m\u0113s neuz\u0146emamies nek\u0101du atbild\u012bbu pret jums vai jebkuru citu pusi saist\u012bb\u0101 ar to.<\/p>\n\n\n\n<p><strong>10. P\u0100RTRAUKTIE PAKALPOJUMI<\/strong><\/p>\n\n\n\n<p>Sabiedr\u012bba patur ties\u012bbas jebkur\u0101 laik\u0101, jebk\u0101da iemesla d\u0113\u013c vai bez t\u0101 un bez iepriek\u0161\u0113ja br\u012bdin\u0101juma p\u0101rtraukt pied\u0101v\u0101t vai sniegt k\u0101du no Pakalpojumiem. Lai gan Sabiedr\u012bba pieliek lielas p\u016bles, lai maksim\u0101li pagarin\u0101tu visu savu Pakalpojumu darb\u012bbas laiku, ir gad\u012bjumi, kad k\u0101ds no m\u016bsu pied\u0101v\u0101tajiem Pakalpojumiem tiek p\u0101rtraukts. \u0160\u0101d\u0101 gad\u012bjum\u0101 Sabiedr\u012bba vairs neatbalst\u012bs \u0161o produktu vai pakalpojumu. \u0160\u0101d\u0101 gad\u012bjum\u0101 Sabiedr\u012bba jums pied\u0101v\u0101s l\u012bdz\u012bgu Pakalpojumu, uz kuru p\u0101riet, vai ar\u012b atmaks\u0101s naudu. Sabiedr\u012bba neb\u016bs atbild\u012bga pret jums vai jebkuru tre\u0161o personu par jebk\u0101d\u0101m izmai\u0146\u0101m, aptur\u0113\u0161anu vai p\u0101rtrauk\u0161anu jebkur\u0101 no m\u016bsu pied\u0101v\u0101tajiem Pakalpojumiem vai piek\u013cuves nodro\u0161in\u0101\u0161anu tiem.<\/p>\n\n\n\n<p><strong>11. NAV TRE\u0160O PERSONU LABUMA GUV\u0112JU<\/strong><\/p>\n\n\n\n<p>Nekas \u0161aj\u0101 L\u012bgum\u0101 nav uzskat\u0101ms par t\u0101du, kas pie\u0161\u0137ir ties\u012bbas vai priek\u0161roc\u012bbas tre\u0161aj\u0101m person\u0101m.<\/p>\n\n\n\n<p><strong>12. ATBILST\u012aBA VIET\u0112JIEM TIES\u012aBU AKTIEM<\/strong><\/p>\n\n\n\n<p>Uz\u0146\u0113mums nesniedz nek\u0101das garantijas, ka \u0161aj\u0101 vietn\u0113 pieejamais saturs ir piem\u0113rots vis\u0101s valst\u012bs vai jurisdikcij\u0101s, un piek\u013cuve \u0161ai vietnei no valst\u012bm vai jurisdikcij\u0101m, kur\u0101s t\u0101s saturs ir nelikum\u012bgs, ir aizliegta. Lietot\u0101ji, kuri izv\u0113las piek\u013c\u016bt \u0161ai Vietnei, ir atbild\u012bgi par visu viet\u0113jo likumu, noteikumu un noteikumu iev\u0113ro\u0161anu.<\/p>\n\n\n\n<p><strong>13. \u012aPA\u0160IE NOTEIKUMI<\/strong><\/p>\n\n\n\n<p>\u0160o L\u012bgumu un visus str\u012bdus vai pras\u012bbas, kas izriet no t\u0101 vai saist\u012bb\u0101 ar to, vai t\u0101 priek\u0161metu vai veido\u0161anu, reglament\u0113 un interpret\u0113 saska\u0146\u0101 ar Lietuvas ties\u012bbu aktiem, izsl\u0113dzot ties\u012bbu normu kol\u012bzijas normas.<\/p>\n\n\n\n<p><strong>14. STR\u012aDU IZ\u0160\u0136IR\u0160ANA<\/strong><\/p>\n\n\n\n<p>Jebkur\u0161 str\u012bds vai pras\u012bba, kas izriet no \u0161iem Pakalpojumu snieg\u0161anas noteikumiem vai ir saist\u012bta ar tiem, tiks iz\u0161\u0137irta saisto\u0161\u0101 \u0161\u0137\u012br\u0113jties\u0101. Jebkur\u0161 \u0161\u0101ds str\u012bds vai pras\u012bba j\u0101izskata \u0161\u0137\u012br\u0113jties\u0101 individu\u0101li, un to nedr\u012bkst apvienot \u0161\u0137\u012br\u0113jties\u0101 ar jebkuras citas puses pras\u012bbu vai str\u012bdu. \u0160\u0137\u012br\u0113jtiesa j\u0101veic Lietuv\u0101, un spriedumu par \u0161\u0137\u012br\u0113jtiesas spriedumu var pasludin\u0101t jebkur\u0101 t\u0101s jurisdikcij\u0101 eso\u0161\u0101 ties\u0101.<\/p>\n\n\n\n<p><strong>15. VIRSRAKSTI UN NOSAUKUMI<\/strong><\/p>\n\n\n\n<p>\u0160\u0101 nol\u012bguma virsraksti un nosaukumi ir paredz\u0113ti tikai \u0113rt\u012bbai un \u0113rt\u0101kai atsaucei, un tie nek\u0101d\u0101 veid\u0101 nav izmantojami, lai interpret\u0113tu vai skaidrotu pu\u0161u vieno\u0161anos, k\u0101 cit\u0101di izkl\u0101st\u012bts \u0161aj\u0101 nol\u012bgum\u0101.<\/p>\n\n\n\n<p><strong>16. SEVERABILIT\u0100TE<\/strong><\/p>\n\n\n\n<p>Katrs \u0161aj\u0101 L\u012bgum\u0101 ietvertais l\u012bgums un vieno\u0161an\u0101s visos nol\u016bkos ir uzskat\u0101ms par atsevi\u0161\u0137u un neatkar\u012bgu l\u012bgumu vai vieno\u0161anos. Ja kompetentas jurisdikcijas tiesa k\u0101du \u0161\u0101 L\u012bguma noteikumu (vai noteikumu da\u013cu) atz\u012bst par nelikum\u012bgu, sp\u0113k\u0101 neeso\u0161u vai cit\u0101di neizpild\u0101mu, tas neietekm\u0113 p\u0101r\u0113jos \u0161\u0101 L\u012bguma noteikumus (vai noteikumu da\u013cas), un tie tiek atz\u012bti par sp\u0113k\u0101 eso\u0161iem un izpild\u0101miem likum\u0101 at\u013cautaj\u0101 apjom\u0101.<\/p>\n\n\n\n<p><strong>17. KONTAKTINFORM\u0100CIJA<\/strong><\/p>\n\n\n\n<p>Ja jums ir k\u0101di jaut\u0101jumi par \u0161o L\u012bgumu, l\u016bdzu, sazinieties ar mums pa e-pastu vai pa pastu, rakstot uz \u0161\u0101du adresi:<\/p>\n\n\n\n<p>Brevo<br>Vi\u013c\u0146a<br>LV robert.bartosevicz@gmail.com<\/p>","protected":false},"excerpt":{"rendered":"<p>PLEASE READ THIS TERMS OF SERVICE AGREEMENT CAREFULLY, AS IT CONTAINS IMPORTANT INFORMATION REGARDING YOUR LEGAL RIGHTS AND REMEDIES. Last Revised: 2022-07-17 09:08:55 1. OVERVIEW This Terms of Service Agreement (&#8220;Agreement&#8221;) is entered into by and between Brevo, registered address Vilnius, LT (&#8220;Company&#8221;) and you, and is made effective as of the date of your [&hellip;]<\/p>\n","protected":false},"author":2,"featured_media":0,"parent":0,"menu_order":0,"comment_status":"closed","ping_status":"closed","template":"","meta":{"_acf_changed":false,"_gspb_post_css":"","_kad_blocks_custom_css":"","_kad_blocks_head_custom_js":"","_kad_blocks_body_custom_js":"","_kad_blocks_footer_custom_js":"","footnotes":""},"class_list":["post-2040","page","type-page","status-publish","hentry"],"blocksy_meta":{"styles_descriptor":{"styles":{"desktop":"","tablet":"","mobile":""},"google_fonts":[],"version":6}},"acf":[],"taxonomy_info":[],"featured_image_src_large":false,"author_info":{"display_name":"internetini\u0173 k\u016brimas","author_link":"https:\/\/brevo.lt\/lv\/author\/system\/"},"comment_info":0,"_links":{"self":[{"href":"https:\/\/brevo.lt\/lv\/wp-json\/wp\/v2\/pages\/2040","targetHints":{"allow":["GET"]}}],"collection":[{"href":"https:\/\/brevo.lt\/lv\/wp-json\/wp\/v2\/pages"}],"about":[{"href":"https:\/\/brevo.lt\/lv\/wp-json\/wp\/v2\/types\/page"}],"author":[{"embeddable":true,"href":"https:\/\/brevo.lt\/lv\/wp-json\/wp\/v2\/users\/2"}],"replies":[{"embeddable":true,"href":"https:\/\/brevo.lt\/lv\/wp-json\/wp\/v2\/comments?post=2040"}],"version-history":[{"count":0,"href":"https:\/\/brevo.lt\/lv\/wp-json\/wp\/v2\/pages\/2040\/revisions"}],"wp:attachment":[{"href":"https:\/\/brevo.lt\/lv\/wp-json\/wp\/v2\/media?parent=2040"}],"curies":[{"name":"wp","href":"https:\/\/api.w.org\/{rel}","templated":true}]}}