{"id":3,"date":"2022-07-04T12:22:04","date_gmt":"2022-07-04T12:22:04","guid":{"rendered":"https:\/\/brevo.lt\/?page_id=3"},"modified":"2022-07-20T20:34:07","modified_gmt":"2022-07-20T20:34:07","slug":"privatuma-politika","status":"publish","type":"page","link":"https:\/\/brevo.lt\/lv\/privatumo-politika\/","title":{"rendered":"Konfidencialit\u0101tes politika"},"content":{"rendered":"<p><\/p>\n\n\n\n<p>Mums ir svar\u012bgs j\u016bsu priv\u0101tums, t\u0101p\u0113c Brevo, pakalpojumu sniedz\u0113js, kas atrodas Lietuv\u0101, ir izveidojis \u0161\u0101du priv\u0101tuma politiku (\"Politika\"), lai j\u016bs zin\u0101tu, k\u0101du inform\u0101ciju m\u0113s apkopojam, kad apmekl\u0113jat m\u016bsu vietni https:\/\/brevo.lt (\"Vietne\"), k\u0101p\u0113c m\u0113s to apkopojam un k\u0101 to izmantojam.<\/p>\n\n\n\n<p>Termini \"J\u016bs,\" \"Tavs,\" \"J\u016bsu\" un \"Lietot\u0101js\" attiecas uz personu\/personu\/organiz\u0101ciju, kas izmanto m\u016bsu Vietni.<\/p>\n\n\n\n<p>Ja \u0161aj\u0101 politik\u0101 ir min\u0113ts \"M\u0113s\", \"Mums\" un \"M\u016bsu\", tas attiecas uz Brevo un t\u0101s meitasuz\u0146\u0113mumiem un fili\u0101l\u0113m.<\/p>\n\n\n\n<p>\u0160o konfidencialit\u0101tes politiku reglament\u0113 m\u016bsu Pakalpojumu snieg\u0161anas noteikumi.<\/p>\n\n\n\n<p>Ja rodas jaut\u0101jumi par \u0161o politiku vai piepras\u012bjumi par personas datu apstr\u0101di, l\u016bdzu, sazinieties ar mums, rakstot uz pergolabrevo@gmail.com.<\/p>\n\n\n\n<p><strong>1. INFORM\u0100CIJA, KO M\u0112S NO JUMS IEV\u0100CAM<\/strong><\/p>\n\n\n\n<p>M\u0113s apkopojam inform\u0101ciju, ko J\u016bs mums sniedzat, un \u0161\u012b inform\u0101cija ir nepiecie\u0161ama, lai pien\u0101c\u012bgi izpild\u012btu l\u012bgumisk\u0101s vieno\u0161an\u0101s, kas nosl\u0113gtas starp Jums un mums, un \u013cautu mums izpild\u012bt savas juridisk\u0101s saist\u012bbas.<\/p>\n\n\n\n<p>Konta re\u0123istr\u0113\u0161an\u0101s inform\u0101cija. Kad izveidojat kontu, m\u0113s l\u016bdzam J\u016bs sniegt re\u0123istr\u0113\u0161an\u0101s inform\u0101ciju, piem\u0113ram, e-pasta adresi, v\u0101rdu, uzv\u0101rdu, t\u0101lruni.<br>Sazi\u0146a, t\u0113rz\u0113\u0161ana, zi\u0146apmai\u0146a. Kad j\u016bs sazin\u0101ties ar mums, izmantojot e-pastu vai jebkuru citu<\/p>\n\n\n\n<p>cit\u0101di m\u0113s apkopojam inform\u0101ciju par j\u016bsu sazi\u0146u un jebk\u0101du inform\u0101ciju, ko izv\u0113laties sniegt vai atkl\u0101t. Lai atbild\u0113tu uz j\u016bsu piepras\u012bjumu, m\u0113s varam piek\u013c\u016bt inform\u0101cijai, kas sniegta e-past\u0101, t\u0113rz\u0113\u0161anas laik\u0101, pirkumu v\u0113stur\u0113 utt.<\/p>\n\n\n\n<p><strong>2. INFORM\u0100CIJA, KO M\u0112S APKOPOJAM AUTOM\u0100TISKI.<\/strong><\/p>\n\n\n\n<p>Kad izmantojat m\u016bsu Vietni vai sazinieties ar mums tie\u0161i, m\u0113s varam v\u0101kt inform\u0101ciju, tostarp j\u016bsu personisko inform\u0101ciju, par to, k\u0101 j\u016bs r\u012bkojaties m\u016bsu Vietn\u0113, k\u0101dus pakalpojumus izmantojat un k\u0101 tos izmantojat.<\/p>\n\n\n\n<p>\u0160\u012b inform\u0101cija ir nepiecie\u0161ama, lai pien\u0101c\u012bgi izpild\u012btu l\u012bgumu starp Jums un mums, lai m\u0113s var\u0113tu izpild\u012bt juridisk\u0101s saist\u012bbas un \u0146emot v\u0113r\u0101 m\u016bsu likum\u012bg\u0101s intereses nodro\u0161in\u0101t un uzlabot Vietnes funkcionalit\u0101ti.<\/p>\n\n\n\n<p>Logu dati un Ier\u012bces inform\u0101cija. M\u0113s autom\u0101tiski iev\u0101cam logu datus un ier\u012bces inform\u0101ciju, kad j\u016bs piek\u013c\u016bstat Vietnei un izmantojat to, pat ja neesat izveidojis Kontu vai pieteicies. \u0160\u012b inform\u0101cija cita starp\u0101 ietver: interneta protokola (IP) adreses, p\u0101rl\u016bkprogrammas veidu, interneta pakalpojumu sniedz\u0113ju (ISP), novirz\u012b\u0161anas\/izie\u0161anas lapas, oper\u0113t\u0101jsist\u0113mu, datuma\/laika z\u012bmogu, klik\u0161\u0137u pl\u016bsmas datus.<\/p>\n\n\n\n<p>Izseko\u0161anas tehnolo\u0123ijas un s\u012bkfaili. M\u0113s izmantojam s\u012bkfailus, b\u0101kas, birkas, CI kodus (klik\u0161\u0137u izseko\u0161ana), ISC (avota izseko\u0161ana), ITC (pre\u010du izseko\u0161anas kodi), t\u0101lru\u0146a modeli, ier\u012bces ID, klienta numuru. M\u0113s ar\u012b autom\u0101tiski apkopojam inform\u0101ciju par ier\u012bces oper\u0113t\u0101jsist\u0113mu, .<\/p>\n\n\n\n<p><strong>3. VEIDS, K\u0100 M\u0112S IZMANTOJAM J\u016aSU INFORM\u0100CIJU<\/strong><\/p>\n\n\n\n<p>M\u0113s apstr\u0101d\u0101jam j\u016bsu inform\u0101ciju, iev\u0113rojot visp\u0101r\u012bgos datu apstr\u0101des principus.<br>M\u0113s varam izmantot inform\u0101ciju, ko apkopojam sav\u0101 vietn\u0113, vair\u0101ku iemeslu d\u0113\u013c, tostarp, lai:<\/p>\n\n\n\n<p>lai identific\u0113tu lietot\u0101ju, lai izveidotu kontu, lai izveidotu uzticamu vidi, lai veidotu statistiku un analiz\u0113tu tirgu, lai saglab\u0101tu savienojumu.<\/p>\n\n\n\n<p>lai piel\u0101gotu m\u0101rketingu, lai nos\u016bt\u012btu nor\u0113\u0137inu inform\u0101ciju, lai p\u0101rvald\u012btu lietot\u0101ja pas\u016bt\u012bjumus, lai sazin\u0101tos ar lietot\u0101ju, lai uzlabotu pakalpojumus.<\/p>\n\n\n\n<p>lai nodro\u0161in\u0101tu datu dro\u0161\u012bbu un nov\u0113rstu kr\u0101p\u0161anu, lai iev\u0113rotu piem\u0113rojamos ties\u012bbu aktus, lai piepras\u012btu atsauksmes, lai public\u0113tu atsauksmes, lai sniegtu atbalstu.<\/p>\n\n\n\n<p>Parasti m\u0113s iev\u0101cam no jums personisko inform\u0101ciju tikai tad, ja mums ir j\u016bsu piekri\u0161ana to dar\u012bt, ja mums ir nepiecie\u0161ama personisk\u0101 inform\u0101cija, lai izpild\u012btu l\u012bgumu ar jums, vai ja apstr\u0101de ir m\u016bsu likum\u012bg\u0101s uz\u0146\u0113m\u0113jdarb\u012bbas interes\u0113s.<\/p>\n\n\n\n<p><strong>4. TIE\u0160AIS M\u0100RKETINGS<\/strong><\/p>\n\n\n\n<p>M\u0113s varam izmantot j\u016bsu sniegto kontaktinform\u0101ciju tie\u0161ajai tirgved\u012bbai. \u0160ie tie\u0161\u0101 m\u0101rketinga pied\u0101v\u0101jumi atkar\u012bb\u0101 no j\u016bsu v\u0113lm\u0113m var b\u016bt personaliz\u0113ti, \u0146emot v\u0113r\u0101 jebk\u0101du citu inform\u0101ciju, ko esat mums sniedzis (piem\u0113ram, atra\u0161an\u0101s vietu, inform\u0101ciju par soci\u0101lo mediju profiliem u. c.) vai ko m\u0113s esam apkopoju\u0161i vai ieguvu\u0161i no citiem avotiem, k\u0101 aprakst\u012bts t\u0101l\u0101k.<\/p>\n\n\n\n<p>Ja v\u0113laties atsaukt piekri\u0161anu tie\u0161ajai tirgved\u012bbai un atteikties no mums sa\u0146emt inform\u0101ciju, varat izmantot \u0161o iesp\u0113ju jebkur\u0101 laik\u0101, atjauninot savas preferences sav\u0101 kont\u0101, sekojot sa\u0146emtajos e-pasta zi\u0146ojumos sniegtajiem nor\u0101d\u012bjumiem par atteik\u0161anos no abon\u0113\u0161anas, noklik\u0161\u0137inot uz \u0161im nol\u016bkam paredz\u0113t\u0101s saites m\u016bsu e-pasta v\u0113stules ar jaunumiem apak\u0161\u0101.<\/p>\n\n\n\n<p><strong>5. COOKIES<\/strong><\/p>\n\n\n\n<p>S\u012bkfaili ir nelieli teksta faili, ko p\u0101rl\u016bkprogramma saglab\u0101 j\u016bsu dator\u0101, kad apmekl\u0113jat m\u016bsu Vietni. M\u0113s izmantojam s\u012bkfailus, lai uzlabotu m\u016bsu Vietni un atvieglotu t\u0101s lieto\u0161anu. S\u012bkfaili \u013cauj mums atpaz\u012bt lietot\u0101jus un izvair\u012bties no atk\u0101rtotiem vienas un t\u0101s pa\u0161as inform\u0101cijas piepras\u012bjumiem.<\/p>\n\n\n\n<p>Citas vietnes nevar nolas\u012bt m\u016bsu Vietnes s\u012bkfailus. Liel\u0101k\u0101 da\u013ca p\u0101rl\u016bkprogrammu pie\u0146em s\u012bkfailus, ja vien j\u016bs nemain\u0101t p\u0101rl\u016bkprogrammas iestat\u012bjumus, lai tos noraid\u012btu.<\/p>\n\n\n\n<p>S\u012bkfaili, ko m\u0113s izmantojam sav\u0101 vietn\u0113:<\/p>\n\n\n\n<p>Oblig\u0101ti nepiecie\u0161am\u0101s s\u012bkdatnes - \u0161\u012bs s\u012bkdatnes ir nepiecie\u0161amas m\u016bsu vietnes darb\u012bbai. T\u0101s pal\u012bdz mums par\u0101d\u012bt jums pareizo inform\u0101ciju, piel\u0101got j\u016bsu pieredzi un \u013cauj mums \u012bstenot un uztur\u0113t dro\u0161\u012bbas funkcijas, k\u0101 ar\u012b pal\u012bdz mums atkl\u0101t \u013caunpr\u0101t\u012bgas darb\u012bbas. Bez \u0161\u012bm s\u012bkdatn\u0113m vietnes darb\u012bba neb\u016btu iesp\u0113jama vai t\u0101s darb\u012bba var\u0113tu tikt nopietni ietekm\u0113ta.<\/p>\n\n\n\n<p>Pla\u0161\u0101ku inform\u0101ciju par to, k\u0101 dz\u0113st s\u012bkfailus, k\u0101 ar\u012b citu noder\u012bgu inform\u0101ciju, kas saist\u012bta ar s\u012bkfailu izmanto\u0161anu, varat atrast t\u012bmek\u013ca vietn\u0113 http:\/\/www.allaboutcookies.org\/.<\/p>\n\n\n\n<p><strong>6. MAKS\u0100JUMU INFORM\u0100CIJA<\/strong><\/p>\n\n\n\n<p>Lai pas\u016bt\u012btu un izmantotu m\u016bsu pakalpojumus, m\u0113s varam piepras\u012bt, lai j\u016bs sniedzat noteiktu finan\u0161u inform\u0101ciju, kas atvieglo maks\u0101jumu apstr\u0101di. M\u0113s varam apkopot j\u016bsu v\u0101rdu, uzv\u0101rdu, kred\u012btkartes vai debetkartes veidu, der\u012bguma termi\u0146u, nor\u0113\u0137inu adresi, kartes numura noteiktus ciparus un inform\u0101ciju par pirkumu. Prec\u012bzi sav\u0101ktie personas dati at\u0161\u0137iras atkar\u012bb\u0101 no maks\u0101juma metodes.<\/p>\n\n\n\n<p><strong>7. TRE\u0160O PERSONU SAITES<\/strong><\/p>\n\n\n\n<p>M\u016bsu Vietn\u0113 var b\u016bt saites uz cit\u0101m vietn\u0113m. L\u016bdzu, iepaz\u012bstieties ar \u0161o viet\u0146u priv\u0101tuma politiku, lai uzzin\u0101tu vair\u0101k par to, k\u0101 t\u0101s v\u0101c un izmanto j\u016bsu personas datus, jo m\u0113s nekontrol\u0113jam \u0161o viet\u0146u politiku un personas datu apstr\u0101des praksi.<\/p>\n\n\n\n<p><strong>8. RETENCIJA<\/strong><\/p>\n\n\n\n<p>M\u0113s saglab\u0101jam j\u016bsu personisko inform\u0101ciju, lai sniegtu jums pakalpojumus un cit\u0101di, lai izpild\u012btu savas juridisk\u0101s saist\u012bbas, risin\u0101tu str\u012bdus un izpild\u012btu savus l\u012bgumus.<\/p>\n\n\n\n<p>M\u0113s saglab\u0101sim j\u016bsu personisko inform\u0101ciju tik ilgi, kam\u0113r mums t\u0101 b\u016bs nepiecie\u0161ama, lai sniegtu jums pakalpojumus, ja vien likums vai noteikumi neparedz, ka mums j\u016bsu personisk\u0101 inform\u0101cija j\u0101saglab\u0101 ilg\u0101k.<\/p>\n\n\n\n<p><strong>9. J\u016aSU PRAS\u012aBAS<\/strong><\/p>\n\n\n\n<p>Jums ir ties\u012bbas uz vair\u0101k\u0101m ties\u012bb\u0101m attiec\u012bb\u0101 uz j\u016bsu personisk\u0101s inform\u0101cijas aizsardz\u012bbu. \u0160\u012bs ties\u012bbas ir \u0161\u0101das:<\/p>\n\n\n\n<p>Ties\u012bbas piek\u013c\u016bt m\u016bsu r\u012bc\u012bb\u0101 eso\u0161ajai inform\u0101cijai par jums. Ja v\u0113laties piek\u013c\u016bt m\u016bsu apkopotajai personiskajai inform\u0101cijai, varat to dar\u012bt jebkur\u0101 laik\u0101, sazinoties ar mums, izmantojot t\u0101l\u0101k nor\u0101d\u012bto kontaktinform\u0101ciju.<\/p>\n\n\n\n<p>Ties\u012bbas labot neprec\u012bzu inform\u0101ciju par jums. J\u016bs varat labot, atjaunin\u0101t vai piepras\u012bt dz\u0113st savu personisko inform\u0101ciju, sazinoties ar mums, izmantojot t\u0101l\u0101k nor\u0101d\u012bto kontaktinform\u0101ciju.<\/p>\n\n\n\n<p>Ties\u012bbas iebilst pret apstr\u0101di. Ja m\u0113s pa\u013caujamies uz j\u016bsu piekri\u0161anu apstr\u0101d\u0101t j\u016bsu personisko inform\u0101ciju, j\u016bs jebkur\u0101 laik\u0101 varat atsaukt piekri\u0161anu, sazinoties ar mums, izmantojot turpm\u0101k nor\u0101d\u012bto kontaktinform\u0101ciju. Tas neietekm\u0113s apstr\u0101des likum\u012bbu pirms j\u016bsu piekri\u0161anas atsauk\u0161anas.<\/p>\n\n\n\n<p>Ties\u012bbas iesniegt s\u016bdz\u012bbu. Ja j\u016bsu ties\u012bbas var\u0113tu b\u016bt p\u0101rk\u0101ptas, varat iesniegt jaut\u0101jumus vai s\u016bdz\u012bbas savas dz\u012bvesvietas valsts datu aizsardz\u012bbas a\u0123ent\u016brai. Tom\u0113r iesak\u0101m m\u0113\u0123in\u0101t pan\u0101kt mier\u012bgu iesp\u0113jamo str\u012bda risin\u0101jumu, vispirms sazinoties ar mums.<\/p>\n\n\n\n<p>Ties\u012bbas dz\u0113st jebk\u0101dus datus, kas attiecas uz jums. J\u016bs varat piepras\u012bt datu dz\u0113\u0161anu bez nepamatotas kav\u0113\u0161an\u0101s likum\u012bgu iemeslu d\u0113\u013c, piem\u0113ram, ja dati vairs nav nepiecie\u0161ami nol\u016bkiem, k\u0101diem tie tika v\u0101kti, vai ja dati ir apstr\u0101d\u0101ti nelikum\u012bgi.<\/p>\n\n\n\n<p><strong>10. POLITIKAS PIEM\u0112RO\u0160ANA<\/strong><\/p>\n\n\n\n<p>\u0160\u012b politika tika izveidota ar TermsHub Priv\u0101tuma politikas \u0123eneratora pal\u012bdz\u012bbu, un t\u0101 attiecas tikai uz m\u016bsu uz\u0146\u0113muma pied\u0101v\u0101tajiem pakalpojumiem. M\u016bsu politika neattiecas uz citu uz\u0146\u0113mumu vai priv\u0101tpersonu pied\u0101v\u0101tajiem pakalpojumiem, tostarp produktiem vai vietn\u0113m, kas jums var tikt r\u0101d\u012bti mekl\u0113\u0161anas rezult\u0101tos, vietn\u0113m, kur\u0101s var b\u016bt iek\u013cauti m\u016bsu pakalpojumi, vai cit\u0101m vietn\u0113m, kas saist\u012btas ar m\u016bsu Vietni vai Pakalpojumiem.<\/p>\n\n\n\n<p><strong>11. GROZ\u012aJUMI<\/strong><\/p>\n\n\n\n<p>M\u016bsu politika laiku pa laikam var main\u012bties. M\u0113s public\u0113sim jebk\u0101das politikas izmai\u0146as sav\u0101 Vietn\u0113, un, ja izmai\u0146as b\u016bs b\u016btiskas, m\u0113s varam apsv\u0113rt iesp\u0113ju sniegt skaidr\u0101ku pazi\u0146ojumu (tostarp attiec\u012bb\u0101 uz da\u017eiem pakalpojumiem - pazi\u0146ojumu par politikas izmai\u0146\u0101m pa e-pastu).<\/p>\n\n\n\n<p><strong>12. \u0160\u012aS POLITIKAS PIE\u0145EM\u0160ANA<\/strong><\/p>\n\n\n\n<p>M\u0113s pie\u0146emam, ka visi \u0161\u012bs Vietnes lietot\u0101ji ir r\u016bp\u012bgi izlas\u012bju\u0161i \u0161o dokumentu un piekr\u012bt t\u0101 saturam. Ja k\u0101ds nepiekr\u012bt \u0161ai politikai, vi\u0146am vajadz\u0113tu attur\u0113ties no m\u016bsu Vietnes lieto\u0161anas. M\u0113s paturam ties\u012bbas jebkur\u0101 laik\u0101 main\u012bt m\u016bsu Politiku un inform\u0113t par to, izmantojot 11. sada\u013c\u0101 nor\u0101d\u012bto veidu. Turpm\u0101ka \u0161\u012bs Vietnes lieto\u0161ana noz\u012bm\u0113, ka piekr\u012btat p\u0101rskat\u012btajai politikai.<\/p>\n\n\n\n<p><strong>13. PAPILDU INFORM\u0100CIJA<\/strong><\/p>\n\n\n\n<p>Ja jums ir v\u0113l k\u0101di jaut\u0101jumi par m\u016bsu v\u0101ktajiem datiem vai to, k\u0101 m\u0113s tos izmantojam, l\u016bdzu, sazinieties ar mums, izmantojot iepriek\u0161 nor\u0101d\u012bto inform\u0101ciju.<\/p>","protected":false},"excerpt":{"rendered":"<p>Your privacy is important to us, so Brevo, a service provider based in the Lithuania, has created the following Privacy Policy (&#8220;Policy&#8221;) to let you know what information we collect when you visit our Site https:\/\/brevo.lt (&#8220;Site&#8221;), why we collect it and how we use it. The terms &#8220;You,&#8221; &#8220;Your,&#8221; &#8220;Yours&#8221; and &#8220;User&#8221; refer to [&hellip;]<\/p>\n","protected":false},"author":1,"featured_media":0,"parent":0,"menu_order":0,"comment_status":"closed","ping_status":"closed","template":"","meta":{"_acf_changed":false,"_gspb_post_css":"","_kad_blocks_custom_css":"","_kad_blocks_head_custom_js":"","_kad_blocks_body_custom_js":"","_kad_blocks_footer_custom_js":"","footnotes":""},"class_list":["post-3","page","type-page","status-publish","hentry"],"blocksy_meta":{"styles_descriptor":{"styles":{"desktop":"","tablet":"","mobile":""},"google_fonts":[],"version":6}},"acf":[],"taxonomy_info":[],"featured_image_src_large":false,"author_info":{"display_name":"Pergolos Brevo","author_link":"https:\/\/brevo.lt\/lv\/author\/pergolabrevogmail-com\/"},"comment_info":0,"_links":{"self":[{"href":"https:\/\/brevo.lt\/lv\/wp-json\/wp\/v2\/pages\/3","targetHints":{"allow":["GET"]}}],"collection":[{"href":"https:\/\/brevo.lt\/lv\/wp-json\/wp\/v2\/pages"}],"about":[{"href":"https:\/\/brevo.lt\/lv\/wp-json\/wp\/v2\/types\/page"}],"author":[{"embeddable":true,"href":"https:\/\/brevo.lt\/lv\/wp-json\/wp\/v2\/users\/1"}],"replies":[{"embeddable":true,"href":"https:\/\/brevo.lt\/lv\/wp-json\/wp\/v2\/comments?post=3"}],"version-history":[{"count":0,"href":"https:\/\/brevo.lt\/lv\/wp-json\/wp\/v2\/pages\/3\/revisions"}],"wp:attachment":[{"href":"https:\/\/brevo.lt\/lv\/wp-json\/wp\/v2\/media?parent=3"}],"curies":[{"name":"wp","href":"https:\/\/api.w.org\/{rel}","templated":true}]}}