{"id":12173,"date":"2023-03-25T02:16:43","date_gmt":"2023-03-25T02:16:43","guid":{"rendered":"https:\/\/brevo.lt\/?post_type=product&#038;p=12173"},"modified":"2024-07-12T12:20:19","modified_gmt":"2024-07-12T12:20:19","slug":"nojumes-zveja","status":"publish","type":"product","link":"https:\/\/brevo.lt\/lv\/produktas\/stogine-ribollo\/","title":{"rendered":"Autonovietne Ribollo"},"content":{"rendered":"<p>Ar \u0161o mark\u012bzi j\u016bs varat izveidot br\u012bni\u0161\u0137\u012bgu vietu tuvu m\u0101j\u0101m. Ribolla Deponti pied\u0101v\u0101 nojumi, ko var uzb\u016bv\u0113t piln\u012bgi patst\u0101v\u012bgi j\u016bsu d\u0101rz\u0101. \u0160\u012b jumta konstrukcija ir piln\u012bgi neatkar\u012bga. Tas noz\u012bm\u0113, ka j\u016bs neesat atkar\u012bgs no sienas novietojuma. J\u016bs varat izveidot segtu terasi jebkur\u0101 viet\u0101, kur vien v\u0113laties, un piln\u012bb\u0101 izbaud\u012bt \u0101ra priekus.Ribolla verand\u0101 ietilpst:<\/p>\n<p class=\"translation-block\">Viena piln\u012bb\u0101 norobe\u017eota aizmugures siena no 14 Grillo \u017eoga sekcij\u0101m 210 cm augstum\u0101, ar priek\u0161\u0113jiem 250 cm augstiem stabiem.\r\nViena piln\u012bb\u0101 norobe\u017eota s\u0101nu siena no Grillo \u017eoga sekcij\u0101m ar papildu polikarbon\u0101ta atsl\u0113gas r\u0101mi;<br>\r\nViena platformas s\u0101nu da\u013ca no 6 BBQ \u017eoga sekcij\u0101m 90 cm augstum\u0101;<br>\r\nCauru\u013cu priek\u0161puse 110\u00d7110;<br>\r\nBBQ \u017eoga sekcijas un stabi tiek pieg\u0101d\u0101ti lielos izm\u0113ros, un tie ir j\u0101sagrie\u017e p\u0113c izm\u0113ra uz vietas.<br>\r\nMaksim\u0101lais platums starp diviem stabiem ir 4 metri. Izcelsmes valsts: N\u012bderlande.<\/p>","protected":false},"excerpt":{"rendered":"<p><img loading=\"lazy\" decoding=\"async\" class=\"alignnone wp-image-14645 size-full\" src=\"https:\/\/brevo.lt\/wp-content\/uploads\/2023\/03\/Screenshot-2023-04-16-at-12.50.16.png\" alt=\"\" width=\"1682\" height=\"468\" srcset=\"https:\/\/brevo.lt\/wp-content\/uploads\/2023\/03\/Screenshot-2023-04-16-at-12.50.16.png 1682w, https:\/\/brevo.lt\/wp-content\/uploads\/2023\/03\/Screenshot-2023-04-16-at-12.50.16-900x250.png 900w, https:\/\/brevo.lt\/wp-content\/uploads\/2023\/03\/Screenshot-2023-04-16-at-12.50.16-300x83.png 300w, https:\/\/brevo.lt\/wp-content\/uploads\/2023\/03\/Screenshot-2023-04-16-at-12.50.16-1024x285.png 1024w, https:\/\/brevo.lt\/wp-content\/uploads\/2023\/03\/Screenshot-2023-04-16-at-12.50.16-768x214.png 768w, https:\/\/brevo.lt\/wp-content\/uploads\/2023\/03\/Screenshot-2023-04-16-at-12.50.16-1536x427.png 1536w, https:\/\/brevo.lt\/wp-content\/uploads\/2023\/03\/Screenshot-2023-04-16-at-12.50.16-18x5.png 18w\" sizes=\"auto, (max-width: 1682px) 100vw, 1682px\" \/><\/p>","protected":false},"featured_media":19958,"comment_status":"open","ping_status":"closed","template":"","meta":{"_acf_changed":false,"_gspb_post_css":"","_kad_blocks_custom_css":"","_kad_blocks_head_custom_js":"","_kad_blocks_body_custom_js":"","_kad_blocks_footer_custom_js":""},"product_brand":[],"product_cat":[156],"product_tag":[],"class_list":{"0":"post-12173","1":"product","2":"type-product","3":"status-publish","4":"has-post-thumbnail","6":"product_cat-stogines","8":"first","9":"instock","10":"taxable","11":"shipping-taxable","12":"purchasable","13":"product-type-variable","14":"has-default-attributes"},"acf":[],"taxonomy_info":{"product_cat":[{"value":156,"label":"Stogin\u0117s"}]},"featured_image_src_large":["https:\/\/brevo.lt\/wp-content\/uploads\/2024\/07\/stogine_ribolla.webp",800,600,false],"author_info":[],"comment_info":0,"_links":{"self":[{"href":"https:\/\/brevo.lt\/lv\/wp-json\/wp\/v2\/product\/12173","targetHints":{"allow":["GET"]}}],"collection":[{"href":"https:\/\/brevo.lt\/lv\/wp-json\/wp\/v2\/product"}],"about":[{"href":"https:\/\/brevo.lt\/lv\/wp-json\/wp\/v2\/types\/product"}],"replies":[{"embeddable":true,"href":"https:\/\/brevo.lt\/lv\/wp-json\/wp\/v2\/comments?post=12173"}],"wp:featuredmedia":[{"embeddable":true,"href":"https:\/\/brevo.lt\/lv\/wp-json\/wp\/v2\/media\/19958"}],"wp:attachment":[{"href":"https:\/\/brevo.lt\/lv\/wp-json\/wp\/v2\/media?parent=12173"}],"wp:term":[{"taxonomy":"product_brand","embeddable":true,"href":"https:\/\/brevo.lt\/lv\/wp-json\/wp\/v2\/product_brand?post=12173"},{"taxonomy":"product_cat","embeddable":true,"href":"https:\/\/brevo.lt\/lv\/wp-json\/wp\/v2\/product_cat?post=12173"},{"taxonomy":"product_tag","embeddable":true,"href":"https:\/\/brevo.lt\/lv\/wp-json\/wp\/v2\/product_tag?post=12173"}],"curies":[{"name":"wp","href":"https:\/\/api.w.org\/{rel}","templated":true}]}}