{"id":12319,"date":"2023-03-25T02:25:33","date_gmt":"2023-03-25T02:25:33","guid":{"rendered":"https:\/\/brevo.lt\/?post_type=product&#038;p=12319"},"modified":"2026-04-12T21:02:24","modified_gmt":"2026-04-12T21:02:24","slug":"bioklimatiska-pergola","status":"publish","type":"product","link":"https:\/\/brevo.lt\/lv\/produktas\/pergola-bioclimatic\/","title":{"rendered":"Pergola pergola Bioclimatic"},"content":{"rendered":"<p>SB400 pergolu raksturo t\u0101s m\u016bsdien\u012bgums un praktiskums. Karst\u0101 vasaras dien\u0101 alum\u012bnija l\u012bstes var pasarg\u0101t no tie\u0161iem saules stariem un lietus. Ar t\u0101lvad\u012bbas pulti vad\u0101m\u0101s l\u012bstes var viegli pagriezt par 90 gr\u0101diem, \u013caujot regul\u0113t saules gaismas daudzumu, kas iek\u013c\u016bst j\u016bsu lapen\u0113. Autom\u0101tiskais 24 V meh\u0101nisms ir pasl\u0113pts un pasarg\u0101ts no lietus. Pergolu var izmantot visu gadu gan k\u0101 atp\u016btas zonu, gan k\u0101 auto nojumi. Alum\u012bnija konstrukcija ir lab\u0101kais risin\u0101jums \u0161\u0101da veida lapen\u0113m, jo sal\u012bdzin\u0101jum\u0101 ar citiem materi\u0101liem tai nav nepiecie\u0161ama papildu apkope. Konstrukcijas profili ir izgatavoti no 4 mm alum\u012bnija profiliem, kas ir p\u0101rkl\u0101ti ar pulverkr\u0101su. Sist\u0113ma ir apr\u012bkota ar integr\u0113tu \u016bdens novad\u012b\u0161anas sist\u0113mu. Pieejam\u0101s kr\u0101sas: RAL9016 MATT, RAL 7016, FSM71319, iesp\u0113jams pas\u016bt\u012bt ar\u012b citas nestandarta kr\u0101sas. Pergolu var uzst\u0101d\u012bt k\u0101 br\u012bvi st\u0101vo\u0161u vai pie sienas. Sist\u0113mu var apr\u012bkot ar\u012b ar papildu LED apgaismojumu. Maksim\u0101lais griestu augstums h max \u2264 2,8 m; konstrukcijas augstums H max \u2264 3 m. Izcelsmes valsts: Polija.<\/p>","protected":false},"excerpt":{"rendered":"<p>Pergola SB400 pasi\u017eymi savo modernum\u0173 ir prakti\u0161kum\u0173. Kar\u0161ta vasaros diena varstomos aliuminin\u0117s lamel\u0117s gali i\u0161gelb\u0117ti Jus nuo tiesiogini\u0173 saul\u0117s spinduli\u0173 ir lietaus. Pulteliu valdomos lamel\u0117s lengvai pasisuka 90 laipsni\u0173 kamp\u0173, kuo pas\u0117koje galite reguliuoti patenkan\u010di\u0173 saul\u0117s spinduli\u0173 kiek\u012f J\u016bs\u0173 pav\u0117sin\u0117je. Automatinis 24V mechanizmas yra pasl\u0117ptas ir apsaugotas nuo lietaus. Pergolas galima naudoti i\u0161tiesus metus, tiek [&hellip;]<\/p>\n","protected":false},"featured_media":19989,"comment_status":"open","ping_status":"closed","template":"","meta":{"_acf_changed":false,"_gspb_post_css":"","_kad_blocks_custom_css":"","_kad_blocks_head_custom_js":"","_kad_blocks_body_custom_js":"","_kad_blocks_footer_custom_js":""},"product_brand":[],"product_cat":[155],"product_tag":[],"class_list":{"0":"post-12319","1":"product","2":"type-product","3":"status-publish","4":"has-post-thumbnail","6":"product_cat-pergola-pavesines","8":"first","9":"instock","10":"sale","11":"taxable","12":"shipping-taxable","13":"purchasable","14":"product-type-variable","15":"has-default-attributes"},"acf":[],"taxonomy_info":{"product_cat":[{"value":155,"label":"Pergola pav\u0117sin\u0117s"}]},"featured_image_src_large":["https:\/\/brevo.lt\/wp-content\/uploads\/2024\/08\/pergola_pavesine_bioclimatic.webp",800,600,false],"author_info":[],"comment_info":2,"_links":{"self":[{"href":"https:\/\/brevo.lt\/lv\/wp-json\/wp\/v2\/product\/12319","targetHints":{"allow":["GET"]}}],"collection":[{"href":"https:\/\/brevo.lt\/lv\/wp-json\/wp\/v2\/product"}],"about":[{"href":"https:\/\/brevo.lt\/lv\/wp-json\/wp\/v2\/types\/product"}],"replies":[{"embeddable":true,"href":"https:\/\/brevo.lt\/lv\/wp-json\/wp\/v2\/comments?post=12319"}],"wp:featuredmedia":[{"embeddable":true,"href":"https:\/\/brevo.lt\/lv\/wp-json\/wp\/v2\/media\/19989"}],"wp:attachment":[{"href":"https:\/\/brevo.lt\/lv\/wp-json\/wp\/v2\/media?parent=12319"}],"wp:term":[{"taxonomy":"product_brand","embeddable":true,"href":"https:\/\/brevo.lt\/lv\/wp-json\/wp\/v2\/product_brand?post=12319"},{"taxonomy":"product_cat","embeddable":true,"href":"https:\/\/brevo.lt\/lv\/wp-json\/wp\/v2\/product_cat?post=12319"},{"taxonomy":"product_tag","embeddable":true,"href":"https:\/\/brevo.lt\/lv\/wp-json\/wp\/v2\/product_tag?post=12319"}],"curies":[{"name":"wp","href":"https:\/\/api.w.org\/{rel}","templated":true}]}}