{"id":14520,"date":"2023-04-16T10:19:07","date_gmt":"2023-04-16T10:19:07","guid":{"rendered":"https:\/\/brevo.lt\/?post_type=product&#038;p=14520"},"modified":"2025-08-26T06:00:03","modified_gmt":"2025-08-26T06:00:03","slug":"pigato-markize","status":"publish","type":"product","link":"https:\/\/brevo.lt\/lv\/produktas\/stogine-pigato\/","title":{"rendered":"Carport Pigato"},"content":{"rendered":"<p class=\"translation-block\">\"Pigato ir luksusa klases alum\u012bnija veranda Brevo kl\u0101st\u0101. \u0160\u012b veranda ir pastiprin\u0101ta ar t\u0113rauda sloksni notekcaurules profil\u0101, lai to var\u0113tu p\u0101rkl\u0101t ar lamin\u0113ta stikla jumtu. Tas nodro\u0161in\u0101s lielisku apgaismojumu, \u013caujot baud\u012bt \u0101rtelpas skatu, nezaud\u0113jot gaismu m\u0101jokl\u012b, radot t\u012bra greznuma saj\u016btu. pieejama 4 kr\u0101s\u0101s: RAL9001, RAL9016, RAL7024, RAL9005<br>.\r\nPieejami neierobe\u017eoti platumi; skat. tabulu zem\u0101k<br>.\r\nIzv\u0113lei ir \u010detri margu veidi:<br>\r\nKvadr\u0101tveida vai pusapa\u013ci ar pamatni (110x110x2500 mm)<br>.\r\nKvadr\u0101tveida vai pusapa\u013c\u0161 bez pamatnes pl\u0101ksnes (110x110x3000mm)<br>.\r\nMaksim\u0101lais att\u0101lums starp diviem stat\u0146iem ir 4 metri<br>.\r\nStandarta komplekt\u0101cij\u0101 ar Pigato var izv\u0113l\u0113ties starp apa\u013co vai klasisko karn\u012bzi. Par papildu samaksu ir pieejamas taisnas karn\u012bzes.<br>.\r\nPigato var pas\u016bt\u012bt ar 44.2 stiklu, polikarbon\u0101tu vai bez jumta seguma. Pigato ar stiklu tiek pieg\u0101d\u0101ts ar t\u0113rauda furnit\u016bru. Pas\u016btot Pigato ar polikarbon\u0101tu, \u0161is t\u0113rauda stiprin\u0101jums nav iek\u013cauts komplekt\u0101cij\u0101. \u0160\u0101d\u0101 gad\u012bjum\u0101 to var pas\u016bt\u012bt atsevi\u0161\u0137i.<br>\r\nPigato notekcaurules maksim\u0101lais platums ir 7060 mm. Pla\u0161\u0101k\u0101m Pigato verand\u0101m m\u0113s pieg\u0101d\u0101jam verandu 2 da\u013c\u0101s, ieskaitot savienojo\u0161o da\u013cu.<br>.\r\n7060 mm plats Pigat nav pieejams RAL9001 kr\u0101s\u0101.<br> 7060 mm plats Pigat nav pieejams RAL9001 kr\u0101s\u0101.\r\nPigat ar 6000 mm p\u0101rkares augstumu ir pieejams tikai ar polikarbon\u0101tu, op\u0101lu un caursp\u012bd\u012bgu. M\u016bsu standarta 6 m sijas nav pastiprin\u0101tas. Jums t\u0101s ir j\u0101pastiprina pa\u0161iem, lai nodro\u0161in\u0101tu pareizu mont\u0101\u017eu. M\u0113s neuz\u0146emamies nek\u0101du atbild\u012bbu par m\u016bsu izstr\u0101d\u0101jumu nepareizu lieto\u0161anu. Izcelsmes valsts.<\/p>","protected":false},"excerpt":{"rendered":"<p><img loading=\"lazy\" decoding=\"async\" class=\"alignnone wp-image-14642 size-full\" src=\"https:\/\/brevo.lt\/wp-content\/uploads\/2023\/04\/Screenshot-2023-04-16-at-12.48.45.png\" alt=\"\" width=\"1368\" height=\"324\" srcset=\"https:\/\/brevo.lt\/wp-content\/uploads\/2023\/04\/Screenshot-2023-04-16-at-12.48.45.png 1368w, https:\/\/brevo.lt\/wp-content\/uploads\/2023\/04\/Screenshot-2023-04-16-at-12.48.45-900x213.png 900w, https:\/\/brevo.lt\/wp-content\/uploads\/2023\/04\/Screenshot-2023-04-16-at-12.48.45-300x71.png 300w, https:\/\/brevo.lt\/wp-content\/uploads\/2023\/04\/Screenshot-2023-04-16-at-12.48.45-1024x243.png 1024w, https:\/\/brevo.lt\/wp-content\/uploads\/2023\/04\/Screenshot-2023-04-16-at-12.48.45-768x182.png 768w, https:\/\/brevo.lt\/wp-content\/uploads\/2023\/04\/Screenshot-2023-04-16-at-12.48.45-18x4.png 18w\" sizes=\"auto, (max-width: 1368px) 100vw, 1368px\" \/><\/p>","protected":false},"featured_media":19957,"comment_status":"open","ping_status":"closed","template":"","meta":{"_acf_changed":false,"_gspb_post_css":"","_kad_blocks_custom_css":"","_kad_blocks_head_custom_js":"","_kad_blocks_body_custom_js":"","_kad_blocks_footer_custom_js":""},"product_brand":[],"product_cat":[156],"product_tag":[],"class_list":{"0":"post-14520","1":"product","2":"type-product","3":"status-publish","4":"has-post-thumbnail","6":"product_cat-stogines","8":"first","9":"instock","10":"taxable","11":"shipping-taxable","12":"purchasable","13":"product-type-variable","14":"has-default-attributes"},"acf":[],"taxonomy_info":{"product_cat":[{"value":156,"label":"Stogin\u0117s"}]},"featured_image_src_large":["https:\/\/brevo.lt\/wp-content\/uploads\/2024\/07\/stogine_pigato.webp",800,600,false],"author_info":[],"comment_info":1,"_links":{"self":[{"href":"https:\/\/brevo.lt\/lv\/wp-json\/wp\/v2\/product\/14520","targetHints":{"allow":["GET"]}}],"collection":[{"href":"https:\/\/brevo.lt\/lv\/wp-json\/wp\/v2\/product"}],"about":[{"href":"https:\/\/brevo.lt\/lv\/wp-json\/wp\/v2\/types\/product"}],"replies":[{"embeddable":true,"href":"https:\/\/brevo.lt\/lv\/wp-json\/wp\/v2\/comments?post=14520"}],"wp:featuredmedia":[{"embeddable":true,"href":"https:\/\/brevo.lt\/lv\/wp-json\/wp\/v2\/media\/19957"}],"wp:attachment":[{"href":"https:\/\/brevo.lt\/lv\/wp-json\/wp\/v2\/media?parent=14520"}],"wp:term":[{"taxonomy":"product_brand","embeddable":true,"href":"https:\/\/brevo.lt\/lv\/wp-json\/wp\/v2\/product_brand?post=14520"},{"taxonomy":"product_cat","embeddable":true,"href":"https:\/\/brevo.lt\/lv\/wp-json\/wp\/v2\/product_cat?post=14520"},{"taxonomy":"product_tag","embeddable":true,"href":"https:\/\/brevo.lt\/lv\/wp-json\/wp\/v2\/product_tag?post=14520"}],"curies":[{"name":"wp","href":"https:\/\/api.w.org\/{rel}","templated":true}]}}