{"id":14923,"date":"2023-05-31T09:25:08","date_gmt":"2023-05-31T09:25:08","guid":{"rendered":"https:\/\/brevo.lt\/?post_type=product&#038;p=14923"},"modified":"2026-04-12T20:54:45","modified_gmt":"2026-04-12T20:54:45","slug":"balkona-markizes-italia-balkons","status":"publish","type":"product","link":"https:\/\/brevo.lt\/lv\/produktas\/balkonine-markize-italia-balcony\/","title":{"rendered":"Balkona nojume Italia balkons"},"content":{"rendered":"<p>\"Italia Balcony\" ir \u012bpa\u0161i balkoniem paredz\u0113ta mark\u012bze, t\u0101p\u0113c \u0161im modelim ir roku balsti, kas piestiprin\u0101ti marg\u0101m. Tie ir piestiprin\u0101ti pie mark\u012bzes priek\u0161\u0113j\u0101 stie\u0146a ar \u0101\u0137iem, un auduma le\u0146\u0137i var regul\u0113t, piel\u0101gojot rokturu st\u0101vokli. Auduma spriegojumu nosaka manu\u0101li, regul\u0113jot sav\u012bt\u0101 auduma daudzumu ar klo\u0137i. St\u016bra le\u0146\u0137is netrauc\u0113 audumu optiski aizkl\u0101t. Tas pasarg\u0101 ne tikai pa\u0161u balkonu no saules, bet ar\u012b blakus eso\u0161o telpu.<\/p>\n<p>Pateicoties vienk\u0101r\u0161ajam un vieglajam dizainam, Italia Balcony ir ide\u0101li piem\u0113rots liel\u0101kajai da\u013cai balkonu gan daudzdz\u012bvok\u013cu \u0113k\u0101s, gan vien\u0123ime\u0146u m\u0101j\u0101s. Nojume parasti tiek uzst\u0101d\u012bta balkona ni\u0161\u0101 vai pie griestiem, t\u0101d\u0113j\u0101di nov\u0113r\u0161ot nepiecie\u0161am\u012bbu p\u0113c papildu aizkaru kasetes. T\u0101d\u0113j\u0101di visa konstrukcija ir viegl\u0101ka un neapgr\u016btina neso\u0161o konstrukciju.<\/p>","protected":false},"excerpt":{"rendered":"<p>&#8220;Italia Balcony&#8221; &#8211; tai markiz\u0117, specialiai sukurta balkonams, tod\u0117l \u0161iame modelyje yra prie tur\u0117kl\u0173 tvirtinami porankiai. Jos prie priekin\u0117s markiz\u0117s juostos jungiamos kabliukais, o audeklo pasvirimo kampas kei\u010diamas reguliuojant ranken\u0173 pad\u0117t\u012f. Audinio \u012ftempimas nustatomas rankiniu b\u016bdu, reguliuojant susukto audinio kiek\u012f ranken\u0117le. Kampu pritvirtintas audinys opti\u0161kai neu\u017edaro erdv\u0117s. Jis apsaugo nuo saul\u0117s ne tik pat\u012f balkon\u0105, [&hellip;]<\/p>\n","protected":false},"featured_media":20053,"comment_status":"open","ping_status":"closed","template":"","meta":{"_acf_changed":false,"_gspb_post_css":"","_kad_blocks_custom_css":"","_kad_blocks_head_custom_js":"","_kad_blocks_body_custom_js":"","_kad_blocks_footer_custom_js":""},"product_brand":[],"product_cat":[209,224,201],"product_tag":[],"class_list":{"0":"post-14923","1":"product","2":"type-product","3":"status-publish","4":"has-post-thumbnail","6":"product_cat-nekasetines-markizes-balkonui","7":"product_cat-balkonines","8":"product_cat-markizes","10":"first","11":"instock","12":"sale","13":"taxable","14":"shipping-taxable","15":"purchasable","16":"product-type-variable","17":"has-default-attributes"},"acf":[],"taxonomy_info":{"product_cat":[{"value":209,"label":"Nekasetin\u0117s markiz\u0117s balkonui"},{"value":224,"label":"Balkonin\u0117s markiz\u0117s"},{"value":201,"label":"Markiz\u0117s"}]},"featured_image_src_large":["https:\/\/brevo.lt\/wp-content\/uploads\/2023\/05\/balkonine_markize_italia_balcony.webp",800,600,false],"author_info":[],"comment_info":2,"_links":{"self":[{"href":"https:\/\/brevo.lt\/lv\/wp-json\/wp\/v2\/product\/14923","targetHints":{"allow":["GET"]}}],"collection":[{"href":"https:\/\/brevo.lt\/lv\/wp-json\/wp\/v2\/product"}],"about":[{"href":"https:\/\/brevo.lt\/lv\/wp-json\/wp\/v2\/types\/product"}],"replies":[{"embeddable":true,"href":"https:\/\/brevo.lt\/lv\/wp-json\/wp\/v2\/comments?post=14923"}],"wp:featuredmedia":[{"embeddable":true,"href":"https:\/\/brevo.lt\/lv\/wp-json\/wp\/v2\/media\/20053"}],"wp:attachment":[{"href":"https:\/\/brevo.lt\/lv\/wp-json\/wp\/v2\/media?parent=14923"}],"wp:term":[{"taxonomy":"product_brand","embeddable":true,"href":"https:\/\/brevo.lt\/lv\/wp-json\/wp\/v2\/product_brand?post=14923"},{"taxonomy":"product_cat","embeddable":true,"href":"https:\/\/brevo.lt\/lv\/wp-json\/wp\/v2\/product_cat?post=14923"},{"taxonomy":"product_tag","embeddable":true,"href":"https:\/\/brevo.lt\/lv\/wp-json\/wp\/v2\/product_tag?post=14923"}],"curies":[{"name":"wp","href":"https:\/\/api.w.org\/{rel}","templated":true}]}}