{"id":14958,"date":"2023-05-31T16:43:44","date_gmt":"2023-05-31T16:43:44","guid":{"rendered":"https:\/\/brevo.lt\/?post_type=product&#038;p=14958"},"modified":"2026-04-12T20:56:18","modified_gmt":"2026-04-12T20:56:18","slug":"terases-nojume-korsika","status":"publish","type":"product","link":"https:\/\/brevo.lt\/lv\/produktas\/terasine-markize-corsica\/","title":{"rendered":"Terases nojume Corsica"},"content":{"rendered":"<p>\"Corsica\" mark\u012bze \u013cauj izbaud\u012bt siltus vasaras vakarus - LED lente ir ieb\u016bv\u0113ta masku r\u0101m\u012b mark\u012bzes apak\u0161\u0113j\u0101 da\u013c\u0101. Mark\u012bzei ir puskasete, kas aizsarg\u0101 audumu un rokturus no nelabv\u0113l\u012bgiem laikapst\u0101k\u013ciem. Uzst\u0101d\u012bta pie sienas, sist\u0113ma darbojas k\u0101 pilna kase\u0161u mark\u012bze. Konstrukcija ir izgatavota no ekstrud\u0113ta alum\u012bnija, kas nodro\u0161ina t\u0101s augstu iztur\u012bbu. Ar\u012b s\u0101nu p\u0101rsegi ir izgatavoti no alum\u012bnija. Rokturi ir apr\u012bkoti ar Flyer \u0137\u0113d\u0113m, kas nodro\u0161ina uzticamu un dro\u0161u darb\u012bbu pat tad, ja mark\u012bze ir liela.<\/p>","protected":false},"excerpt":{"rendered":"<p>&#8220;Corsica&#8221; markiz\u0117 leid\u017eia m\u0117gautis \u0161iltais vasaros vakarais &#8211; \u0161io modelio LED juostel\u0117 \u012fmontuota \u012f apatin\u0117je markiz\u0117s dalyje esant\u012f maskuojam\u0105j\u012f r\u0117mel\u012f. Markiz\u0117 turi pusiau kaset\u0119, kuri apsaugo audin\u012f ir rankenas nuo nepalanki\u0173 oro s\u0105lyg\u0173. Montuojant prie sienos, sistema veikia kaip markiz\u0117 su visa kasete. Konstrukcija pagaminta i\u0161 ekstruzinio aliuminio, kuris u\u017etikrina didel\u012f jos patvarum\u0105. \u0160oniniai dangteliai [&hellip;]<\/p>\n","protected":false},"featured_media":19948,"comment_status":"open","ping_status":"closed","template":"","meta":{"_acf_changed":false,"_gspb_post_css":"","_kad_blocks_custom_css":"","_kad_blocks_head_custom_js":"","_kad_blocks_body_custom_js":"","_kad_blocks_footer_custom_js":""},"product_brand":[],"product_cat":[214,201,225],"product_tag":[],"class_list":{"0":"post-14958","1":"product","2":"type-product","3":"status-publish","4":"has-post-thumbnail","6":"product_cat-kasetines-markizes-terasai","7":"product_cat-markizes","8":"product_cat-terasines","10":"first","11":"instock","12":"sale","13":"taxable","14":"shipping-taxable","15":"purchasable","16":"product-type-variable","17":"has-default-attributes"},"acf":[],"taxonomy_info":{"product_cat":[{"value":214,"label":"Kasetin\u0117s markiz\u0117s terasai"},{"value":201,"label":"Markiz\u0117s"},{"value":225,"label":"Terasin\u0117s markiz\u0117s"}]},"featured_image_src_large":["https:\/\/brevo.lt\/wp-content\/uploads\/2024\/07\/terasine_markize_corsica.webp",800,600,false],"author_info":[],"comment_info":1,"_links":{"self":[{"href":"https:\/\/brevo.lt\/lv\/wp-json\/wp\/v2\/product\/14958","targetHints":{"allow":["GET"]}}],"collection":[{"href":"https:\/\/brevo.lt\/lv\/wp-json\/wp\/v2\/product"}],"about":[{"href":"https:\/\/brevo.lt\/lv\/wp-json\/wp\/v2\/types\/product"}],"replies":[{"embeddable":true,"href":"https:\/\/brevo.lt\/lv\/wp-json\/wp\/v2\/comments?post=14958"}],"wp:featuredmedia":[{"embeddable":true,"href":"https:\/\/brevo.lt\/lv\/wp-json\/wp\/v2\/media\/19948"}],"wp:attachment":[{"href":"https:\/\/brevo.lt\/lv\/wp-json\/wp\/v2\/media?parent=14958"}],"wp:term":[{"taxonomy":"product_brand","embeddable":true,"href":"https:\/\/brevo.lt\/lv\/wp-json\/wp\/v2\/product_brand?post=14958"},{"taxonomy":"product_cat","embeddable":true,"href":"https:\/\/brevo.lt\/lv\/wp-json\/wp\/v2\/product_cat?post=14958"},{"taxonomy":"product_tag","embeddable":true,"href":"https:\/\/brevo.lt\/lv\/wp-json\/wp\/v2\/product_tag?post=14958"}],"curies":[{"name":"wp","href":"https:\/\/api.w.org\/{rel}","templated":true}]}}