{"id":15121,"date":"2023-05-31T16:51:59","date_gmt":"2023-05-31T16:51:59","guid":{"rendered":"https:\/\/brevo.lt\/?post_type=product&#038;p=15121"},"modified":"2026-04-12T20:54:54","modified_gmt":"2026-04-12T20:54:54","slug":"terases-nojume-dakar","status":"publish","type":"product","link":"https:\/\/brevo.lt\/lv\/produktas\/terasine-markize-dakar\/","title":{"rendered":"Terases nojume Dakara"},"content":{"rendered":"<p>\"Dakar mark\u012bze ir lieliska izv\u0113le tiem, kas mekl\u0113 modeli ar pilnu kaseti, lai pasarg\u0101tu materi\u0101lu no laikapst\u0101k\u013ciem. Kasetei ir papildu bl\u012bves, kas aizsarg\u0101 sarull\u0113to materi\u0101lu. Rokturi ir apr\u012bkoti ar Flyer \u0137\u0113d\u0113m, kas nodro\u0161ina uzticamu un dro\u0161u darb\u012bbu pat tad, ja mark\u012bze ir liela. Liel\u0101ka platuma mode\u013ci ir apr\u012bkoti ar\u012b ar rull\u012b\u0161u cauru\u013cu balstiem. Konstrukcija ir izgatavota no pres\u0113ta alum\u012bnija, kas nodro\u0161ina augstu iztur\u012bbu. Plastmasas s\u0101nu p\u0101rsegi ir kr\u0101soti t\u0101d\u0101 pa\u0161\u0101 kr\u0101s\u0101 k\u0101 konstrukcija.<\/p>","protected":false},"excerpt":{"rendered":"<p>&#8220;Dakar&#8221; markiz\u0117 yra puikus pasirinkimas tiems, kurie ie\u0161ko modelio su pilna kasete, apsaugan\u010dia med\u017eiag\u0105 nuo i\u0161orini\u0173 s\u0105lyg\u0173. Kaset\u0117 turi papildomas tarpines, kurios apsaugo susukt\u0105 med\u017eiag\u0105. Ant ranken\u0173 sumontuotos &#8220;Flyer&#8221; grandin\u0117s, kurios u\u017etikrina patikim\u0105 ir saug\u0173 j\u0173 veikim\u0105 net ir esant dideliems markiz\u0117s matmenims. Didesnio plo\u010dio modeliuose taip pat \u012frengtos ritinini\u0173 vamzd\u017ei\u0173 atramos. Konstrukcija pagaminta i\u0161 [&hellip;]<\/p>\n","protected":false},"featured_media":19949,"comment_status":"open","ping_status":"closed","template":"","meta":{"_acf_changed":false,"_gspb_post_css":"","_kad_blocks_custom_css":"","_kad_blocks_head_custom_js":"","_kad_blocks_body_custom_js":"","_kad_blocks_footer_custom_js":""},"product_brand":[],"product_cat":[214,373,201,225],"product_tag":[],"class_list":{"0":"post-15121","1":"product","2":"type-product","3":"status-publish","4":"has-post-thumbnail","6":"product_cat-kasetines-markizes-terasai","7":"product_cat-kasetines","8":"product_cat-markizes","9":"product_cat-terasines","11":"first","12":"instock","13":"sale","14":"taxable","15":"shipping-taxable","16":"purchasable","17":"product-type-variable","18":"has-default-attributes"},"acf":[],"taxonomy_info":{"product_cat":[{"value":214,"label":"Kasetin\u0117s markiz\u0117s terasai"},{"value":373,"label":"Kasetin\u0117s markiz\u0117s"},{"value":201,"label":"Markiz\u0117s"},{"value":225,"label":"Terasin\u0117s markiz\u0117s"}]},"featured_image_src_large":["https:\/\/brevo.lt\/wp-content\/uploads\/2024\/07\/terasine_markize_dakar.webp",800,600,false],"author_info":[],"comment_info":0,"_links":{"self":[{"href":"https:\/\/brevo.lt\/lv\/wp-json\/wp\/v2\/product\/15121","targetHints":{"allow":["GET"]}}],"collection":[{"href":"https:\/\/brevo.lt\/lv\/wp-json\/wp\/v2\/product"}],"about":[{"href":"https:\/\/brevo.lt\/lv\/wp-json\/wp\/v2\/types\/product"}],"replies":[{"embeddable":true,"href":"https:\/\/brevo.lt\/lv\/wp-json\/wp\/v2\/comments?post=15121"}],"wp:featuredmedia":[{"embeddable":true,"href":"https:\/\/brevo.lt\/lv\/wp-json\/wp\/v2\/media\/19949"}],"wp:attachment":[{"href":"https:\/\/brevo.lt\/lv\/wp-json\/wp\/v2\/media?parent=15121"}],"wp:term":[{"taxonomy":"product_brand","embeddable":true,"href":"https:\/\/brevo.lt\/lv\/wp-json\/wp\/v2\/product_brand?post=15121"},{"taxonomy":"product_cat","embeddable":true,"href":"https:\/\/brevo.lt\/lv\/wp-json\/wp\/v2\/product_cat?post=15121"},{"taxonomy":"product_tag","embeddable":true,"href":"https:\/\/brevo.lt\/lv\/wp-json\/wp\/v2\/product_tag?post=15121"}],"curies":[{"name":"wp","href":"https:\/\/api.w.org\/{rel}","templated":true}]}}