{"id":15405,"date":"2023-05-31T17:13:52","date_gmt":"2023-05-31T17:13:52","guid":{"rendered":"https:\/\/brevo.lt\/?post_type=product&#038;p=15405"},"modified":"2025-03-03T08:59:54","modified_gmt":"2025-03-03T08:59:54","slug":"sonine-marquise-bora","status":"publish","type":"product","link":"https:\/\/brevo.lt\/lv\/produktas\/sonine-markize-bora\/","title":{"rendered":"S\u0101nu mark\u012bze Bora"},"content":{"rendered":"<p>\"Bora\" ir s\u0101nu mark\u012bze, ko izmanto k\u0101 vieglu p\u0101rkl\u0101jumu teras\u0113m un cit\u0101m nestandarta telp\u0101m. T\u0101s priek\u0161roc\u012bba ir iesp\u0113ja piel\u0101got sist\u0113mas izm\u0113rus individu\u0101l\u0101m vajadz\u012bb\u0101m un iesp\u0113ja piestiprin\u0101t \"Bora\" roku pie sienas, izmantojot sienas kron\u0161teinu, vai pie zemes, izmantojot stabu. Konstrukcija ir izgatavota no pres\u0113ta alum\u012bnija, kas nodro\u0161ina iztur\u012bbu un iztur\u012bbu. Kad audums ir nosl\u0113gts, tas ir nostiprin\u0101ts kaset\u0113, un visa sist\u0113ma aiz\u0146em \u013coti maz vietas.<\/p>","protected":false},"excerpt":{"rendered":"<p>&#8220;Bora&#8221; &#8211; tai \u0161onin\u0117 markiz\u0117, naudojama kaip lengvas teras\u0173 ir kit\u0173 nestandartini\u0173 erdvi\u0173 u\u017edengimas. Jos privalumas &#8211; galimyb\u0117 pritaikyti sistemos matmenis pagal individualius poreikius ir galimyb\u0117 tvirtinti &#8220;Bora&#8221; ranken\u0105 tiek prie sienos naudojant sienin\u012f laikikl\u012f, tiek prie \u017eem\u0117s naudojant stulpel\u012f. Konstrukcija pagaminta i\u0161 ekstruzinio aliuminio, kuris u\u017etikrina ilgaam\u017ei\u0161kum\u0105 ir atsparum\u0105. U\u017edarius audin\u012f, jis pritvirtinamas kaset\u0117je, [&hellip;]<\/p>\n","protected":false},"featured_media":19964,"comment_status":"open","ping_status":"closed","template":"","meta":{"_acf_changed":false,"_gspb_post_css":"","_kad_blocks_custom_css":"","_kad_blocks_head_custom_js":"","_kad_blocks_body_custom_js":"","_kad_blocks_footer_custom_js":""},"product_brand":[],"product_cat":[212,201],"product_tag":[],"class_list":{"0":"post-15405","1":"product","2":"type-product","3":"status-publish","4":"has-post-thumbnail","6":"product_cat-sonines","7":"product_cat-markizes","9":"first","10":"instock","11":"sale","12":"taxable","13":"shipping-taxable","14":"purchasable","15":"product-type-variable","16":"has-default-attributes"},"acf":[],"taxonomy_info":{"product_cat":[{"value":212,"label":"\u0160onin\u0117s markiz\u0117s"},{"value":201,"label":"Markiz\u0117s"}]},"featured_image_src_large":["https:\/\/brevo.lt\/wp-content\/uploads\/2023\/05\/sonine_markize_bora.webp",800,600,false],"author_info":[],"comment_info":0,"_links":{"self":[{"href":"https:\/\/brevo.lt\/lv\/wp-json\/wp\/v2\/product\/15405","targetHints":{"allow":["GET"]}}],"collection":[{"href":"https:\/\/brevo.lt\/lv\/wp-json\/wp\/v2\/product"}],"about":[{"href":"https:\/\/brevo.lt\/lv\/wp-json\/wp\/v2\/types\/product"}],"replies":[{"embeddable":true,"href":"https:\/\/brevo.lt\/lv\/wp-json\/wp\/v2\/comments?post=15405"}],"wp:featuredmedia":[{"embeddable":true,"href":"https:\/\/brevo.lt\/lv\/wp-json\/wp\/v2\/media\/19964"}],"wp:attachment":[{"href":"https:\/\/brevo.lt\/lv\/wp-json\/wp\/v2\/media?parent=15405"}],"wp:term":[{"taxonomy":"product_brand","embeddable":true,"href":"https:\/\/brevo.lt\/lv\/wp-json\/wp\/v2\/product_brand?post=15405"},{"taxonomy":"product_cat","embeddable":true,"href":"https:\/\/brevo.lt\/lv\/wp-json\/wp\/v2\/product_cat?post=15405"},{"taxonomy":"product_tag","embeddable":true,"href":"https:\/\/brevo.lt\/lv\/wp-json\/wp\/v2\/product_tag?post=15405"}],"curies":[{"name":"wp","href":"https:\/\/api.w.org\/{rel}","templated":true}]}}