{"id":15647,"date":"2023-05-31T23:04:57","date_gmt":"2023-05-31T23:04:57","guid":{"rendered":"https:\/\/brevo.lt\/?post_type=product&#038;p=15647"},"modified":"2026-03-24T09:02:10","modified_gmt":"2026-03-24T09:02:10","slug":"terases-nojumes-australija","status":"publish","type":"product","link":"https:\/\/brevo.lt\/lv\/produktas\/terasine-markize-australia\/","title":{"rendered":"Terases nojumes Austr\u0101lija"},"content":{"rendered":"<p>Austr\u0101lijas mark\u012bze ir bezkapsul\u0101ra sist\u0113ma, kuras pamat\u0101 ir kvadr\u0101tveida atbalsta stienis. Mark\u012bzes konstrukcija \u013cauj to uzst\u0101d\u012bt pat uz nelielas mont\u0101\u017eas virsmas. Liela platuma mark\u012bz\u0113m tiek izmantots papildu rull\u012b\u0161a caurules pastiprin\u0101jums, lai nov\u0113rstu auduma deform\u0101ciju un nevienm\u0113r\u012bgu rot\u0101ciju.<br \/>\n\u0160aj\u0101 sist\u0113m\u0101 var izmantot ar\u012b teleskopiskos balstus. Rokturi ir apr\u012bkoti ar Flyer \u0137\u0113d\u0113m, kas nodro\u0161ina uzticamu un dro\u0161u darb\u012bbu pat pie lieliem nojumes izm\u0113riem. Nojume ir izgatavota no pres\u0113ta alum\u012bnija, kas garant\u0113 augstu iztur\u012bbu un ilgu kalpo\u0161anas laiku.<\/p>","protected":false},"excerpt":{"rendered":"<p>Australijos markiz\u0117 &#8211; tai nekasetin\u0117 sistema, kurios konstrukcijos pagrindas yra atraminis kvadratinis strypas. Markiz\u0117s konstrukcija leid\u017eia j\u0105 montuoti net ant ma\u017eo montavimo pavir\u0161iaus. Esant dideliam markiz\u0117s plo\u010diui, naudojamas papildomas ritininio vamzd\u017eio sutvirtinimas, kad jis nesideformuot\u0173 ir audinys netolygiai nesisukt\u0173. \u0160ioje sistemoje taip pat galima naudoti teleskopines atramas. Rankenos turi &#8220;Flyer&#8221; grandines, kurios u\u017etikrina patikim\u0105 ir [&hellip;]<\/p>\n","protected":false},"featured_media":19946,"comment_status":"open","ping_status":"closed","template":"","meta":{"_acf_changed":false,"_gspb_post_css":"","_kad_blocks_custom_css":"","_kad_blocks_head_custom_js":"","_kad_blocks_body_custom_js":"","_kad_blocks_footer_custom_js":""},"product_brand":[],"product_cat":[204,201,225],"product_tag":[],"class_list":{"0":"post-15647","1":"product","2":"type-product","3":"status-publish","4":"has-post-thumbnail","6":"product_cat-nekasetines-markizes-terasai","7":"product_cat-markizes","8":"product_cat-terasines","10":"first","11":"instock","12":"sale","13":"taxable","14":"shipping-taxable","15":"purchasable","16":"product-type-variable","17":"has-default-attributes"},"acf":[],"taxonomy_info":{"product_cat":[{"value":204,"label":"Nekasetin\u0117s markiz\u0117s terasai"},{"value":201,"label":"Markiz\u0117s"},{"value":225,"label":"Terasin\u0117s markiz\u0117s"}]},"featured_image_src_large":["https:\/\/brevo.lt\/wp-content\/uploads\/2023\/05\/terasine_markize_australia.webp.webp",800,600,false],"author_info":[],"comment_info":1,"_links":{"self":[{"href":"https:\/\/brevo.lt\/lv\/wp-json\/wp\/v2\/product\/15647","targetHints":{"allow":["GET"]}}],"collection":[{"href":"https:\/\/brevo.lt\/lv\/wp-json\/wp\/v2\/product"}],"about":[{"href":"https:\/\/brevo.lt\/lv\/wp-json\/wp\/v2\/types\/product"}],"replies":[{"embeddable":true,"href":"https:\/\/brevo.lt\/lv\/wp-json\/wp\/v2\/comments?post=15647"}],"wp:featuredmedia":[{"embeddable":true,"href":"https:\/\/brevo.lt\/lv\/wp-json\/wp\/v2\/media\/19946"}],"wp:attachment":[{"href":"https:\/\/brevo.lt\/lv\/wp-json\/wp\/v2\/media?parent=15647"}],"wp:term":[{"taxonomy":"product_brand","embeddable":true,"href":"https:\/\/brevo.lt\/lv\/wp-json\/wp\/v2\/product_brand?post=15647"},{"taxonomy":"product_cat","embeddable":true,"href":"https:\/\/brevo.lt\/lv\/wp-json\/wp\/v2\/product_cat?post=15647"},{"taxonomy":"product_tag","embeddable":true,"href":"https:\/\/brevo.lt\/lv\/wp-json\/wp\/v2\/product_tag?post=15647"}],"curies":[{"name":"wp","href":"https:\/\/api.w.org\/{rel}","templated":true}]}}