{"id":15971,"date":"2023-05-31T23:17:34","date_gmt":"2023-05-31T23:17:34","guid":{"rendered":"https:\/\/brevo.lt\/?post_type=product&#038;p=15971"},"modified":"2026-04-12T20:55:56","modified_gmt":"2026-04-12T20:55:56","slug":"balkonu-markizes-italia","status":"publish","type":"product","link":"https:\/\/brevo.lt\/lv\/produktas\/balkonine-markize-italia\/","title":{"rendered":"Balkona nojume Italia"},"content":{"rendered":"<p>\"Italia\" ir mark\u012bze, kas paredz\u0113ta logu un nelielu balkonu aizseg\u0161anai. T\u0101 ir ide\u0101li piem\u0113rota ne tikai dz\u012bvojam\u0101m \u0113k\u0101m, bet ar\u012b viesn\u012bc\u0101m un restor\u0101niem. Mark\u012bzes rokturiem, kas piestiprin\u0101ti pie sienas, ir \u012bpa\u0161a atspere, kas sasprindzina audumu un ne\u013cauj rokturiem v\u0113ja ietekm\u0113 nev\u0113lami saloc\u012bties. Italia var atv\u0113rt un aizv\u0113rt manu\u0101li vai ar elektrisko piedzi\u0146u. Pla\u0161\u0101 audumu izv\u0113le \u013cauj optim\u0101li piel\u0101goties fas\u0101des stilam.<\/p>","protected":false},"excerpt":{"rendered":"<p>&#8220;Italia&#8221; yra markiz\u0117, skirta langams ir nedideliems balkonams u\u017edengti. Ji puikiai tinka ne tik gyvenamuosiuose pastatuose, bet ir vie\u0161bu\u010diuose bei restoranuose. Prie sienos tvirtinamos markiz\u0117s rankenos turi speciali\u0105 spyruokl\u0119, kuri \u012ftempia audin\u012f ir neleid\u017eia nepageidaujamai sulankstyti ranken\u0173 spaud\u017eiant v\u0117jui. Markiz\u0119 Italia galima atidaryti ir u\u017edaryti rankiniu b\u016bdu arba naudojant elektrin\u0119 pavar\u0105. Platus audini\u0173 pasirinkimas leid\u017eia [&hellip;]<\/p>\n","protected":false},"featured_media":20052,"comment_status":"open","ping_status":"closed","template":"","meta":{"_acf_changed":false,"_gspb_post_css":"","_kad_blocks_custom_css":"","_kad_blocks_head_custom_js":"","_kad_blocks_body_custom_js":"","_kad_blocks_footer_custom_js":""},"product_brand":[],"product_cat":[209,224,201],"product_tag":[],"class_list":{"0":"post-15971","1":"product","2":"type-product","3":"status-publish","4":"has-post-thumbnail","6":"product_cat-nekasetines-markizes-balkonui","7":"product_cat-balkonines","8":"product_cat-markizes","10":"first","11":"instock","12":"sale","13":"taxable","14":"shipping-taxable","15":"purchasable","16":"product-type-variable","17":"has-default-attributes"},"acf":[],"taxonomy_info":{"product_cat":[{"value":209,"label":"Nekasetin\u0117s markiz\u0117s balkonui"},{"value":224,"label":"Balkonin\u0117s markiz\u0117s"},{"value":201,"label":"Markiz\u0117s"}]},"featured_image_src_large":["https:\/\/brevo.lt\/wp-content\/uploads\/2023\/05\/balkonine_markize_italia.webp",800,600,false],"author_info":[],"comment_info":1,"_links":{"self":[{"href":"https:\/\/brevo.lt\/lv\/wp-json\/wp\/v2\/product\/15971","targetHints":{"allow":["GET"]}}],"collection":[{"href":"https:\/\/brevo.lt\/lv\/wp-json\/wp\/v2\/product"}],"about":[{"href":"https:\/\/brevo.lt\/lv\/wp-json\/wp\/v2\/types\/product"}],"replies":[{"embeddable":true,"href":"https:\/\/brevo.lt\/lv\/wp-json\/wp\/v2\/comments?post=15971"}],"wp:featuredmedia":[{"embeddable":true,"href":"https:\/\/brevo.lt\/lv\/wp-json\/wp\/v2\/media\/20052"}],"wp:attachment":[{"href":"https:\/\/brevo.lt\/lv\/wp-json\/wp\/v2\/media?parent=15971"}],"wp:term":[{"taxonomy":"product_brand","embeddable":true,"href":"https:\/\/brevo.lt\/lv\/wp-json\/wp\/v2\/product_brand?post=15971"},{"taxonomy":"product_cat","embeddable":true,"href":"https:\/\/brevo.lt\/lv\/wp-json\/wp\/v2\/product_cat?post=15971"},{"taxonomy":"product_tag","embeddable":true,"href":"https:\/\/brevo.lt\/lv\/wp-json\/wp\/v2\/product_tag?post=15971"}],"curies":[{"name":"wp","href":"https:\/\/api.w.org\/{rel}","templated":true}]}}