{"id":16101,"date":"2023-05-31T23:21:39","date_gmt":"2023-05-31T23:21:39","guid":{"rendered":"https:\/\/brevo.lt\/?post_type=product&#038;p=16101"},"modified":"2026-04-12T20:56:02","modified_gmt":"2026-04-12T20:56:02","slug":"turmalina-markize-italia","status":"publish","type":"product","link":"https:\/\/brevo.lt\/lv\/produktas\/turekline-markize-italia\/","title":{"rendered":"Italia margu nojume"},"content":{"rendered":"<p>Pateicoties vienk\u0101r\u0161ajam un vieglajam dizainam, mark\u012bze Italia ir ide\u0101li piem\u0113rota tradicion\u0101lajiem logiem un nelieliem balkoniem dz\u012bvojam\u0101s m\u0101j\u0101s, viesn\u012bc\u0101s vai viesu namos. Apvilktais audums ir pasl\u0113pts alum\u012bnija kaset\u0113, kas pasarg\u0101 materi\u0101lu no net\u012brumiem un boj\u0101jumiem.<br \/>\nAlum\u012bnija rokturiem ir \u012bpa\u0161a atspere, kas notur audumu saspriegtu un nov\u0113r\u0161 nev\u0113lamu saloc\u012b\u0161anos v\u0113ja spiediena ietekm\u0113. Mark\u012bzi var atv\u0113rt un aizv\u0113rt manu\u0101li vai ar elektrisko piedzi\u0146u. Pla\u0161\u0101 audumu izv\u0113le un iesp\u0113ja izv\u0113l\u0113ties falansa formu \u013cauj mark\u012bzi optim\u0101li piel\u0101got \u0113kas arhitekt\u016brai.<\/p>","protected":false},"excerpt":{"rendered":"<p>D\u0117l savo paprastos ir lengvos konstrukcijos markiz\u0117 &#8220;Italia&#8221; puikiai tiks tradiciniams gyvenam\u0173j\u0173 nam\u0173, vie\u0161bu\u010di\u0173 ar sve\u010di\u0173 nam\u0173 langams ir nedideliems balkonams. Suvyniotas audinys paslepiamas aliuminio kaset\u0117je, kuri apsaugo med\u017eiag\u0105 nuo purvo ir pa\u017eeidim\u0173. Aliuminin\u0117s rankenos turi speciali\u0105 spyruokl\u0119, kuri u\u017etikrina audinio \u012ftempim\u0105 ir apsaugo nuo nepageidaujamo sulankstymo spaud\u017eiant v\u0117jui. Markiz\u0119 galima atidaryti ir u\u017edaryti rankiniu [&hellip;]<\/p>\n","protected":false},"featured_media":20054,"comment_status":"open","ping_status":"closed","template":"","meta":{"_acf_changed":false,"_gspb_post_css":"","_kad_blocks_custom_css":"","_kad_blocks_head_custom_js":"","_kad_blocks_body_custom_js":"","_kad_blocks_footer_custom_js":""},"product_brand":[],"product_cat":[202,224,373,201],"product_tag":[],"class_list":{"0":"post-16101","1":"product","2":"type-product","3":"status-publish","4":"has-post-thumbnail","6":"product_cat-kasetines-markizes-balkonui","7":"product_cat-balkonines","8":"product_cat-kasetines","9":"product_cat-markizes","11":"first","12":"instock","13":"sale","14":"taxable","15":"shipping-taxable","16":"purchasable","17":"product-type-variable","18":"has-default-attributes"},"acf":[],"taxonomy_info":{"product_cat":[{"value":202,"label":"Kasetin\u0117s markiz\u0117s balkonui"},{"value":224,"label":"Balkonin\u0117s markiz\u0117s"},{"value":373,"label":"Kasetin\u0117s markiz\u0117s"},{"value":201,"label":"Markiz\u0117s"}]},"featured_image_src_large":["https:\/\/brevo.lt\/wp-content\/uploads\/2023\/05\/turekline_markize_italia.webp",800,600,false],"author_info":[],"comment_info":0,"_links":{"self":[{"href":"https:\/\/brevo.lt\/lv\/wp-json\/wp\/v2\/product\/16101","targetHints":{"allow":["GET"]}}],"collection":[{"href":"https:\/\/brevo.lt\/lv\/wp-json\/wp\/v2\/product"}],"about":[{"href":"https:\/\/brevo.lt\/lv\/wp-json\/wp\/v2\/types\/product"}],"replies":[{"embeddable":true,"href":"https:\/\/brevo.lt\/lv\/wp-json\/wp\/v2\/comments?post=16101"}],"wp:featuredmedia":[{"embeddable":true,"href":"https:\/\/brevo.lt\/lv\/wp-json\/wp\/v2\/media\/20054"}],"wp:attachment":[{"href":"https:\/\/brevo.lt\/lv\/wp-json\/wp\/v2\/media?parent=16101"}],"wp:term":[{"taxonomy":"product_brand","embeddable":true,"href":"https:\/\/brevo.lt\/lv\/wp-json\/wp\/v2\/product_brand?post=16101"},{"taxonomy":"product_cat","embeddable":true,"href":"https:\/\/brevo.lt\/lv\/wp-json\/wp\/v2\/product_cat?post=16101"},{"taxonomy":"product_tag","embeddable":true,"href":"https:\/\/brevo.lt\/lv\/wp-json\/wp\/v2\/product_tag?post=16101"}],"curies":[{"name":"wp","href":"https:\/\/api.w.org\/{rel}","templated":true}]}}