{"id":16154,"date":"2023-06-01T00:26:38","date_gmt":"2023-06-01T00:26:38","guid":{"rendered":"https:\/\/brevo.lt\/?post_type=product&#038;p=16154"},"modified":"2026-04-12T20:56:12","modified_gmt":"2026-04-12T20:56:12","slug":"casablanca-terases-nojumes","status":"publish","type":"product","link":"https:\/\/brevo.lt\/lv\/produktas\/terasine-markize-casablanca\/","title":{"rendered":"Terases nojume Casablanca"},"content":{"rendered":"<p>\"Casablanca\" mark\u012bze ir apr\u012bkota ar piln\u012bb\u0101 sl\u0113gtu kasetni, kas izce\u013c mark\u012bzes moderno formu, vienlaikus aizsarg\u0101jot audumu un rokturus no laikapst\u0101k\u013ciem. Lai piln\u012bb\u0101 aizsarg\u0101tu audumu kasetes iek\u0161pus\u0113, tiek izmantotas papildu aizsargplombas.<br \/>\nKonstrukcija ir izgatavota no pres\u0113ta alum\u012bnija, kas nodro\u0161ina augstu iztur\u012bbu. Ar\u012b s\u0101nu p\u0101rsegi ir izgatavoti no alum\u012bnija. Rokturi ir apr\u012bkoti ar Flyer \u0137\u0113d\u0113m, kas nodro\u0161ina uzticamu un dro\u0161u darb\u012bbu pat tad, ja mark\u012bze ir liela.<\/p>","protected":false},"excerpt":{"rendered":"<p>&#8220;Casablanca&#8221; markiz\u0117je \u012frengta pilna u\u017edara kaset\u0117, kuri i\u0161ry\u0161kina moderni\u0105 markiz\u0117s form\u0105 ir kartu apsaugo audin\u012f ir rankenas nuo nepalanki\u0173 oro s\u0105lyg\u0173. Kad audinys kaset\u0117s viduje b\u016bt\u0173 visi\u0161kai apsaugotas, naudojamos papildomos apsaugin\u0117s tarpin\u0117s. Konstrukcija pagaminta i\u0161 ekstruzinio aliuminio, kuris u\u017etikrina didel\u012f jos patvarum\u0105. \u0160oniniai dangteliai taip pat pagaminti i\u0161 aliuminio. Ant ranken\u0173 sumontuotos &#8220;Flyer&#8221; grandin\u0117s, kurios [&hellip;]<\/p>\n","protected":false},"featured_media":19947,"comment_status":"open","ping_status":"closed","template":"","meta":{"_acf_changed":false,"_gspb_post_css":"","_kad_blocks_custom_css":"","_kad_blocks_head_custom_js":"","_kad_blocks_body_custom_js":"","_kad_blocks_footer_custom_js":""},"product_brand":[],"product_cat":[214,373,201,225],"product_tag":[],"class_list":{"0":"post-16154","1":"product","2":"type-product","3":"status-publish","4":"has-post-thumbnail","6":"product_cat-kasetines-markizes-terasai","7":"product_cat-kasetines","8":"product_cat-markizes","9":"product_cat-terasines","11":"first","12":"instock","13":"sale","14":"taxable","15":"shipping-taxable","16":"purchasable","17":"product-type-variable","18":"has-default-attributes"},"acf":[],"taxonomy_info":{"product_cat":[{"value":214,"label":"Kasetin\u0117s markiz\u0117s terasai"},{"value":373,"label":"Kasetin\u0117s markiz\u0117s"},{"value":201,"label":"Markiz\u0117s"},{"value":225,"label":"Terasin\u0117s markiz\u0117s"}]},"featured_image_src_large":["https:\/\/brevo.lt\/wp-content\/uploads\/2024\/07\/terasine_markize_casablanca.webp",800,600,false],"author_info":[],"comment_info":15,"_links":{"self":[{"href":"https:\/\/brevo.lt\/lv\/wp-json\/wp\/v2\/product\/16154","targetHints":{"allow":["GET"]}}],"collection":[{"href":"https:\/\/brevo.lt\/lv\/wp-json\/wp\/v2\/product"}],"about":[{"href":"https:\/\/brevo.lt\/lv\/wp-json\/wp\/v2\/types\/product"}],"replies":[{"embeddable":true,"href":"https:\/\/brevo.lt\/lv\/wp-json\/wp\/v2\/comments?post=16154"}],"wp:featuredmedia":[{"embeddable":true,"href":"https:\/\/brevo.lt\/lv\/wp-json\/wp\/v2\/media\/19947"}],"wp:attachment":[{"href":"https:\/\/brevo.lt\/lv\/wp-json\/wp\/v2\/media?parent=16154"}],"wp:term":[{"taxonomy":"product_brand","embeddable":true,"href":"https:\/\/brevo.lt\/lv\/wp-json\/wp\/v2\/product_brand?post=16154"},{"taxonomy":"product_cat","embeddable":true,"href":"https:\/\/brevo.lt\/lv\/wp-json\/wp\/v2\/product_cat?post=16154"},{"taxonomy":"product_tag","embeddable":true,"href":"https:\/\/brevo.lt\/lv\/wp-json\/wp\/v2\/product_tag?post=16154"}],"curies":[{"name":"wp","href":"https:\/\/api.w.org\/{rel}","templated":true}]}}