{"id":18512,"date":"2024-02-09T23:34:13","date_gmt":"2024-02-09T23:34:13","guid":{"rendered":"https:\/\/brevo.lt\/?post_type=product&#038;p=18512"},"modified":"2024-12-13T12:04:05","modified_gmt":"2024-12-13T12:04:05","slug":"pergola-bioclimatic-select","status":"publish","type":"product","link":"https:\/\/brevo.lt\/lv\/produktas\/pergola-bioclimatic-select\/","title":{"rendered":"Pergola pergola Bioclimatic Select"},"content":{"rendered":"<p>Atveriet durvis savai jaunajai atp\u016btas vietai ar \u0161o \u012bpa\u0161o Pergola Bioclimatic Select! T\u0101 ir ne tikai daudzpus\u012bga un viegli uzst\u0101d\u0101ma, bet ar\u012b patiesi moderna un iztur\u012bga pergola, kas piln\u012bb\u0101 izgatavota no augst\u0101k\u0101s kvalit\u0101tes alum\u012bnija.<\/p>\n<p>\u0160\u012b lapene ir 3500 mm plata un 2500 mm augsta, un m\u0113s pied\u0101v\u0101jam jums izv\u0113l\u0113ties no vair\u0101kiem garumiem: 3400 mm, 3850 mm, 4300 mm vai 4750 mm. Tas noz\u012bm\u0113, ka j\u016bs varat piel\u0101got to savai videi un vajadz\u012bb\u0101m. V\u0113l liel\u0101kai piel\u0101go\u0161anas br\u012bv\u012bbai varat izv\u0113l\u0113ties vienu no div\u0101m elegant\u0101m kr\u0101s\u0101m - elegantu baltu (RAL 9016 MAT) vai modernu antrac\u012bta (RAL 7016 MAT).<\/p>\n<p>M\u016bsu pergolas plakan\u0101s l\u0101psti\u0146as ne tikai nodro\u0161ina est\u0113tisku izskatu, bet ar\u012b nodro\u0161ina efekt\u012bvu \u016bdens novad\u012b\u0161anu, vienlaikus veidojot gludu un stabilu virsmu. T\u0101 ir vair\u0101k nek\u0101 tikai pergola - t\u0101 ir iesp\u0113ja patst\u0101v\u012bgi pavad\u012bt laiku \u0101r\u0101 visa gada garum\u0101. Turkl\u0101t pergolas konstrukcija paredz divas dren\u0101\u017eas teknes ar div\u0101m dren\u0101\u017eas atver\u0113m, kas \u013cauj novad\u012bt \u016bdeni tie\u0161i pie k\u0101j\u0101m.<\/p>\n<p>Un tas v\u0113l nav viss! M\u016bsu pergolas jumta l\u0101psti\u0146u atv\u0113r\u0161anas le\u0146\u0137i regul\u0113 elektromotors, kas ar\u012b ir iek\u013cauts t\u0101lvad\u012bbas pults komplekt\u0101. Tas noz\u012bm\u0113, ka j\u016bs varat viegli vad\u012bt \u0161o pergolu no sev \u0113rt\u0101s vietas.<\/p>\n<p>M\u0113s ar\u012b v\u0113lamies, lai j\u016bs zin\u0101tu, ka \u0161\u012b lapene atbilst vis\u0101m CE sertifik\u0101cijas pras\u012bb\u0101m, nodro\u0161inot ne tikai stilu, bet ar\u012b dro\u0161\u012bbu. \u013baujiet \u0161ai pergolai k\u013c\u016bt par j\u016bsu jauno atp\u016btas o\u0101zi, kur\u0101 var\u0113siet baud\u012bt katru gada dienu!<\/p>","protected":false},"excerpt":{"rendered":"<p>Atverkite duris \u012f savo nauj\u0105j\u0105 laisvalaikio erdv\u0119 su \u0161ia ypatinga Pergola Bioclimatic Select! Tai ne tik universalus ir lengvai montuojamas modelis, tai &#8211; tikra pa\u017eangi ir patvari pavesin\u0117, kuri pilnai pagaminta i\u0161 auk\u0161\u010diausios kokyb\u0117s aliuminio. \u0160i pergola yra 3500 mm plo\u010dio ir 2500 mm auk\u0161\u010dio, o suteikiame jums galimyb\u0119 pasirinkti i\u0161 keli\u0173 skirting\u0173 ilgi\u0173: 3400 [&hellip;]<\/p>\n","protected":false},"featured_media":19988,"comment_status":"open","ping_status":"closed","template":"","meta":{"_acf_changed":false,"_gspb_post_css":"","_kad_blocks_custom_css":"","_kad_blocks_head_custom_js":"","_kad_blocks_body_custom_js":"","_kad_blocks_footer_custom_js":""},"product_brand":[],"product_cat":[155],"product_tag":[],"class_list":{"0":"post-18512","1":"product","2":"type-product","3":"status-publish","4":"has-post-thumbnail","6":"product_cat-pergola-pavesines","8":"first","9":"instock","10":"taxable","11":"shipping-taxable","12":"purchasable","13":"product-type-variable","14":"has-default-attributes"},"acf":[],"taxonomy_info":{"product_cat":[{"value":155,"label":"Pergola pav\u0117sin\u0117s"}]},"featured_image_src_large":["https:\/\/brevo.lt\/wp-content\/uploads\/2024\/08\/pergola_pavesine_bioclimatic_select.webp",800,600,false],"author_info":[],"comment_info":2,"_links":{"self":[{"href":"https:\/\/brevo.lt\/lv\/wp-json\/wp\/v2\/product\/18512","targetHints":{"allow":["GET"]}}],"collection":[{"href":"https:\/\/brevo.lt\/lv\/wp-json\/wp\/v2\/product"}],"about":[{"href":"https:\/\/brevo.lt\/lv\/wp-json\/wp\/v2\/types\/product"}],"replies":[{"embeddable":true,"href":"https:\/\/brevo.lt\/lv\/wp-json\/wp\/v2\/comments?post=18512"}],"wp:featuredmedia":[{"embeddable":true,"href":"https:\/\/brevo.lt\/lv\/wp-json\/wp\/v2\/media\/19988"}],"wp:attachment":[{"href":"https:\/\/brevo.lt\/lv\/wp-json\/wp\/v2\/media?parent=18512"}],"wp:term":[{"taxonomy":"product_brand","embeddable":true,"href":"https:\/\/brevo.lt\/lv\/wp-json\/wp\/v2\/product_brand?post=18512"},{"taxonomy":"product_cat","embeddable":true,"href":"https:\/\/brevo.lt\/lv\/wp-json\/wp\/v2\/product_cat?post=18512"},{"taxonomy":"product_tag","embeddable":true,"href":"https:\/\/brevo.lt\/lv\/wp-json\/wp\/v2\/product_tag?post=18512"}],"curies":[{"name":"wp","href":"https:\/\/api.w.org\/{rel}","templated":true}]}}