{"id":21077,"date":"2025-02-20T10:32:07","date_gmt":"2025-02-20T10:32:07","guid":{"rendered":"https:\/\/brevo.lt\/?post_type=product&#038;p=21077"},"modified":"2025-06-20T06:17:02","modified_gmt":"2025-06-20T06:17:02","slug":"pergola-royal","status":"publish","type":"product","link":"https:\/\/brevo.lt\/lv\/produktas\/pergola-royal\/","title":{"rendered":"Lapene Pergola Royal"},"content":{"rendered":"<p><strong>Pergola Royal<\/strong> - ir stil\u012bgs un funkcion\u0101ls \u0101ra risin\u0101jums, kas ir iztur\u012bgs, daudzpus\u012bgs un viegli lietojams. Iztur\u012bgais alum\u012bnija r\u0101mis un dubultprofila l\u012bstes nodro\u0161ina ilgsto\u0161u aizsardz\u012bbu, savuk\u0101rt manu\u0101li regul\u0113jamais jumts \u013cauj prec\u012bzi regul\u0113t saules gaismas un lietus aizsardz\u012bbu (0\u00b0-135\u00b0). Integr\u0113t\u0101 \u016bdens novad\u012b\u0161anas sist\u0113ma smalki novada lietus \u016bdeni, vienlaikus saglab\u0101jot est\u0113tiku. Pergolu var novietot atsevi\u0161\u0137i vai piestiprin\u0101t pie sienas, un to var viegli piel\u0101got da\u017e\u0101d\u0101m telp\u0101m. P\u0113c izv\u0113les var integr\u0113t s\u0101nu sienas, rullo \u017eal\u016bzijas, stiklojumu vai LED apgaismojumu. <strong>Pergola Royal<\/strong> - uzticama un praktiska izv\u0113le tiem, kas mekl\u0113 manu\u0101li darbin\u0101mu \u0101ra aizkaru risin\u0101jumu bez sare\u017e\u0123\u012btas automatiz\u0101cijas.<\/p>","protected":false},"excerpt":{"rendered":"<p>Pergola Royal \u2013 tai stilingas ir funkcionalus lauko sprendimas, pasi\u017eymintis tvirtumu, universalumu ir paprastu valdymu. Patvarus aliuminio r\u0117mas ir dvigubo profilio lamel\u0117s u\u017etikrina ilgalaik\u0119 apsaug\u0105, o rankiniu b\u016bdu reguliuojamas stogas leid\u017eia tiksliai kontroliuoti saul\u0117s \u0161vies\u0105 ir apsaug\u0105 nuo lietaus (0\u00b0\u2013135\u00b0). Integruota vandens nuvedimo sistema subtiliai nukreipia lietaus vanden\u012f, i\u0161laikydama estetik\u0105. Pergola gali b\u016bti laisvai pastatoma [&hellip;]<\/p>\n","protected":false},"featured_media":21483,"comment_status":"open","ping_status":"closed","template":"","meta":{"_acf_changed":false,"_gspb_post_css":"","_kad_blocks_custom_css":"","_kad_blocks_head_custom_js":"","_kad_blocks_body_custom_js":"","_kad_blocks_footer_custom_js":""},"product_brand":[],"product_cat":[155],"product_tag":[],"class_list":{"0":"post-21077","1":"product","2":"type-product","3":"status-publish","4":"has-post-thumbnail","6":"product_cat-pergola-pavesines","8":"first","9":"instock","10":"taxable","11":"shipping-taxable","12":"purchasable","13":"product-type-variable"},"acf":[],"taxonomy_info":{"product_cat":[{"value":155,"label":"Pergola pav\u0117sin\u0117s"}]},"featured_image_src_large":["https:\/\/brevo.lt\/wp-content\/uploads\/2025\/02\/pergola-royal-pro-13.webp",1000,1000,false],"author_info":[],"comment_info":0,"_links":{"self":[{"href":"https:\/\/brevo.lt\/lv\/wp-json\/wp\/v2\/product\/21077","targetHints":{"allow":["GET"]}}],"collection":[{"href":"https:\/\/brevo.lt\/lv\/wp-json\/wp\/v2\/product"}],"about":[{"href":"https:\/\/brevo.lt\/lv\/wp-json\/wp\/v2\/types\/product"}],"replies":[{"embeddable":true,"href":"https:\/\/brevo.lt\/lv\/wp-json\/wp\/v2\/comments?post=21077"}],"wp:featuredmedia":[{"embeddable":true,"href":"https:\/\/brevo.lt\/lv\/wp-json\/wp\/v2\/media\/21483"}],"wp:attachment":[{"href":"https:\/\/brevo.lt\/lv\/wp-json\/wp\/v2\/media?parent=21077"}],"wp:term":[{"taxonomy":"product_brand","embeddable":true,"href":"https:\/\/brevo.lt\/lv\/wp-json\/wp\/v2\/product_brand?post=21077"},{"taxonomy":"product_cat","embeddable":true,"href":"https:\/\/brevo.lt\/lv\/wp-json\/wp\/v2\/product_cat?post=21077"},{"taxonomy":"product_tag","embeddable":true,"href":"https:\/\/brevo.lt\/lv\/wp-json\/wp\/v2\/product_tag?post=21077"}],"curies":[{"name":"wp","href":"https:\/\/api.w.org\/{rel}","templated":true}]}}