{"id":21258,"date":"2025-02-20T10:31:58","date_gmt":"2025-02-20T10:31:58","guid":{"rendered":"https:\/\/brevo.lt\/?post_type=product&#038;p=21258"},"modified":"2026-03-20T06:35:15","modified_gmt":"2026-03-20T06:35:15","slug":"pergola-royal-pro","status":"publish","type":"product","link":"https:\/\/brevo.lt\/lv\/produktas\/pergola-royal-pro\/","title":{"rendered":"Lapene pergola Royal PRO"},"content":{"rendered":"<p><strong data-start=\"0\" data-end=\"21\" data-is-only-node=\"\">Pergola Royal PRO<\/strong> - ir unik\u0101ls \u0101ra risin\u0101jums, kas apvieno m\u016bsdien\u012bgu dizainu, progres\u012bvas tehnolo\u0123ijas un augst\u0101k\u0101s kvalit\u0101tes materi\u0101lus. Iztur\u012bga alum\u012bnija konstrukcija un dubultprofila l\u012bstes nodro\u0161ina iztur\u012bbu, savuk\u0101rt autom\u0101tiski regul\u0113jamais jumts \u013cauj viegli piel\u0101got apgaismojumu un aizsardz\u012bbu pret laikapst\u0101k\u013ciem. Integr\u0113t\u0101 \u016bdens novad\u012b\u0161anas sist\u0113ma efekt\u012bvi novada lietus \u016bdeni, vienlaikus saglab\u0101jot pergolas est\u0113tiku. Standarta komplekt\u0101cij\u0101 ir LED apgaismojums, kas vakar\u0101 rada m\u0101j\u012bgu atmosf\u0113ru. Pergolu var uzst\u0101d\u012bt k\u0101 br\u012bvi st\u0101vo\u0161u vai pie sienas, un p\u0113c izv\u0113les ir pieejamas t\u0101das papildapr\u012bkojuma deta\u013cas k\u0101 s\u0101nu sienas vai stiklojums, kas \u013cauj to v\u0113l vair\u0101k piel\u0101got. <strong data-start=\"706\" data-end=\"727\">Pergola Royal PRO<\/strong> - inovat\u012bvs un stil\u012bgs risin\u0101jums j\u016bsu \u0101ra telpai.<\/p>","protected":false},"excerpt":{"rendered":"<p>Pergola Royal PRO \u2013 tai i\u0161skirtinis lauko sprendimas, sujungiantis modern\u0173 dizain\u0105, pa\u017eangias technologijas ir auk\u0161\u010diausios kokyb\u0117s med\u017eiagas. Tvirta aliuminio konstrukcija ir dvigubo profilio lamel\u0117s u\u017etikrina ilgaam\u017ei\u0161kum\u0105, o automati\u0161kai valdomas stogas leid\u017eia lengvai reguliuoti ap\u0161vietim\u0105 ir apsaug\u0105 nuo oro s\u0105lyg\u0173. Integruota vandens nuvedimo sistema efektyviai pa\u0161alina lietaus vanden\u012f, i\u0161laikydama pergolos estetik\u0105. Standarti\u0161kai komplektuojamas LED ap\u0161vietimas sukuria [&hellip;]<\/p>\n","protected":false},"featured_media":21551,"comment_status":"open","ping_status":"closed","template":"","meta":{"_acf_changed":false,"_gspb_post_css":"","_kad_blocks_custom_css":"","_kad_blocks_head_custom_js":"","_kad_blocks_body_custom_js":"","_kad_blocks_footer_custom_js":""},"product_brand":[],"product_cat":[155],"product_tag":[],"class_list":{"0":"post-21258","1":"product","2":"type-product","3":"status-publish","4":"has-post-thumbnail","6":"product_cat-pergola-pavesines","8":"first","9":"instock","10":"taxable","11":"shipping-taxable","12":"purchasable","13":"product-type-variable"},"acf":[],"taxonomy_info":{"product_cat":[{"value":155,"label":"Pergola pav\u0117sin\u0117s"}]},"featured_image_src_large":["https:\/\/brevo.lt\/wp-content\/uploads\/2025\/02\/pergola-royal-15.webp",1000,1000,false],"author_info":[],"comment_info":1,"_links":{"self":[{"href":"https:\/\/brevo.lt\/lv\/wp-json\/wp\/v2\/product\/21258","targetHints":{"allow":["GET"]}}],"collection":[{"href":"https:\/\/brevo.lt\/lv\/wp-json\/wp\/v2\/product"}],"about":[{"href":"https:\/\/brevo.lt\/lv\/wp-json\/wp\/v2\/types\/product"}],"replies":[{"embeddable":true,"href":"https:\/\/brevo.lt\/lv\/wp-json\/wp\/v2\/comments?post=21258"}],"wp:featuredmedia":[{"embeddable":true,"href":"https:\/\/brevo.lt\/lv\/wp-json\/wp\/v2\/media\/21551"}],"wp:attachment":[{"href":"https:\/\/brevo.lt\/lv\/wp-json\/wp\/v2\/media?parent=21258"}],"wp:term":[{"taxonomy":"product_brand","embeddable":true,"href":"https:\/\/brevo.lt\/lv\/wp-json\/wp\/v2\/product_brand?post=21258"},{"taxonomy":"product_cat","embeddable":true,"href":"https:\/\/brevo.lt\/lv\/wp-json\/wp\/v2\/product_cat?post=21258"},{"taxonomy":"product_tag","embeddable":true,"href":"https:\/\/brevo.lt\/lv\/wp-json\/wp\/v2\/product_tag?post=21258"}],"curies":[{"name":"wp","href":"https:\/\/api.w.org\/{rel}","templated":true}]}}