{"id":2817,"date":"2023-03-08T12:42:58","date_gmt":"2023-03-08T12:42:58","guid":{"rendered":"https:\/\/brevo.lt\/?post_type=product&#038;p=2817"},"modified":"2024-12-13T12:05:03","modified_gmt":"2024-12-13T12:05:03","slug":"lapene-slaidu","status":"publish","type":"product","link":"https:\/\/brevo.lt\/lv\/produktas\/pergola-slide\/","title":{"rendered":"Lapene lapene Slide"},"content":{"rendered":"<p class=\"translation-block\">Unik\u0101la pieredze garant\u0113ta ar stil\u012bgo Deponti Pinela Deluxe. \u0160\u012bs verandas pane\u013cus var viegli p\u0101rvietot uz vienu pusi, nospie\u017eot vienu pogu. T\u0101d\u0113j\u0101di j\u016bs vien\u0101 mirkl\u012b ieg\u016bsiet piln\u012bgi atkl\u0101tu telpu virs terases. Tas \u013cauj izbaud\u012bt lielisko \u0101rtelpu neatkar\u012bgi no laikapst\u0101k\u013ciem. Atv\u0113rt\u0101 st\u0101vokl\u012b pergola nodro\u0161ina maksim\u0101lu apgaismojumu. Taj\u0101 pa\u0161\u0101 laik\u0101 sl\u0113gt\u0101 st\u0101vokl\u012b Pinela Deluxe pasarg\u0101 j\u016bs no jebk\u0101diem laikapst\u0101k\u013ciem un saulain\u0101s dien\u0101s pied\u0101v\u0101 \u0113nas vietu. Lai ar\u012b l\u012bst vai sp\u012bd lietus, j\u016bs izbaud\u012bsiet neparastu \u0101ra dz\u012bves saj\u016btu.<br>.\r\nPane\u013ci ir ievelkami, lai rad\u012btu atkl\u0101tu telpu virs j\u016bsu terases. Pinela Deluxe pane\u013cus un papildu LED apgaismojumu var kontrol\u0113t ar komplekt\u0101 iek\u013cauto SOMFY t\u0101lvad\u012bbas pulti. pane\u013cus var nob\u012bd\u012bt uz vienu pusi. Pinela Deluxe var b\u016bt br\u012bvi st\u0101vo\u0161s vai piestiprin\u0101ms pie sienas.<\/p>\n<p class=\"translation-block\">Pieejams tikai RAL7024 kr\u0101s\u0101<br>\r\nStenda izm\u0113ri ir 150x150x3695 mm, neskaitot gr\u012bdas stiprin\u0101juma kron\u0161teinu. Griestu augstums ir 3500 mm.<br>.\r\nGr\u012bdas stiprin\u0101juma kron\u0161teins ir p\u0113c izv\u0113les.<br>\r\nPinela tiek pieg\u0101d\u0101ta standarta izm\u0113ros, un to nevar izgatavot p\u0113c pas\u016bt\u012bjuma.<br>\r\nPinela Deluxe pane\u013ca platums ir 315,4 mm.<br>.\r\nPinela Deluxe var pieg\u0101d\u0101t ar LED apgaismojuma lent\u0113m.<br>.\r\nPinela var savienot, lai p\u0101rkl\u0101tu liel\u0101ku plat\u012bbu. Izcelsmes valsts: N\u012bderlande.<\/p>","protected":false},"excerpt":{"rendered":"<p><img loading=\"lazy\" decoding=\"async\" class=\"alignnone wp-image-14634 size-full\" src=\"https:\/\/brevo.lt\/wp-content\/uploads\/2023\/03\/Screenshot-2023-04-16-at-12.42.23.png\" alt=\"\" width=\"1748\" height=\"566\" srcset=\"https:\/\/brevo.lt\/wp-content\/uploads\/2023\/03\/Screenshot-2023-04-16-at-12.42.23.png 1748w, https:\/\/brevo.lt\/wp-content\/uploads\/2023\/03\/Screenshot-2023-04-16-at-12.42.23-900x291.png 900w, https:\/\/brevo.lt\/wp-content\/uploads\/2023\/03\/Screenshot-2023-04-16-at-12.42.23-300x97.png 300w, https:\/\/brevo.lt\/wp-content\/uploads\/2023\/03\/Screenshot-2023-04-16-at-12.42.23-1024x332.png 1024w, https:\/\/brevo.lt\/wp-content\/uploads\/2023\/03\/Screenshot-2023-04-16-at-12.42.23-768x249.png 768w, https:\/\/brevo.lt\/wp-content\/uploads\/2023\/03\/Screenshot-2023-04-16-at-12.42.23-1536x497.png 1536w, https:\/\/brevo.lt\/wp-content\/uploads\/2023\/03\/Screenshot-2023-04-16-at-12.42.23-18x6.png 18w\" sizes=\"auto, (max-width: 1748px) 100vw, 1748px\" \/><\/p>","protected":false},"featured_media":19990,"comment_status":"open","ping_status":"closed","template":"","meta":{"_acf_changed":false,"_gspb_post_css":"","_kad_blocks_custom_css":"","_kad_blocks_head_custom_js":"","_kad_blocks_body_custom_js":"","_kad_blocks_footer_custom_js":""},"product_brand":[],"product_cat":[155],"product_tag":[],"class_list":{"0":"post-2817","1":"product","2":"type-product","3":"status-publish","4":"has-post-thumbnail","6":"product_cat-pergola-pavesines","8":"first","9":"instock","10":"taxable","11":"shipping-taxable","12":"purchasable","13":"product-type-variable","14":"has-default-attributes"},"acf":[],"taxonomy_info":{"product_cat":[{"value":155,"label":"Pergola pav\u0117sin\u0117s"}]},"featured_image_src_large":["https:\/\/brevo.lt\/wp-content\/uploads\/2024\/08\/pergola_pavesine_slide.webp",800,600,false],"author_info":[],"comment_info":0,"_links":{"self":[{"href":"https:\/\/brevo.lt\/lv\/wp-json\/wp\/v2\/product\/2817","targetHints":{"allow":["GET"]}}],"collection":[{"href":"https:\/\/brevo.lt\/lv\/wp-json\/wp\/v2\/product"}],"about":[{"href":"https:\/\/brevo.lt\/lv\/wp-json\/wp\/v2\/types\/product"}],"replies":[{"embeddable":true,"href":"https:\/\/brevo.lt\/lv\/wp-json\/wp\/v2\/comments?post=2817"}],"wp:featuredmedia":[{"embeddable":true,"href":"https:\/\/brevo.lt\/lv\/wp-json\/wp\/v2\/media\/19990"}],"wp:attachment":[{"href":"https:\/\/brevo.lt\/lv\/wp-json\/wp\/v2\/media?parent=2817"}],"wp:term":[{"taxonomy":"product_brand","embeddable":true,"href":"https:\/\/brevo.lt\/lv\/wp-json\/wp\/v2\/product_brand?post=2817"},{"taxonomy":"product_cat","embeddable":true,"href":"https:\/\/brevo.lt\/lv\/wp-json\/wp\/v2\/product_cat?post=2817"},{"taxonomy":"product_tag","embeddable":true,"href":"https:\/\/brevo.lt\/lv\/wp-json\/wp\/v2\/product_tag?post=2817"}],"curies":[{"name":"wp","href":"https:\/\/api.w.org\/{rel}","templated":true}]}}