{"id":7035,"date":"2023-03-24T23:56:45","date_gmt":"2023-03-24T23:56:45","guid":{"rendered":"https:\/\/brevo.lt\/?post_type=product&#038;p=7035"},"modified":"2024-06-17T10:30:38","modified_gmt":"2024-06-17T10:30:38","slug":"bosco-jumti","status":"publish","type":"product","link":"https:\/\/brevo.lt\/lv\/produktas\/stogine-bosco\/","title":{"rendered":"Carport Bosco"},"content":{"rendered":"<p class=\"translation-block\">\u0160is ir m\u016bsu \"bestsellers\". \"Bosco\" mark\u012bze ir lielisks un daudzpus\u012bgs risin\u0101jums. \u0160\u012b veranda pied\u0101v\u0101 pla\u0161as izv\u0113les iesp\u0113jas. Piem\u0113ram, j\u016bs varat izv\u0113l\u0113ties starp apa\u013cu vai klasisku dekorat\u012bvu jumti\u0146u un pusapa\u013ciem vai kvadr\u0101tveida stabi\u0146iem. T\u0101d\u0113j\u0101di j\u016bs varat piln\u012bb\u0101 piel\u0101got Bosco atbilsto\u0161i savam stilam, gaumei un v\u0113lm\u0113m. J\u016bs nodro\u0161in\u0101siet perfektu sader\u012bbu ar savu m\u0101ju vai d\u0101rzu. Pieejamas 4 kr\u0101sas: RAL9001, RAL9016, RAL7024, RAL9005<br>\r\nIr pieejami \u010detri margu veidi, no kuriem izv\u0113l\u0113ties:<br>\r\nKvadr\u0101tveida vai puslodes formas ar pamatni (110x110x2500 mm)<br>.\r\nKvadr\u0101tveida vai puslodes formas bez pamatnes pl\u0101ksnes (110x110x3000mm)<br>.\r\nMaksim\u0101lais att\u0101lums starp diviem balstiem ir 4 metri.<br>\r\nPieejams ar apa\u013cu vai klasisku karn\u012bzi.<br>\r\n\"Bosco\" ar 6000 mm p\u0101rkares augstumu ir pieejams tikai ar polikarbon\u0101tu, kas ir op\u0101ls un caursp\u012bd\u012bgs.<br>\r\nBosco 7060 mm platum\u0101 nav pieejams RAL9001 kr\u0101s\u0101.<br>\r\nJa tiek izv\u0113l\u0113ts \u0161is klasisk\u0101s l\u012bstes izm\u0113rs, l\u012bstes tiks pieg\u0101d\u0101tas div\u0101s da\u013c\u0101s pa 4 metriem, un par to tiks piem\u0113rota papildu maksa.<br>\r\nBosco notekcaurules maksim\u0101lais platums ir 7060 mm. Pla\u0161\u0101k\u0101m Bosco dzeg\u0101m m\u0113s pieg\u0101d\u0101jam 2 da\u013cas, ieskaitot savienojo\u0161o da\u013cu.<\/p>\n<p>Izcelsmes valsts: N\u012bderlande.<\/p>\n<p>&nbsp;<\/p>\n<p>&nbsp;<\/p>","protected":false},"excerpt":{"rendered":"<p><img loading=\"lazy\" decoding=\"async\" class=\"alignnone wp-image-14624 size-full\" src=\"https:\/\/brevo.lt\/wp-content\/uploads\/2023\/03\/Screenshot-2023-04-16-at-12.32.19.png\" alt=\"\" width=\"1682\" height=\"470\" srcset=\"https:\/\/brevo.lt\/wp-content\/uploads\/2023\/03\/Screenshot-2023-04-16-at-12.32.19.png 1682w, https:\/\/brevo.lt\/wp-content\/uploads\/2023\/03\/Screenshot-2023-04-16-at-12.32.19-900x251.png 900w, https:\/\/brevo.lt\/wp-content\/uploads\/2023\/03\/Screenshot-2023-04-16-at-12.32.19-300x84.png 300w, https:\/\/brevo.lt\/wp-content\/uploads\/2023\/03\/Screenshot-2023-04-16-at-12.32.19-1024x286.png 1024w, https:\/\/brevo.lt\/wp-content\/uploads\/2023\/03\/Screenshot-2023-04-16-at-12.32.19-768x215.png 768w, https:\/\/brevo.lt\/wp-content\/uploads\/2023\/03\/Screenshot-2023-04-16-at-12.32.19-1536x429.png 1536w, https:\/\/brevo.lt\/wp-content\/uploads\/2023\/03\/Screenshot-2023-04-16-at-12.32.19-18x5.png 18w\" sizes=\"auto, (max-width: 1682px) 100vw, 1682px\" \/><\/p>","protected":false},"featured_media":19954,"comment_status":"open","ping_status":"closed","template":"","meta":{"_acf_changed":false,"_gspb_post_css":"","_kad_blocks_custom_css":"","_kad_blocks_head_custom_js":"","_kad_blocks_body_custom_js":"","_kad_blocks_footer_custom_js":""},"product_brand":[],"product_cat":[156],"product_tag":[],"class_list":{"0":"post-7035","1":"product","2":"type-product","3":"status-publish","4":"has-post-thumbnail","6":"product_cat-stogines","8":"first","9":"instock","10":"taxable","11":"shipping-taxable","12":"purchasable","13":"product-type-variable","14":"has-default-attributes"},"acf":[],"taxonomy_info":{"product_cat":[{"value":156,"label":"Stogin\u0117s"}]},"featured_image_src_large":["https:\/\/brevo.lt\/wp-content\/uploads\/2024\/07\/stogine_bosco.webp",800,600,false],"author_info":[],"comment_info":0,"_links":{"self":[{"href":"https:\/\/brevo.lt\/lv\/wp-json\/wp\/v2\/product\/7035","targetHints":{"allow":["GET"]}}],"collection":[{"href":"https:\/\/brevo.lt\/lv\/wp-json\/wp\/v2\/product"}],"about":[{"href":"https:\/\/brevo.lt\/lv\/wp-json\/wp\/v2\/types\/product"}],"replies":[{"embeddable":true,"href":"https:\/\/brevo.lt\/lv\/wp-json\/wp\/v2\/comments?post=7035"}],"wp:featuredmedia":[{"embeddable":true,"href":"https:\/\/brevo.lt\/lv\/wp-json\/wp\/v2\/media\/19954"}],"wp:attachment":[{"href":"https:\/\/brevo.lt\/lv\/wp-json\/wp\/v2\/media?parent=7035"}],"wp:term":[{"taxonomy":"product_brand","embeddable":true,"href":"https:\/\/brevo.lt\/lv\/wp-json\/wp\/v2\/product_brand?post=7035"},{"taxonomy":"product_cat","embeddable":true,"href":"https:\/\/brevo.lt\/lv\/wp-json\/wp\/v2\/product_cat?post=7035"},{"taxonomy":"product_tag","embeddable":true,"href":"https:\/\/brevo.lt\/lv\/wp-json\/wp\/v2\/product_tag?post=7035"}],"curies":[{"name":"wp","href":"https:\/\/api.w.org\/{rel}","templated":true}]}}