{"id":9246,"date":"2023-03-25T01:09:00","date_gmt":"2023-03-25T01:09:00","guid":{"rendered":"https:\/\/brevo.lt\/?post_type=product&#038;p=9246"},"modified":"2025-02-10T12:11:27","modified_gmt":"2025-02-10T12:11:27","slug":"nojume-pergola-verdeca","status":"publish","type":"product","link":"https:\/\/brevo.lt\/lv\/produktas\/tentine-pergola-verdeca\/","title":{"rendered":"Nojume Pergola Verdeca"},"content":{"rendered":"<p>Verdeca mark\u012bze ir izgatavota no saules un \u016bdensiztur\u012bga auduma. Vai j\u016bs s\u0113\u017eat zem \u0161\u012bs verandas un v\u0113laties baud\u012bt sauli? Tad paceliet jumtu ar vienu pogas piesk\u0101rienu, lai uzreiz izbaud\u012btu maksim\u0101lu gaismu un skaistus laikapst\u0101k\u013cus. Ja v\u0113laties s\u0113d\u0113t \u0113n\u0101 vai b\u016bt pasarg\u0101ti no v\u0113ja, lietus vai UV stariem, jumtu varat ar\u012b viegli aizv\u0113rt. Verdeca verandai ir saules un \u016bdensnecaurlaid\u012bgs audums. Nospie\u017eot pogu, audums atveras. T\u0101d\u0113j\u0101di j\u016bs uzreiz varat baud\u012bt maksim\u0101lu gaismu un skaistus laikapst\u0101k\u013cus. Ja v\u0113laties s\u0113d\u0113t \u0113n\u0101 vai mekl\u0113jat aizsardz\u012bbu pret v\u0113ju, lietu vai UV stariem, j\u016bs varat tikpat viegli aizv\u0113rt audumu. Kolonnu augstums 250 cm; minim\u0101lais jumta sl\u012bpums 25%.<\/p>\n<p class=\"translation-block\">Pieejamas standarta RAL7024 kr\u0101sas ar baltu audumu<br>\r\nMaksim\u0101lais platums starp 2 kolonn\u0101m ir 4 metri<br>\r\nVerdeca ir pieejams standarta izm\u0113ros, un to nevar izgatavot p\u0113c pas\u016bt\u012bjuma<br>.\r\n\"Verdeca\" var apr\u012bkot ar integr\u0113tu LED apgaismojumu.<br>\r\nSomfy vad\u012bba. Izcelsmes valsts: N\u012bderlande.<\/p>","protected":false},"excerpt":{"rendered":"<p><img loading=\"lazy\" decoding=\"async\" class=\"alignnone wp-image-14640 size-full\" src=\"https:\/\/brevo.lt\/wp-content\/uploads\/2023\/03\/Screenshot-2023-04-16-at-12.45.19.png\" alt=\"\" width=\"1952\" height=\"668\" srcset=\"https:\/\/brevo.lt\/wp-content\/uploads\/2023\/03\/Screenshot-2023-04-16-at-12.45.19.png 1952w, https:\/\/brevo.lt\/wp-content\/uploads\/2023\/03\/Screenshot-2023-04-16-at-12.45.19-900x308.png 900w, https:\/\/brevo.lt\/wp-content\/uploads\/2023\/03\/Screenshot-2023-04-16-at-12.45.19-300x103.png 300w, https:\/\/brevo.lt\/wp-content\/uploads\/2023\/03\/Screenshot-2023-04-16-at-12.45.19-1024x350.png 1024w, https:\/\/brevo.lt\/wp-content\/uploads\/2023\/03\/Screenshot-2023-04-16-at-12.45.19-768x263.png 768w, https:\/\/brevo.lt\/wp-content\/uploads\/2023\/03\/Screenshot-2023-04-16-at-12.45.19-1536x526.png 1536w, https:\/\/brevo.lt\/wp-content\/uploads\/2023\/03\/Screenshot-2023-04-16-at-12.45.19-18x6.png 18w\" sizes=\"auto, (max-width: 1952px) 100vw, 1952px\" \/><\/p>","protected":false},"featured_media":19959,"comment_status":"open","ping_status":"closed","template":"","meta":{"_acf_changed":false,"_gspb_post_css":"","_kad_blocks_custom_css":"","_kad_blocks_head_custom_js":"","_kad_blocks_body_custom_js":"","_kad_blocks_footer_custom_js":""},"product_brand":[],"product_cat":[155],"product_tag":[],"class_list":{"0":"post-9246","1":"product","2":"type-product","3":"status-publish","4":"has-post-thumbnail","6":"product_cat-pergola-pavesines","8":"first","9":"instock","10":"taxable","11":"shipping-taxable","12":"purchasable","13":"product-type-variable","14":"has-default-attributes"},"acf":[],"taxonomy_info":{"product_cat":[{"value":155,"label":"Pergola pav\u0117sin\u0117s"}]},"featured_image_src_large":["https:\/\/brevo.lt\/wp-content\/uploads\/2024\/07\/stogine_verdeca.webp",800,600,false],"author_info":[],"comment_info":0,"_links":{"self":[{"href":"https:\/\/brevo.lt\/lv\/wp-json\/wp\/v2\/product\/9246","targetHints":{"allow":["GET"]}}],"collection":[{"href":"https:\/\/brevo.lt\/lv\/wp-json\/wp\/v2\/product"}],"about":[{"href":"https:\/\/brevo.lt\/lv\/wp-json\/wp\/v2\/types\/product"}],"replies":[{"embeddable":true,"href":"https:\/\/brevo.lt\/lv\/wp-json\/wp\/v2\/comments?post=9246"}],"wp:featuredmedia":[{"embeddable":true,"href":"https:\/\/brevo.lt\/lv\/wp-json\/wp\/v2\/media\/19959"}],"wp:attachment":[{"href":"https:\/\/brevo.lt\/lv\/wp-json\/wp\/v2\/media?parent=9246"}],"wp:term":[{"taxonomy":"product_brand","embeddable":true,"href":"https:\/\/brevo.lt\/lv\/wp-json\/wp\/v2\/product_brand?post=9246"},{"taxonomy":"product_cat","embeddable":true,"href":"https:\/\/brevo.lt\/lv\/wp-json\/wp\/v2\/product_cat?post=9246"},{"taxonomy":"product_tag","embeddable":true,"href":"https:\/\/brevo.lt\/lv\/wp-json\/wp\/v2\/product_tag?post=9246"}],"curies":[{"name":"wp","href":"https:\/\/api.w.org\/{rel}","templated":true}]}}