{"id":9269,"date":"2023-03-25T01:27:54","date_gmt":"2023-03-25T01:27:54","guid":{"rendered":"https:\/\/brevo.lt\/?post_type=product&#038;p=9269"},"modified":"2024-07-12T12:21:34","modified_gmt":"2024-07-12T12:21:34","slug":"giallo-markize","status":"publish","type":"product","link":"https:\/\/brevo.lt\/lv\/produktas\/stogine-giallo\/","title":{"rendered":"Auto nojume Giallo"},"content":{"rendered":"<p class=\"translation-block\">Deponti Giallo veranda ir paz\u012bstama ar savu gludo, iztur\u012bgo izskatu un ir apr\u012bkota ar pastiprin\u0101tu notekcauru\u013cu profilu. Pateicoties \u0161im papildu pastiprin\u0101jumam, Giallo var uzst\u0101d\u012bt tikai ar div\u0101m kolonn\u0101m, kas atrodas 6 metru att\u0101lum\u0101 viena no otras. Maksim\u0101lais att\u0101lums starp abiem stabiem ir tas, kas padara Giallo unik\u0101lu. Rezult\u0101ts ir maksim\u0101li pat\u012bkams un br\u012bvs skats.Pieejams 4 kr\u0101s\u0101s: RAL9001, RAL9016, RAL7024, RAL9005<br>.\r\nKolonnu izm\u0113ri 115x150x3000 mm. Galds tiek pieg\u0101d\u0101ts 2 da\u013c\u0101s, un tam nav pamatnes pl\u0101ksnes.<br>.\r\nMaksim\u0101lais att\u0101lums starp diviem stat\u0146iem ir 6 metri.<br>.\r\nGiallo standarta komplekt\u0101cij\u0101 tiek pieg\u0101d\u0101ts ar taisnu apdari. Par papildu samaksu Giallo var apr\u012bkot ar apa\u013cu vai klasisku profil\u0113jumu.<br>Giallo var apr\u012bkot ar apa\u013cu vai klasisku profil\u0113jumu.\r\nGiallo ar 6000 mm p\u0101rkares augstumu ir pieejams tikai ar polikarbon\u0101tu, op\u0101lu un caursp\u012bd\u012bgu. M\u016bsu standarta 6 m sijas nav pastiprin\u0101tas. Lai nodro\u0161in\u0101tu pareizu mont\u0101\u017eu, t\u0101s ir j\u0101pastiprina pa\u0161iem. M\u0113s neuz\u0146emamies nek\u0101du atbild\u012bbu par m\u016bsu izstr\u0101d\u0101jumu nepareizu lieto\u0161anu.<br>\r\nIr iesp\u0113jams pas\u016bt\u012bt ar\u012b Giallo ar stikla jumtu polikarbon\u0101ta viet\u0101. \u0160\u0101d\u0101 gad\u012bjum\u0101 \u0146emiet v\u0113r\u0101, ka maksim\u0101lais att\u0101lums starp diviem stat\u0146iem ir 4 metri. Izcelsmes valsts: N\u012bderlande.<\/p>","protected":false},"excerpt":{"rendered":"<p><img loading=\"lazy\" decoding=\"async\" class=\"alignnone wp-image-14629 size-full\" src=\"https:\/\/brevo.lt\/wp-content\/uploads\/2023\/03\/Screenshot-2023-04-16-at-12.38.28.png\" alt=\"\" width=\"1690\" height=\"474\" srcset=\"https:\/\/brevo.lt\/wp-content\/uploads\/2023\/03\/Screenshot-2023-04-16-at-12.38.28.png 1690w, https:\/\/brevo.lt\/wp-content\/uploads\/2023\/03\/Screenshot-2023-04-16-at-12.38.28-900x252.png 900w, https:\/\/brevo.lt\/wp-content\/uploads\/2023\/03\/Screenshot-2023-04-16-at-12.38.28-300x84.png 300w, https:\/\/brevo.lt\/wp-content\/uploads\/2023\/03\/Screenshot-2023-04-16-at-12.38.28-1024x287.png 1024w, https:\/\/brevo.lt\/wp-content\/uploads\/2023\/03\/Screenshot-2023-04-16-at-12.38.28-768x215.png 768w, https:\/\/brevo.lt\/wp-content\/uploads\/2023\/03\/Screenshot-2023-04-16-at-12.38.28-1536x431.png 1536w, https:\/\/brevo.lt\/wp-content\/uploads\/2023\/03\/Screenshot-2023-04-16-at-12.38.28-18x5.png 18w\" sizes=\"auto, (max-width: 1690px) 100vw, 1690px\" \/><\/p>","protected":false},"featured_media":19955,"comment_status":"open","ping_status":"closed","template":"","meta":{"_acf_changed":false,"_gspb_post_css":"","_kad_blocks_custom_css":"","_kad_blocks_head_custom_js":"","_kad_blocks_body_custom_js":"","_kad_blocks_footer_custom_js":""},"product_brand":[],"product_cat":[156],"product_tag":[],"class_list":{"0":"post-9269","1":"product","2":"type-product","3":"status-publish","4":"has-post-thumbnail","6":"product_cat-stogines","8":"first","9":"instock","10":"taxable","11":"shipping-taxable","12":"purchasable","13":"product-type-variable","14":"has-default-attributes"},"acf":[],"taxonomy_info":{"product_cat":[{"value":156,"label":"Stogin\u0117s"}]},"featured_image_src_large":["https:\/\/brevo.lt\/wp-content\/uploads\/2024\/07\/stogine_giallo.webp",800,600,false],"author_info":[],"comment_info":0,"_links":{"self":[{"href":"https:\/\/brevo.lt\/lv\/wp-json\/wp\/v2\/product\/9269","targetHints":{"allow":["GET"]}}],"collection":[{"href":"https:\/\/brevo.lt\/lv\/wp-json\/wp\/v2\/product"}],"about":[{"href":"https:\/\/brevo.lt\/lv\/wp-json\/wp\/v2\/types\/product"}],"replies":[{"embeddable":true,"href":"https:\/\/brevo.lt\/lv\/wp-json\/wp\/v2\/comments?post=9269"}],"wp:featuredmedia":[{"embeddable":true,"href":"https:\/\/brevo.lt\/lv\/wp-json\/wp\/v2\/media\/19955"}],"wp:attachment":[{"href":"https:\/\/brevo.lt\/lv\/wp-json\/wp\/v2\/media?parent=9269"}],"wp:term":[{"taxonomy":"product_brand","embeddable":true,"href":"https:\/\/brevo.lt\/lv\/wp-json\/wp\/v2\/product_brand?post=9269"},{"taxonomy":"product_cat","embeddable":true,"href":"https:\/\/brevo.lt\/lv\/wp-json\/wp\/v2\/product_cat?post=9269"},{"taxonomy":"product_tag","embeddable":true,"href":"https:\/\/brevo.lt\/lv\/wp-json\/wp\/v2\/product_tag?post=9269"}],"curies":[{"name":"wp","href":"https:\/\/api.w.org\/{rel}","templated":true}]}}