{"id":12853,"date":"2023-03-25T02:33:39","date_gmt":"2023-03-25T02:33:39","guid":{"rendered":"https:\/\/brevo.lt\/?post_type=product&#038;p=12853"},"modified":"2026-03-20T06:30:02","modified_gmt":"2026-03-20T06:30:02","slug":"%d0%bf%d0%b5%d1%80%d0%b3%d0%be%d0%bb%d0%b0-%d0%b1%d0%b8%d0%be%d0%ba%d0%bb%d0%b8%d0%bc%d0%b0%d1%82%d0%b8%d1%87%d0%b5%d1%81%d0%ba%d0%b0%d1%8f-%d0%bc%d0%b0%d0%ba%d1%81","status":"publish","type":"product","link":"https:\/\/brevo.lt\/ru\/produktas\/pergola-bioclimatic-max\/","title":{"rendered":"\u041f\u0435\u0440\u0433\u043e\u043b\u0430 \u043f\u0435\u0440\u0433\u043e\u043b\u0430 \u0411\u0438\u043e\u043a\u043b\u0438\u043c\u0430\u0442\u0438\u0447\u0435\u0441\u043a\u0438\u0439 \u041c\u0430\u043a\u0441"},"content":{"rendered":"<p>\u0411\u0435\u0441\u0435\u0434\u043a\u0430 SB500 \u043e\u0442\u043b\u0438\u0447\u0430\u0435\u0442\u0441\u044f \u0441\u0432\u043e\u0435\u0439 \u0441\u043e\u0432\u0440\u0435\u043c\u0435\u043d\u043d\u043e\u0441\u0442\u044c\u044e \u0438 \u043f\u0440\u0430\u043a\u0442\u0438\u0447\u043d\u043e\u0441\u0442\u044c\u044e. \u0412 \u0436\u0430\u0440\u043a\u0438\u0439 \u043b\u0435\u0442\u043d\u0438\u0439 \u0434\u0435\u043d\u044c \u0430\u043b\u044e\u043c\u0438\u043d\u0438\u0435\u0432\u044b\u0435 \u043f\u043b\u0430\u043d\u043a\u0438 \u0441\u043f\u0430\u0441\u0443\u0442 \u0432\u0430\u0441 \u043e\u0442 \u043f\u0440\u044f\u043c\u044b\u0445 \u0441\u043e\u043b\u043d\u0435\u0447\u043d\u044b\u0445 \u043b\u0443\u0447\u0435\u0439 \u0438 \u0434\u043e\u0436\u0434\u044f. \u041f\u043b\u0430\u043d\u043a\u0438 \u0441 \u0434\u0438\u0441\u0442\u0430\u043d\u0446\u0438\u043e\u043d\u043d\u044b\u043c \u0443\u043f\u0440\u0430\u0432\u043b\u0435\u043d\u0438\u0435\u043c \u043b\u0435\u0433\u043a\u043e \u043f\u043e\u0432\u043e\u0440\u0430\u0447\u0438\u0432\u0430\u044e\u0442\u0441\u044f \u043d\u0430 90 \u0433\u0440\u0430\u0434\u0443\u0441\u043e\u0432, \u043f\u043e\u0437\u0432\u043e\u043b\u044f\u044f \u0440\u0435\u0433\u0443\u043b\u0438\u0440\u043e\u0432\u0430\u0442\u044c \u043a\u043e\u043b\u0438\u0447\u0435\u0441\u0442\u0432\u043e \u0441\u043e\u043b\u043d\u0435\u0447\u043d\u043e\u0433\u043e \u0441\u0432\u0435\u0442\u0430, \u043f\u043e\u043f\u0430\u0434\u0430\u044e\u0449\u0435\u0433\u043e \u0432 \u0431\u0435\u0441\u0435\u0434\u043a\u0443. \u0410\u0432\u0442\u043e\u043c\u0430\u0442\u0438\u0447\u0435\u0441\u043a\u0438\u0439 \u043c\u0435\u0445\u0430\u043d\u0438\u0437\u043c \u043d\u0430 24 \u0412 \u0441\u043a\u0440\u044b\u0442 \u0438 \u0437\u0430\u0449\u0438\u0449\u0435\u043d \u043e\u0442 \u0434\u043e\u0436\u0434\u044f. \u0411\u0435\u0441\u0435\u0434\u043a\u0443 \u043c\u043e\u0436\u043d\u043e \u0438\u0441\u043f\u043e\u043b\u044c\u0437\u043e\u0432\u0430\u0442\u044c \u043a\u0440\u0443\u0433\u043b\u044b\u0439 \u0433\u043e\u0434, \u043a\u0430\u043a \u0432 \u043a\u0430\u0447\u0435\u0441\u0442\u0432\u0435 \u0437\u043e\u043d\u044b \u043e\u0442\u0434\u044b\u0445\u0430, \u0442\u0430\u043a \u0438 \u0432 \u043a\u0430\u0447\u0435\u0441\u0442\u0432\u0435 \u043d\u0430\u0432\u0435\u0441\u0430 \u0434\u043b\u044f \u0430\u0432\u0442\u043e\u043c\u043e\u0431\u0438\u043b\u044f. \u0410\u043b\u044e\u043c\u0438\u043d\u0438\u0435\u0432\u0430\u044f \u043a\u043e\u043d\u0441\u0442\u0440\u0443\u043a\u0446\u0438\u044f - \u043b\u0443\u0447\u0448\u0435\u0435 \u0440\u0435\u0448\u0435\u043d\u0438\u0435 \u0434\u043b\u044f \u0442\u0430\u043a\u043e\u0433\u043e \u0442\u0438\u043f\u0430 \u0431\u0435\u0441\u0435\u0434\u043a\u0438, \u043f\u043e\u0441\u043a\u043e\u043b\u044c\u043a\u0443 \u043e\u043d\u0430 \u043d\u0435 \u0442\u0440\u0435\u0431\u0443\u0435\u0442 \u0434\u043e\u043f\u043e\u043b\u043d\u0438\u0442\u0435\u043b\u044c\u043d\u043e\u0433\u043e \u0443\u0445\u043e\u0434\u0430 \u043f\u043e \u0441\u0440\u0430\u0432\u043d\u0435\u043d\u0438\u044e \u0441 \u0434\u0440\u0443\u0433\u0438\u043c\u0438 \u043c\u0430\u0442\u0435\u0440\u0438\u0430\u043b\u0430\u043c\u0438. \u041f\u0440\u043e\u0444\u0438\u043b\u0438 \u043a\u043e\u043d\u0441\u0442\u0440\u0443\u043a\u0446\u0438\u0438 \u0438\u0437\u0433\u043e\u0442\u043e\u0432\u043b\u0435\u043d\u044b \u0438\u0437 5-\u043c\u0438\u043b\u043b\u0438\u043c\u0435\u0442\u0440\u043e\u0432\u044b\u0445 \u0430\u043b\u044e\u043c\u0438\u043d\u0438\u0435\u0432\u044b\u0445 \u043f\u0440\u043e\u0444\u0438\u043b\u0435\u0439, \u043f\u043e\u043a\u0440\u044b\u0442\u044b\u0445 \u043f\u043e\u0440\u043e\u0448\u043a\u043e\u0432\u043e\u0439 \u043a\u0440\u0430\u0441\u043a\u043e\u0439. \u0421\u0438\u0441\u0442\u0435\u043c\u0430 \u043e\u0441\u043d\u0430\u0449\u0435\u043d\u0430 \u0432\u0441\u0442\u0440\u043e\u0435\u043d\u043d\u043e\u0439 \u0441\u0438\u0441\u0442\u0435\u043c\u043e\u0439 \u043e\u0442\u0432\u043e\u0434\u0430 \u0432\u043e\u0434\u044b. \u0414\u043e\u0441\u0442\u0443\u043f\u043d\u044b\u0435 \u0446\u0432\u0435\u0442\u0430: RAL9016 MATT, RAL 7016 \/ FSM71319, \u0442\u0430\u043a\u0436\u0435 \u043c\u043e\u0436\u043d\u043e \u0437\u0430\u043a\u0430\u0437\u0430\u0442\u044c \u0434\u0440\u0443\u0433\u0438\u0435 \u043d\u0435\u0441\u0442\u0430\u043d\u0434\u0430\u0440\u0442\u043d\u044b\u0435 \u0446\u0432\u0435\u0442\u0430. \u041f\u0435\u0440\u0433\u043e\u043b\u0430 \u043c\u043e\u0436\u0435\u0442 \u0431\u044b\u0442\u044c \u043e\u0442\u0434\u0435\u043b\u044c\u043d\u043e \u0441\u0442\u043e\u044f\u0449\u0435\u0439 \u0438\u043b\u0438 \u043f\u0440\u0438\u043a\u0440\u0435\u043f\u043b\u0435\u043d\u043d\u043e\u0439 \u043a \u0441\u0442\u0435\u043d\u0435. \u0421\u0438\u0441\u0442\u0435\u043c\u0430 \u043c\u043e\u0436\u0435\u0442 \u0431\u044b\u0442\u044c \u043e\u0441\u043d\u0430\u0449\u0435\u043d\u0430 \u0434\u043e\u043f\u043e\u043b\u043d\u0438\u0442\u0435\u043b\u044c\u043d\u044b\u043c \u0441\u0432\u0435\u0442\u043e\u0434\u0438\u043e\u0434\u043d\u044b\u043c \u043e\u0441\u0432\u0435\u0449\u0435\u043d\u0438\u0435\u043c. \u041c\u0430\u043a\u0441\u0438\u043c\u0430\u043b\u044c\u043d\u0430\u044f \u0432\u044b\u0441\u043e\u0442\u0430 \u043f\u043e\u0442\u043e\u043b\u043a\u0430 h max \u2264 2,8 \u043c; \u0432\u044b\u0441\u043e\u0442\u0430 \u043a\u043e\u043d\u0441\u0442\u0440\u0443\u043a\u0446\u0438\u0438 H max \u2264 3,09 \u043c. \u0421\u0442\u0440\u0430\u043d\u0430 \u043f\u0440\u043e\u0438\u0441\u0445\u043e\u0436\u0434\u0435\u043d\u0438\u044f: \u041f\u043e\u043b\u044c\u0448\u0430.<\/p>","protected":false},"excerpt":{"rendered":"<p>Pergola SB500 pasi\u017eymi savo modernum\u0173 ir prakti\u0161kum\u0173. Kar\u0161ta vasaros diena varstomos aliuminin\u0117s lamel\u0117s gali i\u0161gelb\u0117ti Jus nuo tiesiogini\u0173 saul\u0117s spinduli\u0173 ir lietaus. Pulteliu valdomos lamel\u0117s lengvai pasisuka 90 laipsni\u0173 kamp\u0173, kuo pas\u0117koje galite reguliuoti patenkan\u010di\u0173 saul\u0117s spinduli\u0173 kiek\u012f J\u016bs\u0173 pav\u0117sin\u0117je. Automatinis 24V mechanizmas yra pasl\u0117ptas ir apsaugotas nuo lietaus. Pergolas galima naudoti i\u0161tiesus metus, tiek [&hellip;]<\/p>\n","protected":false},"featured_media":19987,"comment_status":"open","ping_status":"closed","template":"","meta":{"_acf_changed":false,"_gspb_post_css":"","_kad_blocks_custom_css":"","_kad_blocks_head_custom_js":"","_kad_blocks_body_custom_js":"","_kad_blocks_footer_custom_js":""},"product_brand":[],"product_cat":[155],"product_tag":[],"class_list":{"0":"post-12853","1":"product","2":"type-product","3":"status-publish","4":"has-post-thumbnail","6":"product_cat-pergola-pavesines","8":"first","9":"instock","10":"sale","11":"taxable","12":"shipping-taxable","13":"purchasable","14":"product-type-variable","15":"has-default-attributes"},"acf":[],"taxonomy_info":{"product_cat":[{"value":155,"label":"Pergola pav\u0117sin\u0117s"}]},"featured_image_src_large":["https:\/\/brevo.lt\/wp-content\/uploads\/2024\/08\/pergola_pavesine_bioclimatic_max.webp",800,600,false],"author_info":[],"comment_info":0,"_links":{"self":[{"href":"https:\/\/brevo.lt\/ru\/wp-json\/wp\/v2\/product\/12853","targetHints":{"allow":["GET"]}}],"collection":[{"href":"https:\/\/brevo.lt\/ru\/wp-json\/wp\/v2\/product"}],"about":[{"href":"https:\/\/brevo.lt\/ru\/wp-json\/wp\/v2\/types\/product"}],"replies":[{"embeddable":true,"href":"https:\/\/brevo.lt\/ru\/wp-json\/wp\/v2\/comments?post=12853"}],"wp:featuredmedia":[{"embeddable":true,"href":"https:\/\/brevo.lt\/ru\/wp-json\/wp\/v2\/media\/19987"}],"wp:attachment":[{"href":"https:\/\/brevo.lt\/ru\/wp-json\/wp\/v2\/media?parent=12853"}],"wp:term":[{"taxonomy":"product_brand","embeddable":true,"href":"https:\/\/brevo.lt\/ru\/wp-json\/wp\/v2\/product_brand?post=12853"},{"taxonomy":"product_cat","embeddable":true,"href":"https:\/\/brevo.lt\/ru\/wp-json\/wp\/v2\/product_cat?post=12853"},{"taxonomy":"product_tag","embeddable":true,"href":"https:\/\/brevo.lt\/ru\/wp-json\/wp\/v2\/product_tag?post=12853"}],"curies":[{"name":"wp","href":"https:\/\/api.w.org\/{rel}","templated":true}]}}