{"id":15243,"date":"2023-05-31T17:04:59","date_gmt":"2023-05-31T17:04:59","guid":{"rendered":"https:\/\/brevo.lt\/?post_type=product&#038;p=15243"},"modified":"2026-04-12T20:55:08","modified_gmt":"2026-04-12T20:55:08","slug":"%d0%bd%d0%b0%d0%b2%d0%b5%d1%81-%d0%b4%d0%bb%d1%8f-%d1%82%d0%b5%d1%80%d1%80%d0%b0%d1%81%d1%8b-palladio","status":"publish","type":"product","link":"https:\/\/brevo.lt\/ru\/produktas\/terasine-markize-palladio\/","title":{"rendered":"\u0422\u0435\u0440\u0440\u0430\u0441\u043d\u0430\u044f \u043c\u0430\u0440\u043a\u0438\u0437\u0430 Palladio"},"content":{"rendered":"<p>\u0414\u0430\u0432\u0430\u0439\u0442\u0435 \u043d\u0430\u0441\u043b\u0430\u0436\u0434\u0430\u0442\u044c\u0441\u044f \u0441\u043e\u043b\u043d\u0446\u0435\u043c, \u043d\u043e \u043d\u0430 \u0441\u0432\u043e\u0438\u0445 \u0443\u0441\u043b\u043e\u0432\u0438\u044f\u0445. \u042d\u0442\u043e \u0432\u043e\u0437\u043c\u043e\u0436\u043d\u043e \u0431\u043b\u0430\u0433\u043e\u0434\u0430\u0440\u044f \u043f\u043e\u043f\u0443\u043b\u044f\u0440\u043d\u043e\u0439 \u0442\u0435\u0440\u0440\u0430\u0441\u043d\u043e\u0439 \u043c\u0430\u0440\u043a\u0438\u0437\u0435 Palladio. \u042d\u0442\u0430 \u043c\u043e\u0434\u0435\u043b\u044c \u0438\u043c\u0435\u0435\u0442 \u043f\u043e\u043b\u0443\u043a\u0430\u0441\u0441\u0435\u0442\u0443, \u043a\u043e\u0442\u043e\u0440\u0430\u044f \u0437\u0430\u0449\u0438\u0449\u0430\u0435\u0442 \u0442\u043a\u0430\u043d\u044c \u043e\u0442 \u043d\u0435\u043f\u043e\u0433\u043e\u0434\u044b \u0438 \u043e\u0431\u0435\u0441\u043f\u0435\u0447\u0438\u0432\u0430\u0435\u0442 \u044d\u0441\u0442\u0435\u0442\u0438\u0447\u043d\u044b\u0439 \u0432\u0438\u0434 \u0444\u0430\u0441\u0430\u0434\u0430 \u0432 \u0437\u0430\u043a\u0440\u044b\u0442\u043e\u043c \u0441\u043e\u0441\u0442\u043e\u044f\u043d\u0438\u0438. \u041a\u043e\u043d\u0441\u0442\u0440\u0443\u043a\u0446\u0438\u044f \u043c\u0430\u0440\u043a\u0438\u0437\u044b \u0438\u0437\u0433\u043e\u0442\u043e\u0432\u043b\u0435\u043d\u0430 \u0438\u0437 \u044d\u043a\u0441\u0442\u0440\u0443\u0434\u0438\u0440\u043e\u0432\u0430\u043d\u043d\u043e\u0433\u043e \u0430\u043b\u044e\u043c\u0438\u043d\u0438\u044f - \u043c\u0430\u0442\u0435\u0440\u0438\u0430\u043b\u0430, \u043e\u0431\u0435\u0441\u043f\u0435\u0447\u0438\u0432\u0430\u044e\u0449\u0435\u0433\u043e \u0435\u0435 \u0443\u0441\u0442\u043e\u0439\u0447\u0438\u0432\u043e\u0441\u0442\u044c \u0438 \u0434\u043e\u043b\u0433\u043e\u0432\u0435\u0447\u043d\u043e\u0441\u0442\u044c. \u041a\u043b\u0438\u0435\u043d\u0442 \u043c\u043e\u0436\u0435\u0442 \u0432\u044b\u0431\u0440\u0430\u0442\u044c \u0440\u0443\u0447\u043d\u043e\u0435 \u0438\u043b\u0438 \u044d\u043b\u0435\u043a\u0442\u0440\u0438\u0447\u0435\u0441\u043a\u043e\u0435 \u0443\u043f\u0440\u0430\u0432\u043b\u0435\u043d\u0438\u0435, \u043e\u0431\u0430 \u0432\u0430\u0440\u0438\u0430\u043d\u0442\u0430 \u043f\u0440\u043e\u0441\u0442\u044b \u0432 \u044d\u043a\u0441\u043f\u043b\u0443\u0430\u0442\u0430\u0446\u0438\u0438 \u0438 \u043f\u043e\u043b\u043d\u043e\u0441\u0442\u044c\u044e \u0430\u0432\u0442\u043e\u043c\u0430\u0442\u0438\u0437\u0438\u0440\u043e\u0432\u0430\u043d\u044b \u0434\u043b\u044f \u043c\u0430\u043a\u0441\u0438\u043c\u0430\u043b\u044c\u043d\u043e\u0433\u043e \u043a\u043e\u043c\u0444\u043e\u0440\u0442\u0430.<\/p>","protected":false},"excerpt":{"rendered":"<p>M\u0117gaukim\u0117s saule, bet savo s\u0105lygomis. Tai \u012fmanoma d\u0117l populiariosios terasos markiz\u0117s &#8220;Palladio&#8221;. \u0160is modelis turi pusiau kaset\u0119, kuri apsaugo audin\u012f nuo oro s\u0105lyg\u0173 ir u\u017etikrina esteti\u0161k\u0105 fasado i\u0161vaizd\u0105 u\u017edarius markiz\u0119. Markiz\u0117s konstrukcija pagaminta i\u0161 ekstruzinio aliuminio, \u0161i med\u017eiaga u\u017etikrina jos stabilum\u0105 ir ilgalaik\u012f patvarum\u0105. Klientas gali rinktis rankin\u0119 arba elektrin\u0119 pavar\u0105 &#8211; abiem variantais valdymas [&hellip;]<\/p>\n","protected":false},"featured_media":19952,"comment_status":"open","ping_status":"closed","template":"","meta":{"_acf_changed":false,"_gspb_post_css":"","_kad_blocks_custom_css":"","_kad_blocks_head_custom_js":"","_kad_blocks_body_custom_js":"","_kad_blocks_footer_custom_js":""},"product_brand":[],"product_cat":[214,373,201,225],"product_tag":[],"class_list":{"0":"post-15243","1":"product","2":"type-product","3":"status-publish","4":"has-post-thumbnail","6":"product_cat-kasetines-markizes-terasai","7":"product_cat-kasetines","8":"product_cat-markizes","9":"product_cat-terasines","11":"first","12":"instock","13":"sale","14":"taxable","15":"shipping-taxable","16":"purchasable","17":"product-type-variable","18":"has-default-attributes"},"acf":[],"taxonomy_info":{"product_cat":[{"value":214,"label":"Kasetin\u0117s markiz\u0117s terasai"},{"value":373,"label":"Kasetin\u0117s markiz\u0117s"},{"value":201,"label":"Markiz\u0117s"},{"value":225,"label":"Terasin\u0117s markiz\u0117s"}]},"featured_image_src_large":["https:\/\/brevo.lt\/wp-content\/uploads\/2024\/07\/terasine_markize_palldio.webp",800,600,false],"author_info":[],"comment_info":0,"_links":{"self":[{"href":"https:\/\/brevo.lt\/ru\/wp-json\/wp\/v2\/product\/15243","targetHints":{"allow":["GET"]}}],"collection":[{"href":"https:\/\/brevo.lt\/ru\/wp-json\/wp\/v2\/product"}],"about":[{"href":"https:\/\/brevo.lt\/ru\/wp-json\/wp\/v2\/types\/product"}],"replies":[{"embeddable":true,"href":"https:\/\/brevo.lt\/ru\/wp-json\/wp\/v2\/comments?post=15243"}],"wp:featuredmedia":[{"embeddable":true,"href":"https:\/\/brevo.lt\/ru\/wp-json\/wp\/v2\/media\/19952"}],"wp:attachment":[{"href":"https:\/\/brevo.lt\/ru\/wp-json\/wp\/v2\/media?parent=15243"}],"wp:term":[{"taxonomy":"product_brand","embeddable":true,"href":"https:\/\/brevo.lt\/ru\/wp-json\/wp\/v2\/product_brand?post=15243"},{"taxonomy":"product_cat","embeddable":true,"href":"https:\/\/brevo.lt\/ru\/wp-json\/wp\/v2\/product_cat?post=15243"},{"taxonomy":"product_tag","embeddable":true,"href":"https:\/\/brevo.lt\/ru\/wp-json\/wp\/v2\/product_tag?post=15243"}],"curies":[{"name":"wp","href":"https:\/\/api.w.org\/{rel}","templated":true}]}}