{"id":15405,"date":"2023-05-31T17:13:52","date_gmt":"2023-05-31T17:13:52","guid":{"rendered":"https:\/\/brevo.lt\/?post_type=product&#038;p=15405"},"modified":"2026-04-12T20:55:17","modified_gmt":"2026-04-12T20:55:17","slug":"%d1%81%d0%be%d0%bd%d0%b8%d0%bd-%d0%bc%d0%b0%d1%80%d0%ba%d0%b8%d0%b7%d0%b0-%d0%b1%d0%be%d1%80%d0%b0","status":"publish","type":"product","link":"https:\/\/brevo.lt\/ru\/produktas\/sonine-markize-bora\/","title":{"rendered":"\u0411\u043e\u043a\u043e\u0432\u043e\u0439 \u0442\u0435\u043d\u0442 Bora"},"content":{"rendered":"<p>\"Bora\" - \u044d\u0442\u043e \u0431\u043e\u043a\u043e\u0432\u0430\u044f \u043c\u0430\u0440\u043a\u0438\u0437\u0430, \u0438\u0441\u043f\u043e\u043b\u044c\u0437\u0443\u0435\u043c\u0430\u044f \u0432 \u043a\u0430\u0447\u0435\u0441\u0442\u0432\u0435 \u043b\u0435\u0433\u043a\u043e\u0433\u043e \u043d\u0430\u0432\u0435\u0441\u0430 \u0434\u043b\u044f \u0442\u0435\u0440\u0440\u0430\u0441 \u0438 \u0434\u0440\u0443\u0433\u0438\u0445 \u043d\u0435\u0441\u0442\u0430\u043d\u0434\u0430\u0440\u0442\u043d\u044b\u0445 \u043f\u043e\u043c\u0435\u0449\u0435\u043d\u0438\u0439. \u0415\u0435 \u043f\u0440\u0435\u0438\u043c\u0443\u0449\u0435\u0441\u0442\u0432\u043e - \u0432\u043e\u0437\u043c\u043e\u0436\u043d\u043e\u0441\u0442\u044c \u0430\u0434\u0430\u043f\u0442\u0430\u0446\u0438\u0438 \u0440\u0430\u0437\u043c\u0435\u0440\u043e\u0432 \u0441\u0438\u0441\u0442\u0435\u043c\u044b \u043a \u0438\u043d\u0434\u0438\u0432\u0438\u0434\u0443\u0430\u043b\u044c\u043d\u044b\u043c \u043f\u043e\u0442\u0440\u0435\u0431\u043d\u043e\u0441\u0442\u044f\u043c \u0438 \u0432\u043e\u0437\u043c\u043e\u0436\u043d\u043e\u0441\u0442\u044c \u043a\u0440\u0435\u043f\u043b\u0435\u043d\u0438\u044f \u043a\u0440\u043e\u043d\u0448\u0442\u0435\u0439\u043d\u0430 Bora \u043a \u0441\u0442\u0435\u043d\u0435 \u0441 \u043f\u043e\u043c\u043e\u0449\u044c\u044e \u043d\u0430\u0441\u0442\u0435\u043d\u043d\u043e\u0433\u043e \u043a\u0440\u043e\u043d\u0448\u0442\u0435\u0439\u043d\u0430 \u0438\u043b\u0438 \u043a \u0437\u0435\u043c\u043b\u0435 \u0441 \u043f\u043e\u043c\u043e\u0449\u044c\u044e \u0448\u0435\u0441\u0442\u0430. \u041a\u043e\u043d\u0441\u0442\u0440\u0443\u043a\u0446\u0438\u044f \u0438\u0437\u0433\u043e\u0442\u043e\u0432\u043b\u0435\u043d\u0430 \u0438\u0437 \u044d\u043a\u0441\u0442\u0440\u0443\u0434\u0438\u0440\u043e\u0432\u0430\u043d\u043d\u043e\u0433\u043e \u0430\u043b\u044e\u043c\u0438\u043d\u0438\u044f, \u0447\u0442\u043e \u043e\u0431\u0435\u0441\u043f\u0435\u0447\u0438\u0432\u0430\u0435\u0442 \u0434\u043e\u043b\u0433\u043e\u0432\u0435\u0447\u043d\u043e\u0441\u0442\u044c \u0438 \u043f\u0440\u043e\u0447\u043d\u043e\u0441\u0442\u044c. \u041f\u043e\u0441\u043b\u0435 \u0442\u043e\u0433\u043e \u043a\u0430\u043a \u0442\u043a\u0430\u043d\u044c \u0437\u0430\u043a\u0440\u044b\u0442\u0430, \u043e\u043d\u0430 \u0437\u0430\u043a\u0440\u0435\u043f\u043b\u044f\u0435\u0442\u0441\u044f \u0432 \u043a\u0430\u0441\u0441\u0435\u0442\u0435, \u0438 \u0432\u0441\u044f \u0441\u0438\u0441\u0442\u0435\u043c\u0430 \u0437\u0430\u043d\u0438\u043c\u0430\u0435\u0442 \u043e\u0447\u0435\u043d\u044c \u043c\u0430\u043b\u043e \u043c\u0435\u0441\u0442\u0430.<\/p>","protected":false},"excerpt":{"rendered":"<p>&#8220;Bora&#8221; &#8211; tai \u0161onin\u0117 markiz\u0117, naudojama kaip lengvas teras\u0173 ir kit\u0173 nestandartini\u0173 erdvi\u0173 u\u017edengimas. Jos privalumas &#8211; galimyb\u0117 pritaikyti sistemos matmenis pagal individualius poreikius ir galimyb\u0117 tvirtinti &#8220;Bora&#8221; ranken\u0105 tiek prie sienos naudojant sienin\u012f laikikl\u012f, tiek prie \u017eem\u0117s naudojant stulpel\u012f. Konstrukcija pagaminta i\u0161 ekstruzinio aliuminio, kuris u\u017etikrina ilgaam\u017ei\u0161kum\u0105 ir atsparum\u0105. U\u017edarius audin\u012f, jis pritvirtinamas kaset\u0117je, [&hellip;]<\/p>\n","protected":false},"featured_media":19964,"comment_status":"open","ping_status":"closed","template":"","meta":{"_acf_changed":false,"_gspb_post_css":"","_kad_blocks_custom_css":"","_kad_blocks_head_custom_js":"","_kad_blocks_body_custom_js":"","_kad_blocks_footer_custom_js":""},"product_brand":[],"product_cat":[212,201],"product_tag":[],"class_list":{"0":"post-15405","1":"product","2":"type-product","3":"status-publish","4":"has-post-thumbnail","6":"product_cat-sonines","7":"product_cat-markizes","9":"first","10":"instock","11":"sale","12":"taxable","13":"shipping-taxable","14":"purchasable","15":"product-type-variable","16":"has-default-attributes"},"acf":[],"taxonomy_info":{"product_cat":[{"value":212,"label":"\u0160onin\u0117s markiz\u0117s"},{"value":201,"label":"Markiz\u0117s"}]},"featured_image_src_large":["https:\/\/brevo.lt\/wp-content\/uploads\/2023\/05\/sonine_markize_bora.webp",800,600,false],"author_info":[],"comment_info":0,"_links":{"self":[{"href":"https:\/\/brevo.lt\/ru\/wp-json\/wp\/v2\/product\/15405","targetHints":{"allow":["GET"]}}],"collection":[{"href":"https:\/\/brevo.lt\/ru\/wp-json\/wp\/v2\/product"}],"about":[{"href":"https:\/\/brevo.lt\/ru\/wp-json\/wp\/v2\/types\/product"}],"replies":[{"embeddable":true,"href":"https:\/\/brevo.lt\/ru\/wp-json\/wp\/v2\/comments?post=15405"}],"wp:featuredmedia":[{"embeddable":true,"href":"https:\/\/brevo.lt\/ru\/wp-json\/wp\/v2\/media\/19964"}],"wp:attachment":[{"href":"https:\/\/brevo.lt\/ru\/wp-json\/wp\/v2\/media?parent=15405"}],"wp:term":[{"taxonomy":"product_brand","embeddable":true,"href":"https:\/\/brevo.lt\/ru\/wp-json\/wp\/v2\/product_brand?post=15405"},{"taxonomy":"product_cat","embeddable":true,"href":"https:\/\/brevo.lt\/ru\/wp-json\/wp\/v2\/product_cat?post=15405"},{"taxonomy":"product_tag","embeddable":true,"href":"https:\/\/brevo.lt\/ru\/wp-json\/wp\/v2\/product_tag?post=15405"}],"curies":[{"name":"wp","href":"https:\/\/api.w.org\/{rel}","templated":true}]}}