{"id":15647,"date":"2023-05-31T23:04:57","date_gmt":"2023-05-31T23:04:57","guid":{"rendered":"https:\/\/brevo.lt\/?post_type=product&#038;p=15647"},"modified":"2026-04-12T20:55:32","modified_gmt":"2026-04-12T20:55:32","slug":"%d1%82%d0%b5%d1%80%d1%80%d0%b0%d1%81%d0%bd%d1%8b%d0%b9-%d0%bd%d0%b0%d0%b2%d0%b5%d1%81-%d0%b0%d0%b2%d1%81%d1%82%d1%80%d0%b0%d0%bb%d0%b8%d1%8f","status":"publish","type":"product","link":"https:\/\/brevo.lt\/ru\/produktas\/terasine-markize-australia\/","title":{"rendered":"\u041d\u0430\u0432\u0435\u0441 \u0434\u043b\u044f \u0442\u0435\u0440\u0440\u0430\u0441\u044b \u0410\u0432\u0441\u0442\u0440\u0430\u043b\u0438\u044f"},"content":{"rendered":"<p>\u0410\u0432\u0441\u0442\u0440\u0430\u043b\u0438\u0439\u0441\u043a\u0430\u044f \u043c\u0430\u0440\u043a\u0438\u0437\u0430 - \u044d\u0442\u043e \u043d\u0435\u043a\u0430\u0441\u0441\u0435\u0442\u043d\u0430\u044f \u0441\u0438\u0441\u0442\u0435\u043c\u0430, \u043e\u0441\u043d\u043e\u0432\u0430\u043d\u043d\u0430\u044f \u043d\u0430 \u043a\u0432\u0430\u0434\u0440\u0430\u0442\u043d\u043e\u0439 \u043d\u0435\u0441\u0443\u0449\u0435\u0439 \u0431\u0430\u043b\u043a\u0435. \u041a\u043e\u043d\u0441\u0442\u0440\u0443\u043a\u0446\u0438\u044f \u043c\u0430\u0440\u043a\u0438\u0437\u044b \u043f\u043e\u0437\u0432\u043e\u043b\u044f\u0435\u0442 \u0443\u0441\u0442\u0430\u043d\u0430\u0432\u043b\u0438\u0432\u0430\u0442\u044c \u0435\u0435 \u0434\u0430\u0436\u0435 \u043d\u0430 \u043d\u0435\u0431\u043e\u043b\u044c\u0448\u043e\u0439 \u043c\u043e\u043d\u0442\u0430\u0436\u043d\u043e\u0439 \u043f\u043e\u0432\u0435\u0440\u0445\u043d\u043e\u0441\u0442\u0438. \u041f\u0440\u0438 \u0431\u043e\u043b\u044c\u0448\u043e\u0439 \u0448\u0438\u0440\u0438\u043d\u0435 \u043c\u0430\u0440\u043a\u0438\u0437\u044b \u0438\u0441\u043f\u043e\u043b\u044c\u0437\u0443\u0435\u0442\u0441\u044f \u0434\u043e\u043f\u043e\u043b\u043d\u0438\u0442\u0435\u043b\u044c\u043d\u043e\u0435 \u0443\u0441\u0438\u043b\u0435\u043d\u0438\u0435 \u0440\u043e\u043b\u0438\u043a\u043e\u0432\u043e\u0439 \u0442\u0440\u0443\u0431\u044b \u0434\u043b\u044f \u043f\u0440\u0435\u0434\u043e\u0442\u0432\u0440\u0430\u0449\u0435\u043d\u0438\u044f \u0434\u0435\u0444\u043e\u0440\u043c\u0430\u0446\u0438\u0438 \u0438 \u043d\u0435\u0440\u0430\u0432\u043d\u043e\u043c\u0435\u0440\u043d\u043e\u0433\u043e \u0432\u0440\u0430\u0449\u0435\u043d\u0438\u044f \u0442\u043a\u0430\u043d\u0438.<br \/>\n\u0412 \u044d\u0442\u043e\u0439 \u0441\u0438\u0441\u0442\u0435\u043c\u0435 \u0442\u0430\u043a\u0436\u0435 \u043c\u043e\u0436\u043d\u043e \u0438\u0441\u043f\u043e\u043b\u044c\u0437\u043e\u0432\u0430\u0442\u044c \u0442\u0435\u043b\u0435\u0441\u043a\u043e\u043f\u0438\u0447\u0435\u0441\u043a\u0438\u0435 \u043e\u043f\u043e\u0440\u044b. \u0420\u0443\u0447\u043a\u0438 \u043e\u0441\u043d\u0430\u0449\u0435\u043d\u044b \u0446\u0435\u043f\u044f\u043c\u0438 Flyer, \u043a\u043e\u0442\u043e\u0440\u044b\u0435 \u043e\u0431\u0435\u0441\u043f\u0435\u0447\u0438\u0432\u0430\u044e\u0442 \u043d\u0430\u0434\u0435\u0436\u043d\u0443\u044e \u0438 \u0431\u0435\u0437\u043e\u043f\u0430\u0441\u043d\u0443\u044e \u0440\u0430\u0431\u043e\u0442\u0443 \u0434\u0430\u0436\u0435 \u043f\u0440\u0438 \u0431\u043e\u043b\u044c\u0448\u0438\u0445 \u0440\u0430\u0437\u043c\u0435\u0440\u0430\u0445 \u043c\u0430\u0440\u043a\u0438\u0437\u044b. \u041c\u0430\u0440\u043a\u0438\u0437\u0430 \u0438\u0437\u0433\u043e\u0442\u043e\u0432\u043b\u0435\u043d\u0430 \u0438\u0437 \u044d\u043a\u0441\u0442\u0440\u0443\u0434\u0438\u0440\u043e\u0432\u0430\u043d\u043d\u043e\u0433\u043e \u0430\u043b\u044e\u043c\u0438\u043d\u0438\u044f, \u0447\u0442\u043e \u0433\u0430\u0440\u0430\u043d\u0442\u0438\u0440\u0443\u0435\u0442 \u0432\u044b\u0441\u043e\u043a\u0443\u044e \u043f\u0440\u043e\u0447\u043d\u043e\u0441\u0442\u044c \u0438 \u0434\u043e\u043b\u0433\u0438\u0439 \u0441\u0440\u043e\u043a \u0441\u043b\u0443\u0436\u0431\u044b.<\/p>","protected":false},"excerpt":{"rendered":"<p>Australijos markiz\u0117 &#8211; tai nekasetin\u0117 sistema, kurios konstrukcijos pagrindas yra atraminis kvadratinis strypas. Markiz\u0117s konstrukcija leid\u017eia j\u0105 montuoti net ant ma\u017eo montavimo pavir\u0161iaus. Esant dideliam markiz\u0117s plo\u010diui, naudojamas papildomas ritininio vamzd\u017eio sutvirtinimas, kad jis nesideformuot\u0173 ir audinys netolygiai nesisukt\u0173. \u0160ioje sistemoje taip pat galima naudoti teleskopines atramas. Rankenos turi &#8220;Flyer&#8221; grandines, kurios u\u017etikrina patikim\u0105 ir [&hellip;]<\/p>\n","protected":false},"featured_media":19946,"comment_status":"open","ping_status":"closed","template":"","meta":{"_acf_changed":false,"_gspb_post_css":"","_kad_blocks_custom_css":"","_kad_blocks_head_custom_js":"","_kad_blocks_body_custom_js":"","_kad_blocks_footer_custom_js":""},"product_brand":[],"product_cat":[204,201,225],"product_tag":[],"class_list":{"0":"post-15647","1":"product","2":"type-product","3":"status-publish","4":"has-post-thumbnail","6":"product_cat-nekasetines-markizes-terasai","7":"product_cat-markizes","8":"product_cat-terasines","10":"first","11":"instock","12":"sale","13":"taxable","14":"shipping-taxable","15":"purchasable","16":"product-type-variable","17":"has-default-attributes"},"acf":[],"taxonomy_info":{"product_cat":[{"value":204,"label":"Nekasetin\u0117s markiz\u0117s terasai"},{"value":201,"label":"Markiz\u0117s"},{"value":225,"label":"Terasin\u0117s markiz\u0117s"}]},"featured_image_src_large":["https:\/\/brevo.lt\/wp-content\/uploads\/2023\/05\/terasine_markize_australia.webp.webp",800,600,false],"author_info":[],"comment_info":1,"_links":{"self":[{"href":"https:\/\/brevo.lt\/ru\/wp-json\/wp\/v2\/product\/15647","targetHints":{"allow":["GET"]}}],"collection":[{"href":"https:\/\/brevo.lt\/ru\/wp-json\/wp\/v2\/product"}],"about":[{"href":"https:\/\/brevo.lt\/ru\/wp-json\/wp\/v2\/types\/product"}],"replies":[{"embeddable":true,"href":"https:\/\/brevo.lt\/ru\/wp-json\/wp\/v2\/comments?post=15647"}],"wp:featuredmedia":[{"embeddable":true,"href":"https:\/\/brevo.lt\/ru\/wp-json\/wp\/v2\/media\/19946"}],"wp:attachment":[{"href":"https:\/\/brevo.lt\/ru\/wp-json\/wp\/v2\/media?parent=15647"}],"wp:term":[{"taxonomy":"product_brand","embeddable":true,"href":"https:\/\/brevo.lt\/ru\/wp-json\/wp\/v2\/product_brand?post=15647"},{"taxonomy":"product_cat","embeddable":true,"href":"https:\/\/brevo.lt\/ru\/wp-json\/wp\/v2\/product_cat?post=15647"},{"taxonomy":"product_tag","embeddable":true,"href":"https:\/\/brevo.lt\/ru\/wp-json\/wp\/v2\/product_tag?post=15647"}],"curies":[{"name":"wp","href":"https:\/\/api.w.org\/{rel}","templated":true}]}}