{"id":15809,"date":"2023-05-31T23:10:07","date_gmt":"2023-05-31T23:10:07","guid":{"rendered":"https:\/\/brevo.lt\/?post_type=product&#038;p=15809"},"modified":"2025-03-03T09:00:46","modified_gmt":"2025-03-03T09:00:46","slug":"%d1%82%d0%b5%d1%80%d1%80%d0%b0%d1%81%d0%bd%d1%8b%d0%b5-%d0%bd%d0%b0%d0%b2%d0%b5%d1%81%d1%8b-%d1%8f%d0%bc%d0%b0%d0%b9%d0%ba%d0%b0","status":"publish","type":"product","link":"https:\/\/brevo.lt\/ru\/produktas\/terasine-markize-jamaica\/","title":{"rendered":"\u0422\u0435\u043d\u0442 \u0434\u043b\u044f \u0442\u0435\u0440\u0440\u0430\u0441\u044b \u042f\u043c\u0430\u0439\u043a\u0430"},"content":{"rendered":"<p>\"\u042f\u043c\u0430\u0439\u043a\u0430\" - \u044d\u0442\u043e \u043d\u0435\u043a\u0430\u0441\u0441\u0435\u0442\u043d\u0430\u044f \u043c\u0430\u0440\u043a\u0438\u0437\u0430, \u043a\u043e\u0442\u043e\u0440\u0443\u044e \u0440\u0435\u043a\u043e\u043c\u0435\u043d\u0434\u0443\u0435\u0442\u0441\u044f \u0438\u0441\u043f\u043e\u043b\u044c\u0437\u043e\u0432\u0430\u0442\u044c \u0434\u043b\u044f \u043f\u043e\u043a\u0440\u044b\u0442\u0438\u044f \u0442\u0435\u0440\u0440\u0430\u0441 \u0440\u0435\u0441\u0442\u043e\u0440\u0430\u043d\u043e\u0432 \u0438\u043b\u0438 \u0441\u0430\u0434\u043e\u0432 \u043a\u0430\u0444\u0435. \u041e\u043d\u0430 \u0442\u0430\u043a\u0436\u0435 \u0438\u0434\u0435\u0430\u043b\u044c\u043d\u043e \u043f\u043e\u0434\u0445\u043e\u0434\u0438\u0442 \u0434\u043b\u044f \u043e\u0431\u0443\u0441\u0442\u0440\u043e\u0439\u0441\u0442\u0432\u0430 \u0437\u043e\u043d\u044b \u043e\u0442\u0434\u044b\u0445\u0430 \u0432 \u0434\u043e\u043c\u0435. \u0415\u0435 \u043f\u0440\u043e\u0447\u043d\u0430\u044f \u043a\u043e\u043d\u0441\u0442\u0440\u0443\u043a\u0446\u0438\u044f \u043e\u0431\u0435\u0441\u043f\u0435\u0447\u0438\u0432\u0430\u0435\u0442 \u0431\u0435\u0441\u043f\u0435\u0440\u0435\u0431\u043e\u0439\u043d\u0443\u044e \u0440\u0430\u0431\u043e\u0442\u0443 \u0434\u0430\u0436\u0435 \u043f\u0440\u0438 \u0438\u043d\u0442\u0435\u043d\u0441\u0438\u0432\u043d\u043e\u0439 \u044d\u043a\u0441\u043f\u043b\u0443\u0430\u0442\u0430\u0446\u0438\u0438. \u0415\u0435 \u0447\u0430\u0441\u0442\u043e \u0432\u044b\u0431\u0438\u0440\u0430\u044e\u0442 \u0434\u043b\u044f \u043a\u043e\u043c\u043c\u0435\u0440\u0447\u0435\u0441\u043a\u043e\u0433\u043e \u0438\u0441\u043f\u043e\u043b\u044c\u0437\u043e\u0432\u0430\u043d\u0438\u044f. \u041c\u0430\u0440\u043a\u0438\u0437\u0430 Jamaica \u043c\u043e\u0436\u0435\u0442 \u0431\u044b\u0442\u044c \u0434\u043e\u043f\u043e\u043b\u043d\u0435\u043d\u0430 \u043f\u0440\u0430\u043a\u0442\u0438\u0447\u043d\u044b\u043c \u0447\u0435\u0445\u043b\u043e\u043c, \u044d\u0441\u0442\u0435\u0442\u0438\u0447\u043d\u043e \u0437\u0430\u043a\u0440\u044b\u0432\u0430\u044e\u0449\u0438\u043c \u0440\u0443\u043b\u043e\u043d\u043d\u0443\u044e \u0442\u043a\u0430\u043d\u044c. \u0410\u043b\u044e\u043c\u0438\u043d\u0438\u0435\u0432\u044b\u0435 \u0441\u043a\u043b\u0430\u0434\u043d\u044b\u0435 \u0440\u044b\u0447\u0430\u0433\u0438 \u043e\u0441\u043d\u0430\u0449\u0435\u043d\u044b \u0446\u0435\u043f\u043d\u043e\u0439 \u0441\u0438\u0441\u0442\u0435\u043c\u043e\u0439 Flyer, \u043a\u043e\u0442\u043e\u0440\u0430\u044f \u0434\u043e\u043f\u043e\u043b\u043d\u0438\u0442\u0435\u043b\u044c\u043d\u043e \u0443\u0441\u0438\u043b\u0438\u0432\u0430\u0435\u0442 \u0448\u0430\u0440\u043d\u0438\u0440\u044b \u043c\u0430\u0440\u043a\u0438\u0437\u044b, \u0433\u0430\u0440\u0430\u043d\u0442\u0438\u0440\u0443\u044f \u0435\u0435 \u043d\u0430\u0434\u0435\u0436\u043d\u0443\u044e \u0440\u0430\u0431\u043e\u0442\u0443 \u0432 \u0442\u0435\u0447\u0435\u043d\u0438\u0435 \u043c\u043d\u043e\u0433\u0438\u0445 \u043b\u0435\u0442. \u0415\u0449\u0435 \u043e\u0434\u043d\u0438\u043c \u043f\u0440\u0435\u0438\u043c\u0443\u0449\u0435\u0441\u0442\u0432\u043e\u043c \u043c\u0430\u0440\u043a\u0438\u0437\u044b \u044f\u0432\u043b\u044f\u0435\u0442\u0441\u044f \u0432\u043e\u0437\u043c\u043e\u0436\u043d\u043e\u0441\u0442\u044c \u0438\u0441\u043f\u043e\u043b\u044c\u0437\u043e\u0432\u0430\u043d\u0438\u044f \u043d\u0430\u0432\u0435\u0441\u0430 Rollo-Volant \u0441 \u043e\u0442\u0434\u0435\u043b\u044c\u043d\u044b\u043c \u0440\u0443\u0447\u043d\u044b\u043c \u043f\u0440\u0438\u0432\u043e\u0434\u043e\u043c.<\/p>","protected":false},"excerpt":{"rendered":"<p>&#8220;Jamaica&#8221; &#8211; tai nekasetinis tentas, rekomenduojamas u\u017edengti restoran\u0173 terasas ar kavini\u0173 sodus. Ji taip pat puikiai tiks kaip poilsio zonos dalis namuose. Jos patvari konstrukcija u\u017etikrina net ir intensyv\u0173 naudojim\u0105 be r\u016bpes\u010di\u0173. Ji da\u017enai pasirenkama komerciniam naudojimui. Jamaikos markiz\u0119 galima papildyti prakti\u0161ku gaubtu, kuris esteti\u0161kai u\u017edengia susukt\u0105 audin\u012f. I\u0161 aliuminio pagamintose sulankstomose rankose \u012frengta &#8220;Flyer&#8221; [&hellip;]<\/p>\n","protected":false},"featured_media":19950,"comment_status":"open","ping_status":"closed","template":"","meta":{"_acf_changed":false,"_gspb_post_css":"","_kad_blocks_custom_css":"","_kad_blocks_head_custom_js":"","_kad_blocks_body_custom_js":"","_kad_blocks_footer_custom_js":""},"product_brand":[],"product_cat":[204,201,225],"product_tag":[],"class_list":{"0":"post-15809","1":"product","2":"type-product","3":"status-publish","4":"has-post-thumbnail","6":"product_cat-nekasetines-markizes-terasai","7":"product_cat-markizes","8":"product_cat-terasines","10":"first","11":"instock","12":"sale","13":"taxable","14":"shipping-taxable","15":"purchasable","16":"product-type-variable","17":"has-default-attributes"},"acf":[],"taxonomy_info":{"product_cat":[{"value":204,"label":"Nekasetin\u0117s markiz\u0117s terasai"},{"value":201,"label":"Markiz\u0117s"},{"value":225,"label":"Terasin\u0117s markiz\u0117s"}]},"featured_image_src_large":["https:\/\/brevo.lt\/wp-content\/uploads\/2024\/07\/terasine_markize_jamaica.webp",800,600,false],"author_info":[],"comment_info":7,"_links":{"self":[{"href":"https:\/\/brevo.lt\/ru\/wp-json\/wp\/v2\/product\/15809","targetHints":{"allow":["GET"]}}],"collection":[{"href":"https:\/\/brevo.lt\/ru\/wp-json\/wp\/v2\/product"}],"about":[{"href":"https:\/\/brevo.lt\/ru\/wp-json\/wp\/v2\/types\/product"}],"replies":[{"embeddable":true,"href":"https:\/\/brevo.lt\/ru\/wp-json\/wp\/v2\/comments?post=15809"}],"wp:featuredmedia":[{"embeddable":true,"href":"https:\/\/brevo.lt\/ru\/wp-json\/wp\/v2\/media\/19950"}],"wp:attachment":[{"href":"https:\/\/brevo.lt\/ru\/wp-json\/wp\/v2\/media?parent=15809"}],"wp:term":[{"taxonomy":"product_brand","embeddable":true,"href":"https:\/\/brevo.lt\/ru\/wp-json\/wp\/v2\/product_brand?post=15809"},{"taxonomy":"product_cat","embeddable":true,"href":"https:\/\/brevo.lt\/ru\/wp-json\/wp\/v2\/product_cat?post=15809"},{"taxonomy":"product_tag","embeddable":true,"href":"https:\/\/brevo.lt\/ru\/wp-json\/wp\/v2\/product_tag?post=15809"}],"curies":[{"name":"wp","href":"https:\/\/api.w.org\/{rel}","templated":true}]}}