{"id":15971,"date":"2023-05-31T23:17:34","date_gmt":"2023-05-31T23:17:34","guid":{"rendered":"https:\/\/brevo.lt\/?post_type=product&#038;p=15971"},"modified":"2026-04-12T20:55:56","modified_gmt":"2026-04-12T20:55:56","slug":"%d0%b1%d0%b0%d0%bb%d0%ba%d0%be%d0%bd%d0%bd%d1%8b%d0%b5-%d0%bc%d0%b0%d1%80%d0%ba%d0%b8%d0%b7%d1%8b-%d0%b8%d1%82%d0%b0%d0%bb%d0%b8%d1%8f","status":"publish","type":"product","link":"https:\/\/brevo.lt\/ru\/produktas\/balkonine-markize-italia\/","title":{"rendered":"\u041c\u0430\u0440\u043a\u0438\u0437\u0430 \u0434\u043b\u044f \u0431\u0430\u043b\u043a\u043e\u043d\u0430 \u0418\u0442\u0430\u043b\u0438\u044f"},"content":{"rendered":"<p>\"Italia\" - \u044d\u0442\u043e \u043c\u0430\u0440\u043a\u0438\u0437\u0430, \u043f\u0440\u0435\u0434\u043d\u0430\u0437\u043d\u0430\u0447\u0435\u043d\u043d\u0430\u044f \u0434\u043b\u044f \u0437\u0430\u043a\u0440\u044b\u0442\u0438\u044f \u043e\u043a\u043e\u043d \u0438 \u043d\u0435\u0431\u043e\u043b\u044c\u0448\u0438\u0445 \u0431\u0430\u043b\u043a\u043e\u043d\u043e\u0432. \u041e\u043d\u0430 \u0438\u0434\u0435\u0430\u043b\u044c\u043d\u043e \u043f\u043e\u0434\u0445\u043e\u0434\u0438\u0442 \u043d\u0435 \u0442\u043e\u043b\u044c\u043a\u043e \u0434\u043b\u044f \u0436\u0438\u043b\u044b\u0445 \u0434\u043e\u043c\u043e\u0432, \u043d\u043e \u0438 \u0434\u043b\u044f \u0433\u043e\u0441\u0442\u0438\u043d\u0438\u0446 \u0438 \u0440\u0435\u0441\u0442\u043e\u0440\u0430\u043d\u043e\u0432. \u0420\u0443\u0447\u043a\u0438 \u043c\u0430\u0440\u043a\u0438\u0437\u044b, \u043a\u043e\u0442\u043e\u0440\u044b\u0435 \u043a\u0440\u0435\u043f\u044f\u0442\u0441\u044f \u043a \u0441\u0442\u0435\u043d\u0435, \u043e\u0441\u043d\u0430\u0449\u0435\u043d\u044b \u0441\u043f\u0435\u0446\u0438\u0430\u043b\u044c\u043d\u043e\u0439 \u043f\u0440\u0443\u0436\u0438\u043d\u043e\u0439, \u043a\u043e\u0442\u043e\u0440\u0430\u044f \u043d\u0430\u0442\u044f\u0433\u0438\u0432\u0430\u0435\u0442 \u0442\u043a\u0430\u043d\u044c \u0438 \u043f\u0440\u0435\u0434\u043e\u0442\u0432\u0440\u0430\u0449\u0430\u0435\u0442 \u043d\u0435\u0436\u0435\u043b\u0430\u0442\u0435\u043b\u044c\u043d\u043e\u0435 \u0441\u043a\u043b\u0430\u0434\u044b\u0432\u0430\u043d\u0438\u0435 \u0440\u0443\u0447\u0435\u043a \u043f\u043e\u0434 \u0434\u0435\u0439\u0441\u0442\u0432\u0438\u0435\u043c \u0432\u0435\u0442\u0440\u0430. Italia \u043c\u043e\u0436\u043d\u043e \u043e\u0442\u043a\u0440\u044b\u0432\u0430\u0442\u044c \u0438 \u0437\u0430\u043a\u0440\u044b\u0432\u0430\u0442\u044c \u0432\u0440\u0443\u0447\u043d\u0443\u044e \u0438\u043b\u0438 \u0441 \u043f\u043e\u043c\u043e\u0449\u044c\u044e \u044d\u043b\u0435\u043a\u0442\u0440\u043e\u043f\u0440\u0438\u0432\u043e\u0434\u0430. \u0428\u0438\u0440\u043e\u043a\u0438\u0439 \u0432\u044b\u0431\u043e\u0440 \u0442\u043a\u0430\u043d\u0435\u0439 \u043f\u043e\u0437\u0432\u043e\u043b\u044f\u0435\u0442 \u043e\u043f\u0442\u0438\u043c\u0430\u043b\u044c\u043d\u043e \u0430\u0434\u0430\u043f\u0442\u0438\u0440\u043e\u0432\u0430\u0442\u044c \u0438\u0445 \u043a \u0441\u0442\u0438\u043b\u044e \u0444\u0430\u0441\u0430\u0434\u0430.<\/p>","protected":false},"excerpt":{"rendered":"<p>&#8220;Italia&#8221; yra markiz\u0117, skirta langams ir nedideliems balkonams u\u017edengti. Ji puikiai tinka ne tik gyvenamuosiuose pastatuose, bet ir vie\u0161bu\u010diuose bei restoranuose. Prie sienos tvirtinamos markiz\u0117s rankenos turi speciali\u0105 spyruokl\u0119, kuri \u012ftempia audin\u012f ir neleid\u017eia nepageidaujamai sulankstyti ranken\u0173 spaud\u017eiant v\u0117jui. Markiz\u0119 Italia galima atidaryti ir u\u017edaryti rankiniu b\u016bdu arba naudojant elektrin\u0119 pavar\u0105. Platus audini\u0173 pasirinkimas leid\u017eia [&hellip;]<\/p>\n","protected":false},"featured_media":20052,"comment_status":"open","ping_status":"closed","template":"","meta":{"_acf_changed":false,"_gspb_post_css":"","_kad_blocks_custom_css":"","_kad_blocks_head_custom_js":"","_kad_blocks_body_custom_js":"","_kad_blocks_footer_custom_js":""},"product_brand":[],"product_cat":[209,224,201],"product_tag":[],"class_list":{"0":"post-15971","1":"product","2":"type-product","3":"status-publish","4":"has-post-thumbnail","6":"product_cat-nekasetines-markizes-balkonui","7":"product_cat-balkonines","8":"product_cat-markizes","10":"first","11":"instock","12":"sale","13":"taxable","14":"shipping-taxable","15":"purchasable","16":"product-type-variable","17":"has-default-attributes"},"acf":[],"taxonomy_info":{"product_cat":[{"value":209,"label":"Nekasetin\u0117s markiz\u0117s balkonui"},{"value":224,"label":"Balkonin\u0117s markiz\u0117s"},{"value":201,"label":"Markiz\u0117s"}]},"featured_image_src_large":["https:\/\/brevo.lt\/wp-content\/uploads\/2023\/05\/balkonine_markize_italia.webp",800,600,false],"author_info":[],"comment_info":1,"_links":{"self":[{"href":"https:\/\/brevo.lt\/ru\/wp-json\/wp\/v2\/product\/15971","targetHints":{"allow":["GET"]}}],"collection":[{"href":"https:\/\/brevo.lt\/ru\/wp-json\/wp\/v2\/product"}],"about":[{"href":"https:\/\/brevo.lt\/ru\/wp-json\/wp\/v2\/types\/product"}],"replies":[{"embeddable":true,"href":"https:\/\/brevo.lt\/ru\/wp-json\/wp\/v2\/comments?post=15971"}],"wp:featuredmedia":[{"embeddable":true,"href":"https:\/\/brevo.lt\/ru\/wp-json\/wp\/v2\/media\/20052"}],"wp:attachment":[{"href":"https:\/\/brevo.lt\/ru\/wp-json\/wp\/v2\/media?parent=15971"}],"wp:term":[{"taxonomy":"product_brand","embeddable":true,"href":"https:\/\/brevo.lt\/ru\/wp-json\/wp\/v2\/product_brand?post=15971"},{"taxonomy":"product_cat","embeddable":true,"href":"https:\/\/brevo.lt\/ru\/wp-json\/wp\/v2\/product_cat?post=15971"},{"taxonomy":"product_tag","embeddable":true,"href":"https:\/\/brevo.lt\/ru\/wp-json\/wp\/v2\/product_tag?post=15971"}],"curies":[{"name":"wp","href":"https:\/\/api.w.org\/{rel}","templated":true}]}}